{"id":1960,"date":"2020-10-09T15:05:15","date_gmt":"2020-10-09T15:05:15","guid":{"rendered":"https:\/\/stage.arialoil.com\/product\/arial-4t-racing-sae-5w-40\/"},"modified":"2021-05-19T08:42:57","modified_gmt":"2021-05-19T08:42:57","slug":"arial-4t-racing-sae-5w-40","status":"publish","type":"product","link":"https:\/\/www.arialoil.com\/de\/product\/arial-4t-racing-sae-5w-40\/","title":{"rendered":"ARIAL 4T Racing SAE 5W-40"},"content":{"rendered":"<p>Eine spezielle voll synthetischer Viertaktmotorfahrrad\u00f6l f\u00fcr den Einsatz bei sehr niedrigen Temperaturen. Dieses Produkt ist speziell entwickelt worden f\u00fcr den Einsatz bei arktischen Bedingungen. Dieses Produkt ist basiert auf einer speziellen Kombination von synthetischen Grund\u00f6len, Ester und advanced additiven. Dieses Motoren\u00f6l hat durch die Zusammensetzung eine hohe Best\u00e4ndigkeit gegen\u00fcber Oxydation und Viskosit\u00e4t Verlust bei hoher Belastung und sorgt f\u00fcr ein gutes Flie\u00dfverhalten bei niedrigen Temperaturen. Dieses Motoren\u00f6l verf\u00fcgt \u00fcber die folgenden typischen Eigenschaften:<br \/>\n&#8211; sehr wenig Tendenz zu Verdampfen<br \/>\n&#8211; sehr stabiles und ausgezeichnetes Viskosit\u00e4t Verhalten<br \/>\n&#8211; eine gute Scherstabilit\u00e4t<br \/>\n&#8211; eine hohe Alterungsbest\u00e4ndigkeit<br \/>\n&#8211; eine sichere Schmierung \u00fcber einen gro\u00dfen Temperaturbereich<br \/>\n&#8211; sehr gute Reinigungswirkung und dispergierende Eigenschaften<br \/>\n&#8211; weitgehender Schutz vor Verschlei\u00df, Korrosion und Schaumbildung<\/p>\n<p><strong>Anwendung:<\/strong><br \/>\nEin voll synthetisches Motoren\u00f6l f\u00fcr die moderne Viertaktmotorfahrr\u00e4der unter Rennbedingungen bei niedrigen Temperaturen. Dieses \u00d6l hat schon lange seine Qualit\u00e4t in Motorentesten und unter den extremsten Bedingungen, bei niedrigen Temperaturen, bew\u00e4hrt.<\/p>\n<p><strong>Leistungsbereich:<\/strong><br \/>\nAPI SL<br \/>\nJASO MA2<\/p>\n<p><strong>Typische Standardanalysen: <\/strong><br \/>\nDensity at 15 \u00b0C, kg\/l: 0,860<br \/>\nViscosity -35 \u00b0C, mPa.s: 7180<br \/>\nViscosity -30 \u00b0C, mPa.s: 4210<br \/>\nViscosity 40 \u00b0C, mm\u00b2\/s: 80,30<br \/>\nViscosity 100 \u00b0C, mm\u00b2\/s: 13,80<br \/>\nViscosity Index: 177<br \/>\nFlash Point COC, \u00b0C: 220<br \/>\nPour Point, \u00b0C: -51<\/p>\n<p><strong>Verpackung:<\/strong><\/p>\n\n<table id=\"tablepress-PackagingTab1560208ENG\" class=\"tablepress tablepress-id-PackagingTab1560208ENG tbody-has-connected-cells\">\n<thead>\n<tr class=\"row-1\">\n\t<th class=\"column-1\">litres<\/th><th class=\"column-2\">packing<\/th><th class=\"column-3\">per box<\/th><th class=\"column-4\">per pallet<\/th>\n<\/tr>\n<\/thead>\n<tbody class=\"row-striping row-hover\">\n<tr class=\"row-2\">\n\t<td class=\"column-1\">1<\/td><td class=\"column-2\">canister<\/td><td class=\"column-3\">12<\/td><td class=\"column-4\">*600<\/td>\n<\/tr>\n<tr class=\"row-3\">\n\t<td class=\"column-1\">5<\/td><td class=\"column-2\">canister<\/td><td class=\"column-3\">4<\/td><td class=\"column-4\">*120<\/td>\n<\/tr>\n<tr class=\"row-4\">\n\t<td class=\"column-1\">60<\/td><td class=\"column-2\">barrel<\/td><td class=\"column-3\">-<\/td><td class=\"column-4\">9<\/td>\n<\/tr>\n<tr class=\"row-5\">\n\t<td class=\"column-1\">208<\/td><td class=\"column-2\">barrel<\/td><td class=\"column-3\">-<\/td><td class=\"column-4\">4<\/td>\n<\/tr>\n<tr class=\"row-6\">\n\t<td class=\"column-1\"> 1000<\/td><td class=\"column-2\">pallet tank<\/td><td class=\"column-3\">-<\/td><td class=\"column-4\">1<\/td>\n<\/tr>\n<tr class=\"row-7\">\n\t<td colspan=\"4\" class=\"column-1\">*CP pallet size 114 x 114 cm. The number of boxes on a pallet may vary depending on the order.<\/td>\n<\/tr>\n<\/tbody>\n<\/table>\n<!-- #tablepress-PackagingTab1560208ENG from cache -->\n","protected":false},"excerpt":{"rendered":"<p><img decoding=\"async\" class=\"alignnone size-full wp-image-1395 lazyload\" data-src=\"https:\/\/www.arialoil.com\/wp-content\/uploads\/2020\/10\/moto-arial.png\" alt=\"\" width=\"74\" height=\"35\" src=\"data:image\/svg+xml;base64,PHN2ZyB3aWR0aD0iMSIgaGVpZ2h0PSIxIiB4bWxucz0iaHR0cDovL3d3dy53My5vcmcvMjAwMC9zdmciPjwvc3ZnPg==\" style=\"--smush-placeholder-width: 74px; --smush-placeholder-aspect-ratio: 74\/35;\" \/><br \/>\nEin voll synthetisches Motoren\u00f6l f\u00fcr die moderne Viertaktmotorfahrr\u00e4der unter Rennbedingungen bei niedrigen Temperaturen. Dieses \u00d6l hat schon lange seine Qualit\u00e4t in Motorentesten und unter den extremsten Bedingungen, bei niedrigen Temperaturen, bew\u00e4hrt.<\/p>\n","protected":false},"featured_media":0,"comment_status":"open","ping_status":"closed","template":"","meta":[],"product_brand":[],"product_cat":[147,132],"product_tag":[153,348],"class_list":{"0":"post-1960","1":"product","2":"type-product","3":"status-publish","5":"product_cat-4-takt-motorenole","6":"product_cat-rennsportmotorenole","7":"product_tag-rennsportmotorenole","8":"product_tag-sae-5w-40-de","10":"first","11":"instock","12":"taxable","13":"shipping-taxable","14":"product-type-simple"},"yoast_head":"<!-- This site is optimized with the Yoast SEO plugin v27.3 - https:\/\/yoast.com\/product\/yoast-seo-wordpress\/ -->\n<title>ARIAL 4T Racing SAE 5W-40 - ARIAL OIL<\/title>\n<meta name=\"description\" content=\"Ein voll synthetisches Motoren\u00f6l f\u00fcr die moderne Viertaktmotorfahrr\u00e4der unter Rennbedingungen bei niedrigen Temperaturen. Dieses \u00d6l hat schon lange seine Qualit\u00e4t in Motorentesten und unter den extremsten Bedingungen, bei niedrigen Temperaturen, bew\u00e4hrt.\" \/>\n<meta name=\"robots\" content=\"index, follow, max-snippet:-1, max-image-preview:large, max-video-preview:-1\" \/>\n<link rel=\"canonical\" href=\"https:\/\/www.arialoil.com\/de\/product\/arial-4t-racing-sae-5w-40\/\" \/>\n<meta property=\"og:locale\" content=\"de_DE\" \/>\n<meta property=\"og:type\" content=\"article\" \/>\n<meta property=\"og:title\" content=\"ARIAL 4T Racing SAE 5W-40 - ARIAL OIL\" \/>\n<meta property=\"og:description\" content=\"Ein voll synthetisches Motoren\u00f6l f\u00fcr die moderne Viertaktmotorfahrr\u00e4der unter Rennbedingungen bei niedrigen Temperaturen. Dieses \u00d6l hat schon lange seine Qualit\u00e4t in Motorentesten und unter den extremsten Bedingungen, bei niedrigen Temperaturen, bew\u00e4hrt.\" \/>\n<meta property=\"og:url\" content=\"https:\/\/www.arialoil.com\/de\/product\/arial-4t-racing-sae-5w-40\/\" \/>\n<meta property=\"og:site_name\" content=\"ARIAL OIL\" \/>\n<meta property=\"article:publisher\" content=\"https:\/\/www.facebook.com\/ArialOil\" \/>\n<meta property=\"article:modified_time\" content=\"2021-05-19T08:42:57+00:00\" \/>\n<meta property=\"og:image\" content=\"https:\/\/www.arialoil.com\/wp-content\/uploads\/2020\/11\/4T-Racing-5W-40-1L-scaled.jpg\" \/>\n\t<meta property=\"og:image:width\" content=\"2560\" \/>\n\t<meta property=\"og:image:height\" content=\"2560\" \/>\n\t<meta property=\"og:image:type\" content=\"image\/jpeg\" \/>\n<meta name=\"twitter:card\" content=\"summary_large_image\" \/>\n<meta name=\"twitter:site\" content=\"@ArialOil\" \/>\n<meta name=\"twitter:label1\" content=\"Gesch\u00e4tzte Lesezeit\" \/>\n\t<meta name=\"twitter:data1\" content=\"1\u00a0Minute\" \/>\n<script type=\"application\/ld+json\" class=\"yoast-schema-graph\">{\"@context\":\"https:\\\/\\\/schema.org\",\"@graph\":[{\"@type\":\"WebPage\",\"@id\":\"https:\\\/\\\/www.arialoil.com\\\/de\\\/product\\\/arial-4t-racing-sae-5w-40\\\/\",\"url\":\"https:\\\/\\\/www.arialoil.com\\\/de\\\/product\\\/arial-4t-racing-sae-5w-40\\\/\",\"name\":\"ARIAL 4T Racing SAE 5W-40 - ARIAL OIL\",\"isPartOf\":{\"@id\":\"https:\\\/\\\/www.arialoil.com\\\/#website\"},\"datePublished\":\"2020-10-09T15:05:15+00:00\",\"dateModified\":\"2021-05-19T08:42:57+00:00\",\"description\":\"Ein voll synthetisches Motoren\u00f6l f\u00fcr die moderne Viertaktmotorfahrr\u00e4der unter Rennbedingungen bei niedrigen Temperaturen. Dieses \u00d6l hat schon lange seine Qualit\u00e4t in Motorentesten und unter den extremsten Bedingungen, bei niedrigen Temperaturen, bew\u00e4hrt.\",\"breadcrumb\":{\"@id\":\"https:\\\/\\\/www.arialoil.com\\\/de\\\/product\\\/arial-4t-racing-sae-5w-40\\\/#breadcrumb\"},\"inLanguage\":\"de\",\"potentialAction\":[{\"@type\":\"ReadAction\",\"target\":[\"https:\\\/\\\/www.arialoil.com\\\/de\\\/product\\\/arial-4t-racing-sae-5w-40\\\/\"]}]},{\"@type\":\"BreadcrumbList\",\"@id\":\"https:\\\/\\\/www.arialoil.com\\\/de\\\/product\\\/arial-4t-racing-sae-5w-40\\\/#breadcrumb\",\"itemListElement\":[{\"@type\":\"ListItem\",\"position\":1,\"name\":\"Home\",\"item\":\"https:\\\/\\\/www.arialoil.com\\\/de\\\/\"},{\"@type\":\"ListItem\",\"position\":2,\"name\":\"Products\",\"item\":\"https:\\\/\\\/www.arialoil.com\\\/shop\\\/\"},{\"@type\":\"ListItem\",\"position\":3,\"name\":\"ARIAL 4T Racing SAE 5W-40\"}]},{\"@type\":\"WebSite\",\"@id\":\"https:\\\/\\\/www.arialoil.com\\\/#website\",\"url\":\"https:\\\/\\\/www.arialoil.com\\\/\",\"name\":\"ARIAL OIL\",\"description\":\"Motor Oil from Germany\",\"publisher\":{\"@id\":\"https:\\\/\\\/www.arialoil.com\\\/#organization\"},\"potentialAction\":[{\"@type\":\"SearchAction\",\"target\":{\"@type\":\"EntryPoint\",\"urlTemplate\":\"https:\\\/\\\/www.arialoil.com\\\/?s={search_term_string}\"},\"query-input\":{\"@type\":\"PropertyValueSpecification\",\"valueRequired\":true,\"valueName\":\"search_term_string\"}}],\"inLanguage\":\"de\"},{\"@type\":\"Organization\",\"@id\":\"https:\\\/\\\/www.arialoil.com\\\/#organization\",\"name\":\"ARIAL OIL\",\"url\":\"https:\\\/\\\/www.arialoil.com\\\/\",\"logo\":{\"@type\":\"ImageObject\",\"inLanguage\":\"de\",\"@id\":\"https:\\\/\\\/www.arialoil.com\\\/#\\\/schema\\\/logo\\\/image\\\/\",\"url\":\"https:\\\/\\\/www.arialoil.com\\\/wp-content\\\/uploads\\\/2020\\\/11\\\/ARIAL-OIL-LOGO.jpg\",\"contentUrl\":\"https:\\\/\\\/www.arialoil.com\\\/wp-content\\\/uploads\\\/2020\\\/11\\\/ARIAL-OIL-LOGO.jpg\",\"width\":500,\"height\":500,\"caption\":\"ARIAL OIL\"},\"image\":{\"@id\":\"https:\\\/\\\/www.arialoil.com\\\/#\\\/schema\\\/logo\\\/image\\\/\"},\"sameAs\":[\"https:\\\/\\\/www.facebook.com\\\/ArialOil\",\"https:\\\/\\\/x.com\\\/ArialOil\",\"https:\\\/\\\/www.linkedin.com\\\/company\\\/arialoil\",\"https:\\\/\\\/www.youtube.com\\\/channel\\\/UCQ6UBUTmZZfS6bpGoWFDOEQ\"]}]}<\/script>\n<!-- \/ Yoast SEO plugin. -->","yoast_head_json":{"title":"ARIAL 4T Racing SAE 5W-40 - ARIAL OIL","description":"Ein voll synthetisches Motoren\u00f6l f\u00fcr die moderne Viertaktmotorfahrr\u00e4der unter Rennbedingungen bei niedrigen Temperaturen. Dieses \u00d6l hat schon lange seine Qualit\u00e4t in Motorentesten und unter den extremsten Bedingungen, bei niedrigen Temperaturen, bew\u00e4hrt.","robots":{"index":"index","follow":"follow","max-snippet":"max-snippet:-1","max-image-preview":"max-image-preview:large","max-video-preview":"max-video-preview:-1"},"canonical":"https:\/\/www.arialoil.com\/de\/product\/arial-4t-racing-sae-5w-40\/","og_locale":"de_DE","og_type":"article","og_title":"ARIAL 4T Racing SAE 5W-40 - ARIAL OIL","og_description":"Ein voll synthetisches Motoren\u00f6l f\u00fcr die moderne Viertaktmotorfahrr\u00e4der unter Rennbedingungen bei niedrigen Temperaturen. Dieses \u00d6l hat schon lange seine Qualit\u00e4t in Motorentesten und unter den extremsten Bedingungen, bei niedrigen Temperaturen, bew\u00e4hrt.","og_url":"https:\/\/www.arialoil.com\/de\/product\/arial-4t-racing-sae-5w-40\/","og_site_name":"ARIAL OIL","article_publisher":"https:\/\/www.facebook.com\/ArialOil","article_modified_time":"2021-05-19T08:42:57+00:00","og_image":[{"width":2560,"height":2560,"url":"https:\/\/www.arialoil.com\/wp-content\/uploads\/2020\/11\/4T-Racing-5W-40-1L-scaled.jpg","type":"image\/jpeg"}],"twitter_card":"summary_large_image","twitter_site":"@ArialOil","twitter_misc":{"Gesch\u00e4tzte Lesezeit":"1\u00a0Minute"},"schema":{"@context":"https:\/\/schema.org","@graph":[{"@type":"WebPage","@id":"https:\/\/www.arialoil.com\/de\/product\/arial-4t-racing-sae-5w-40\/","url":"https:\/\/www.arialoil.com\/de\/product\/arial-4t-racing-sae-5w-40\/","name":"ARIAL 4T Racing SAE 5W-40 - ARIAL OIL","isPartOf":{"@id":"https:\/\/www.arialoil.com\/#website"},"datePublished":"2020-10-09T15:05:15+00:00","dateModified":"2021-05-19T08:42:57+00:00","description":"Ein voll synthetisches Motoren\u00f6l f\u00fcr die moderne Viertaktmotorfahrr\u00e4der unter Rennbedingungen bei niedrigen Temperaturen. Dieses \u00d6l hat schon lange seine Qualit\u00e4t in Motorentesten und unter den extremsten Bedingungen, bei niedrigen Temperaturen, bew\u00e4hrt.","breadcrumb":{"@id":"https:\/\/www.arialoil.com\/de\/product\/arial-4t-racing-sae-5w-40\/#breadcrumb"},"inLanguage":"de","potentialAction":[{"@type":"ReadAction","target":["https:\/\/www.arialoil.com\/de\/product\/arial-4t-racing-sae-5w-40\/"]}]},{"@type":"BreadcrumbList","@id":"https:\/\/www.arialoil.com\/de\/product\/arial-4t-racing-sae-5w-40\/#breadcrumb","itemListElement":[{"@type":"ListItem","position":1,"name":"Home","item":"https:\/\/www.arialoil.com\/de\/"},{"@type":"ListItem","position":2,"name":"Products","item":"https:\/\/www.arialoil.com\/shop\/"},{"@type":"ListItem","position":3,"name":"ARIAL 4T Racing SAE 5W-40"}]},{"@type":"WebSite","@id":"https:\/\/www.arialoil.com\/#website","url":"https:\/\/www.arialoil.com\/","name":"ARIAL OIL","description":"Motor Oil from Germany","publisher":{"@id":"https:\/\/www.arialoil.com\/#organization"},"potentialAction":[{"@type":"SearchAction","target":{"@type":"EntryPoint","urlTemplate":"https:\/\/www.arialoil.com\/?s={search_term_string}"},"query-input":{"@type":"PropertyValueSpecification","valueRequired":true,"valueName":"search_term_string"}}],"inLanguage":"de"},{"@type":"Organization","@id":"https:\/\/www.arialoil.com\/#organization","name":"ARIAL OIL","url":"https:\/\/www.arialoil.com\/","logo":{"@type":"ImageObject","inLanguage":"de","@id":"https:\/\/www.arialoil.com\/#\/schema\/logo\/image\/","url":"https:\/\/www.arialoil.com\/wp-content\/uploads\/2020\/11\/ARIAL-OIL-LOGO.jpg","contentUrl":"https:\/\/www.arialoil.com\/wp-content\/uploads\/2020\/11\/ARIAL-OIL-LOGO.jpg","width":500,"height":500,"caption":"ARIAL OIL"},"image":{"@id":"https:\/\/www.arialoil.com\/#\/schema\/logo\/image\/"},"sameAs":["https:\/\/www.facebook.com\/ArialOil","https:\/\/x.com\/ArialOil","https:\/\/www.linkedin.com\/company\/arialoil","https:\/\/www.youtube.com\/channel\/UCQ6UBUTmZZfS6bpGoWFDOEQ"]}]}},"_links":{"self":[{"href":"https:\/\/www.arialoil.com\/de\/wp-json\/wp\/v2\/product\/1960","targetHints":{"allow":["GET"]}}],"collection":[{"href":"https:\/\/www.arialoil.com\/de\/wp-json\/wp\/v2\/product"}],"about":[{"href":"https:\/\/www.arialoil.com\/de\/wp-json\/wp\/v2\/types\/product"}],"replies":[{"embeddable":true,"href":"https:\/\/www.arialoil.com\/de\/wp-json\/wp\/v2\/comments?post=1960"}],"wp:attachment":[{"href":"https:\/\/www.arialoil.com\/de\/wp-json\/wp\/v2\/media?parent=1960"}],"wp:term":[{"taxonomy":"product_brand","embeddable":true,"href":"https:\/\/www.arialoil.com\/de\/wp-json\/wp\/v2\/product_brand?post=1960"},{"taxonomy":"product_cat","embeddable":true,"href":"https:\/\/www.arialoil.com\/de\/wp-json\/wp\/v2\/product_cat?post=1960"},{"taxonomy":"product_tag","embeddable":true,"href":"https:\/\/www.arialoil.com\/de\/wp-json\/wp\/v2\/product_tag?post=1960"}],"curies":[{"name":"wp","href":"https:\/\/api.w.org\/{rel}","templated":true}]}}