{"id":1958,"date":"2020-10-09T15:00:54","date_gmt":"2020-10-09T15:00:54","guid":{"rendered":"https:\/\/stage.arialoil.com\/product\/arial-2t-racing\/"},"modified":"2021-05-19T08:40:48","modified_gmt":"2021-05-19T08:40:48","slug":"arial-2t-racing","status":"publish","type":"product","link":"https:\/\/www.arialoil.com\/de\/product\/arial-2t-racing\/","title":{"rendered":"ARIAL 2T Racing"},"content":{"rendered":"<p>Ein sehr hochwertiges Zweitaktmotoren\u00f6l basiert auf sehr guten synthetischen Grund\u00f6len (Ester), versetzt mit au\u00dferordentlich wirksamen Zeittakt Additiven. Die gelungene Kombination ergibt folgende Eigenschaften:<br \/>\n&#8211; einwandfreie Schmierung aller Motorenteile<br \/>\n&#8211; starke Reinigungswirkung, die Verbrennungsr\u00e4ume, sowie Ein- und Auslass Kan\u00e4le weitestgehend von Verbrennungsr\u00fcckst\u00e4nden und Ablagerungen freih\u00e4lt<br \/>\n&#8211; Z\u00fcndkerzen bleiben sauber und sorgen damit f\u00fcr optimale Leistung der Motoren<br \/>\n&#8211; sehr hoher Verschlei\u00df- und Korrosionsschutz<br \/>\n&#8211; geringe Abgasbelastung durch gute Verbrennung<br \/>\n&#8211; selbstmischend<\/p>\n<p><strong>Anwendung: <\/strong><br \/>\nDieses selbstmischendes Zeitakt\u00f6l ist besonders f\u00fcr die Schmierung luftgek\u00fchlter Zeittakt Motoren mit sehr hohen Drehzahlen und\/oder schwerer bis schwerster Belastung konzipiert und ist Spezial geeignet f\u00fcr Anwendung in Kart- und Racing Motoren.<\/p>\n<p><strong>Leistungsbereich:<\/strong><br \/>\nAPI TC<br \/>\nJASO FD<br \/>\nHusqvarna<br \/>\nISO-L-EGD<br \/>\nPiaggio Hexagon<\/p>\n<p><strong>Typische Standardanalysen: <\/strong><br \/>\nDensity at 15 \u00b0C, kg\/l: 0,880<br \/>\nViscosity 40 \u00b0C, mm\u00b2\/s: 44,00<br \/>\nViscosity 100 \u00b0C, mm\u00b2\/s: 8,80<br \/>\nViscosity Index: 185<br \/>\nFlash Point PM, \u00b0C: 78<br \/>\nPour Point, \u00b0C: -48<br \/>\nTotal Base Number, mgKOH\/g: 6,6<br \/>\nSulphate Ash, %: 0,26<\/p>\n<p><strong>Verpackung:<\/strong><\/p>\n\n<table id=\"tablepress-PackagingTabENGall\" class=\"tablepress tablepress-id-PackagingTabENGall tbody-has-connected-cells\">\n<thead>\n<tr class=\"row-1\">\n\t<th class=\"column-1\">litres<\/th><th class=\"column-2\">packing<\/th><th class=\"column-3\">per box<\/th><th class=\"column-4\">per pallet<\/th>\n<\/tr>\n<\/thead>\n<tbody class=\"row-striping row-hover\">\n<tr class=\"row-2\">\n\t<td class=\"column-1\">1<\/td><td class=\"column-2\">canister<\/td><td class=\"column-3\">12<\/td><td class=\"column-4\">*600<\/td>\n<\/tr>\n<tr class=\"row-3\">\n\t<td class=\"column-1\">5<\/td><td class=\"column-2\">canister<\/td><td class=\"column-3\">4<\/td><td class=\"column-4\">*120<\/td>\n<\/tr>\n<tr class=\"row-4\">\n\t<td class=\"column-1\">20<\/td><td class=\"column-2\">canister<\/td><td class=\"column-3\">-<\/td><td class=\"column-4\">24<\/td>\n<\/tr>\n<tr class=\"row-5\">\n\t<td class=\"column-1\">60<\/td><td class=\"column-2\">barrel<\/td><td class=\"column-3\">-<\/td><td class=\"column-4\">9<\/td>\n<\/tr>\n<tr class=\"row-6\">\n\t<td class=\"column-1\">208<\/td><td class=\"column-2\">barrel<\/td><td class=\"column-3\">-<\/td><td class=\"column-4\">4<\/td>\n<\/tr>\n<tr class=\"row-7\">\n\t<td class=\"column-1\"> 1000<\/td><td class=\"column-2\">pallet tank<\/td><td class=\"column-3\">-<\/td><td class=\"column-4\">1<\/td>\n<\/tr>\n<tr class=\"row-8\">\n\t<td colspan=\"4\" class=\"column-1\">*CP pallet size 114 x 114 cm. The number of boxes on a pallet may vary depending on the order.<\/td>\n<\/tr>\n<\/tbody>\n<\/table>\n<!-- #tablepress-PackagingTabENGall from cache -->\n","protected":false},"excerpt":{"rendered":"<p><img decoding=\"async\" class=\"alignnone size-full wp-image-1390 lazyload\" data-src=\"https:\/\/www.arialoil.com\/wp-content\/uploads\/2020\/10\/karting-arial.png\" alt=\"\" width=\"75\" height=\"35\" src=\"data:image\/svg+xml;base64,PHN2ZyB3aWR0aD0iMSIgaGVpZ2h0PSIxIiB4bWxucz0iaHR0cDovL3d3dy53My5vcmcvMjAwMC9zdmciPjwvc3ZnPg==\" style=\"--smush-placeholder-width: 75px; --smush-placeholder-aspect-ratio: 75\/35;\" \/><br \/>\nDieses selbstmischendes Zeitakt\u00f6l ist besonders f\u00fcr die Schmierung luftgek\u00fchlter Zeittakt Motoren mit sehr hohen Drehzahlen und\/oder schwerer bis schwerster Belastung konzipiert und ist Spezial geeignet f\u00fcr Anwendung in Kart- und Racing Motoren.<\/p>\n","protected":false},"featured_media":0,"comment_status":"open","ping_status":"closed","template":"","meta":[],"product_brand":[],"product_cat":[132],"product_tag":[153],"class_list":{"0":"post-1958","1":"product","2":"type-product","3":"status-publish","5":"product_cat-rennsportmotorenole","6":"product_tag-rennsportmotorenole","8":"first","9":"instock","10":"taxable","11":"shipping-taxable","12":"product-type-simple"},"yoast_head":"<!-- This site is optimized with the Yoast SEO plugin v27.3 - https:\/\/yoast.com\/product\/yoast-seo-wordpress\/ -->\n<title>ARIAL 2T Racing - ARIAL OIL<\/title>\n<meta name=\"description\" content=\"Dieses selbstmischendes Zeitakt\u00f6l ist besonders f\u00fcr die Schmierung luftgek\u00fchlter Zeittakt Motoren mit sehr hohen Drehzahlen und\/oder schwerer bis schwerster Belastung konzipiert und ist Spezial geeignet f\u00fcr Anwendung in Kart- und Racing Motoren.\" \/>\n<meta name=\"robots\" content=\"index, follow, max-snippet:-1, max-image-preview:large, max-video-preview:-1\" \/>\n<link rel=\"canonical\" href=\"https:\/\/www.arialoil.com\/de\/product\/arial-2t-racing\/\" \/>\n<meta property=\"og:locale\" content=\"de_DE\" \/>\n<meta property=\"og:type\" content=\"article\" \/>\n<meta property=\"og:title\" content=\"ARIAL 2T Racing - ARIAL OIL\" \/>\n<meta property=\"og:description\" content=\"Dieses selbstmischendes Zeitakt\u00f6l ist besonders f\u00fcr die Schmierung luftgek\u00fchlter Zeittakt Motoren mit sehr hohen Drehzahlen und\/oder schwerer bis schwerster Belastung konzipiert und ist Spezial geeignet f\u00fcr Anwendung in Kart- und Racing Motoren.\" \/>\n<meta property=\"og:url\" content=\"https:\/\/www.arialoil.com\/de\/product\/arial-2t-racing\/\" \/>\n<meta property=\"og:site_name\" content=\"ARIAL OIL\" \/>\n<meta property=\"article:publisher\" content=\"https:\/\/www.facebook.com\/ArialOil\" \/>\n<meta property=\"article:modified_time\" content=\"2021-05-19T08:40:48+00:00\" \/>\n<meta property=\"og:image\" content=\"https:\/\/www.arialoil.com\/wp-content\/uploads\/2020\/11\/2T-Racing-1L-scaled.jpg\" \/>\n\t<meta property=\"og:image:width\" content=\"2560\" \/>\n\t<meta property=\"og:image:height\" content=\"2560\" \/>\n\t<meta property=\"og:image:type\" content=\"image\/jpeg\" \/>\n<meta name=\"twitter:card\" content=\"summary_large_image\" \/>\n<meta name=\"twitter:site\" content=\"@ArialOil\" \/>\n<meta name=\"twitter:label1\" content=\"Gesch\u00e4tzte Lesezeit\" \/>\n\t<meta name=\"twitter:data1\" content=\"1\u00a0Minute\" \/>\n<script type=\"application\/ld+json\" class=\"yoast-schema-graph\">{\"@context\":\"https:\\\/\\\/schema.org\",\"@graph\":[{\"@type\":\"WebPage\",\"@id\":\"https:\\\/\\\/www.arialoil.com\\\/de\\\/product\\\/arial-2t-racing\\\/\",\"url\":\"https:\\\/\\\/www.arialoil.com\\\/de\\\/product\\\/arial-2t-racing\\\/\",\"name\":\"ARIAL 2T Racing - ARIAL OIL\",\"isPartOf\":{\"@id\":\"https:\\\/\\\/www.arialoil.com\\\/#website\"},\"datePublished\":\"2020-10-09T15:00:54+00:00\",\"dateModified\":\"2021-05-19T08:40:48+00:00\",\"description\":\"Dieses selbstmischendes Zeitakt\u00f6l ist besonders f\u00fcr die Schmierung luftgek\u00fchlter Zeittakt Motoren mit sehr hohen Drehzahlen und\\\/oder schwerer bis schwerster Belastung konzipiert und ist Spezial geeignet f\u00fcr Anwendung in Kart- und Racing Motoren.\",\"breadcrumb\":{\"@id\":\"https:\\\/\\\/www.arialoil.com\\\/de\\\/product\\\/arial-2t-racing\\\/#breadcrumb\"},\"inLanguage\":\"de\",\"potentialAction\":[{\"@type\":\"ReadAction\",\"target\":[\"https:\\\/\\\/www.arialoil.com\\\/de\\\/product\\\/arial-2t-racing\\\/\"]}]},{\"@type\":\"BreadcrumbList\",\"@id\":\"https:\\\/\\\/www.arialoil.com\\\/de\\\/product\\\/arial-2t-racing\\\/#breadcrumb\",\"itemListElement\":[{\"@type\":\"ListItem\",\"position\":1,\"name\":\"Home\",\"item\":\"https:\\\/\\\/www.arialoil.com\\\/de\\\/\"},{\"@type\":\"ListItem\",\"position\":2,\"name\":\"Products\",\"item\":\"https:\\\/\\\/www.arialoil.com\\\/shop\\\/\"},{\"@type\":\"ListItem\",\"position\":3,\"name\":\"ARIAL 2T Racing\"}]},{\"@type\":\"WebSite\",\"@id\":\"https:\\\/\\\/www.arialoil.com\\\/#website\",\"url\":\"https:\\\/\\\/www.arialoil.com\\\/\",\"name\":\"ARIAL OIL\",\"description\":\"Motor Oil from Germany\",\"publisher\":{\"@id\":\"https:\\\/\\\/www.arialoil.com\\\/#organization\"},\"potentialAction\":[{\"@type\":\"SearchAction\",\"target\":{\"@type\":\"EntryPoint\",\"urlTemplate\":\"https:\\\/\\\/www.arialoil.com\\\/?s={search_term_string}\"},\"query-input\":{\"@type\":\"PropertyValueSpecification\",\"valueRequired\":true,\"valueName\":\"search_term_string\"}}],\"inLanguage\":\"de\"},{\"@type\":\"Organization\",\"@id\":\"https:\\\/\\\/www.arialoil.com\\\/#organization\",\"name\":\"ARIAL OIL\",\"url\":\"https:\\\/\\\/www.arialoil.com\\\/\",\"logo\":{\"@type\":\"ImageObject\",\"inLanguage\":\"de\",\"@id\":\"https:\\\/\\\/www.arialoil.com\\\/#\\\/schema\\\/logo\\\/image\\\/\",\"url\":\"https:\\\/\\\/www.arialoil.com\\\/wp-content\\\/uploads\\\/2020\\\/11\\\/ARIAL-OIL-LOGO.jpg\",\"contentUrl\":\"https:\\\/\\\/www.arialoil.com\\\/wp-content\\\/uploads\\\/2020\\\/11\\\/ARIAL-OIL-LOGO.jpg\",\"width\":500,\"height\":500,\"caption\":\"ARIAL OIL\"},\"image\":{\"@id\":\"https:\\\/\\\/www.arialoil.com\\\/#\\\/schema\\\/logo\\\/image\\\/\"},\"sameAs\":[\"https:\\\/\\\/www.facebook.com\\\/ArialOil\",\"https:\\\/\\\/x.com\\\/ArialOil\",\"https:\\\/\\\/www.linkedin.com\\\/company\\\/arialoil\",\"https:\\\/\\\/www.youtube.com\\\/channel\\\/UCQ6UBUTmZZfS6bpGoWFDOEQ\"]}]}<\/script>\n<!-- \/ Yoast SEO plugin. -->","yoast_head_json":{"title":"ARIAL 2T Racing - ARIAL OIL","description":"Dieses selbstmischendes Zeitakt\u00f6l ist besonders f\u00fcr die Schmierung luftgek\u00fchlter Zeittakt Motoren mit sehr hohen Drehzahlen und\/oder schwerer bis schwerster Belastung konzipiert und ist Spezial geeignet f\u00fcr Anwendung in Kart- und Racing Motoren.","robots":{"index":"index","follow":"follow","max-snippet":"max-snippet:-1","max-image-preview":"max-image-preview:large","max-video-preview":"max-video-preview:-1"},"canonical":"https:\/\/www.arialoil.com\/de\/product\/arial-2t-racing\/","og_locale":"de_DE","og_type":"article","og_title":"ARIAL 2T Racing - ARIAL OIL","og_description":"Dieses selbstmischendes Zeitakt\u00f6l ist besonders f\u00fcr die Schmierung luftgek\u00fchlter Zeittakt Motoren mit sehr hohen Drehzahlen und\/oder schwerer bis schwerster Belastung konzipiert und ist Spezial geeignet f\u00fcr Anwendung in Kart- und Racing Motoren.","og_url":"https:\/\/www.arialoil.com\/de\/product\/arial-2t-racing\/","og_site_name":"ARIAL OIL","article_publisher":"https:\/\/www.facebook.com\/ArialOil","article_modified_time":"2021-05-19T08:40:48+00:00","og_image":[{"width":2560,"height":2560,"url":"https:\/\/www.arialoil.com\/wp-content\/uploads\/2020\/11\/2T-Racing-1L-scaled.jpg","type":"image\/jpeg"}],"twitter_card":"summary_large_image","twitter_site":"@ArialOil","twitter_misc":{"Gesch\u00e4tzte Lesezeit":"1\u00a0Minute"},"schema":{"@context":"https:\/\/schema.org","@graph":[{"@type":"WebPage","@id":"https:\/\/www.arialoil.com\/de\/product\/arial-2t-racing\/","url":"https:\/\/www.arialoil.com\/de\/product\/arial-2t-racing\/","name":"ARIAL 2T Racing - ARIAL OIL","isPartOf":{"@id":"https:\/\/www.arialoil.com\/#website"},"datePublished":"2020-10-09T15:00:54+00:00","dateModified":"2021-05-19T08:40:48+00:00","description":"Dieses selbstmischendes Zeitakt\u00f6l ist besonders f\u00fcr die Schmierung luftgek\u00fchlter Zeittakt Motoren mit sehr hohen Drehzahlen und\/oder schwerer bis schwerster Belastung konzipiert und ist Spezial geeignet f\u00fcr Anwendung in Kart- und Racing Motoren.","breadcrumb":{"@id":"https:\/\/www.arialoil.com\/de\/product\/arial-2t-racing\/#breadcrumb"},"inLanguage":"de","potentialAction":[{"@type":"ReadAction","target":["https:\/\/www.arialoil.com\/de\/product\/arial-2t-racing\/"]}]},{"@type":"BreadcrumbList","@id":"https:\/\/www.arialoil.com\/de\/product\/arial-2t-racing\/#breadcrumb","itemListElement":[{"@type":"ListItem","position":1,"name":"Home","item":"https:\/\/www.arialoil.com\/de\/"},{"@type":"ListItem","position":2,"name":"Products","item":"https:\/\/www.arialoil.com\/shop\/"},{"@type":"ListItem","position":3,"name":"ARIAL 2T Racing"}]},{"@type":"WebSite","@id":"https:\/\/www.arialoil.com\/#website","url":"https:\/\/www.arialoil.com\/","name":"ARIAL OIL","description":"Motor Oil from Germany","publisher":{"@id":"https:\/\/www.arialoil.com\/#organization"},"potentialAction":[{"@type":"SearchAction","target":{"@type":"EntryPoint","urlTemplate":"https:\/\/www.arialoil.com\/?s={search_term_string}"},"query-input":{"@type":"PropertyValueSpecification","valueRequired":true,"valueName":"search_term_string"}}],"inLanguage":"de"},{"@type":"Organization","@id":"https:\/\/www.arialoil.com\/#organization","name":"ARIAL OIL","url":"https:\/\/www.arialoil.com\/","logo":{"@type":"ImageObject","inLanguage":"de","@id":"https:\/\/www.arialoil.com\/#\/schema\/logo\/image\/","url":"https:\/\/www.arialoil.com\/wp-content\/uploads\/2020\/11\/ARIAL-OIL-LOGO.jpg","contentUrl":"https:\/\/www.arialoil.com\/wp-content\/uploads\/2020\/11\/ARIAL-OIL-LOGO.jpg","width":500,"height":500,"caption":"ARIAL OIL"},"image":{"@id":"https:\/\/www.arialoil.com\/#\/schema\/logo\/image\/"},"sameAs":["https:\/\/www.facebook.com\/ArialOil","https:\/\/x.com\/ArialOil","https:\/\/www.linkedin.com\/company\/arialoil","https:\/\/www.youtube.com\/channel\/UCQ6UBUTmZZfS6bpGoWFDOEQ"]}]}},"_links":{"self":[{"href":"https:\/\/www.arialoil.com\/de\/wp-json\/wp\/v2\/product\/1958","targetHints":{"allow":["GET"]}}],"collection":[{"href":"https:\/\/www.arialoil.com\/de\/wp-json\/wp\/v2\/product"}],"about":[{"href":"https:\/\/www.arialoil.com\/de\/wp-json\/wp\/v2\/types\/product"}],"replies":[{"embeddable":true,"href":"https:\/\/www.arialoil.com\/de\/wp-json\/wp\/v2\/comments?post=1958"}],"wp:attachment":[{"href":"https:\/\/www.arialoil.com\/de\/wp-json\/wp\/v2\/media?parent=1958"}],"wp:term":[{"taxonomy":"product_brand","embeddable":true,"href":"https:\/\/www.arialoil.com\/de\/wp-json\/wp\/v2\/product_brand?post=1958"},{"taxonomy":"product_cat","embeddable":true,"href":"https:\/\/www.arialoil.com\/de\/wp-json\/wp\/v2\/product_cat?post=1958"},{"taxonomy":"product_tag","embeddable":true,"href":"https:\/\/www.arialoil.com\/de\/wp-json\/wp\/v2\/product_tag?post=1958"}],"curies":[{"name":"wp","href":"https:\/\/api.w.org\/{rel}","templated":true}]}}