{"id":1950,"date":"2020-10-09T14:49:33","date_gmt":"2020-10-09T14:49:33","guid":{"rendered":"https:\/\/stage.arialoil.com\/product\/arial-racing-sae-5w-40\/"},"modified":"2024-06-28T15:01:43","modified_gmt":"2024-06-28T15:01:43","slug":"arial-racing-sae-5w-40","status":"publish","type":"product","link":"https:\/\/www.arialoil.com\/de\/product\/arial-racing-sae-5w-40\/","title":{"rendered":"ARIAL Racing SAE 5W-40"},"content":{"rendered":"<p>Ein vollsynthetischer Mehrbereichs Motoren\u00f6l basierend auf sorgf\u00e4ltig ausgew\u00e4hlten synthetischen Grund \u00d6le mit einem nat\u00fcrlichen, hohen Viskosit\u00e4tsindex. Die advanced, hochwirksame Additiven verleihen diesem Motoren\u00f6l folgende hervorragende Eigenschaften:<br \/>\n&#8211; sehr wenig Tendenz zu Verdampfen<br \/>\n&#8211; sehr stabiles und ausgezeichnetes Viskosit\u00e4t Verhalten<br \/>\n&#8211; eine gute Scherstabilit\u00e4t<br \/>\n&#8211; eine hohe Alterungsbest\u00e4ndigkeit<br \/>\n&#8211; eine sichere Schmierung \u00fcber einen gro\u00dfen Temperaturbereich<br \/>\n&#8211; sehr gute Reinigungswirkung und dispergierende Eigenschaften<br \/>\n&#8211; weitgehender Schutz vor Verschlei\u00df, Korrosion und Schaumbildung<\/p>\n<p><strong>Anwendung: <\/strong><br \/>\nEin synthetisches Motoren\u00f6l f\u00fcr Rennbedingungen entwickelt wo die h\u00f6chste Leistung erforderlich ist. Dieses \u00d6l hat schon lange seine Qualit\u00e4t unter den extremsten Bedingungen bew\u00e4hrt, vor allem in den Rennen.<\/p>\n<p><strong>Leistungsbereich:<\/strong><br \/>\nACEA A3\/B4<br \/>\nAPI SN\/CF<\/p>\n<p><strong>Typische Standardanalysen: <\/strong><br \/>\nDichte bei 15 \u00b0C, kg\/l: 0,848<br \/>\nViskosit\u00e4t -30 \u00b0C, mPa.s: 4720<br \/>\nViskosit\u00e4t 40 \u00b0C, mm\u00b2\/s: 81,00<br \/>\nViskosit\u00e4t 100 \u00b0C, mm\u00b2\/s: 13,20<br \/>\nViskosit\u00e4tsindex: 165<br \/>\nFlammpunkt COC, \u00b0C: 238<br \/>\nFlie\u00dfpunkt, \u00b0C: -45<br \/>\nBasenzahl, mgKOH\/g: 10,3<br \/>\nSulfataschegehalt, %: 1,33<\/p>\n<p><strong>Verpackung:<\/strong><br \/>\n\n<table id=\"tablepress-PackagingTabENGall\" class=\"tablepress tablepress-id-PackagingTabENGall tbody-has-connected-cells\">\n<thead>\n<tr class=\"row-1\">\n\t<th class=\"column-1\">litres<\/th><th class=\"column-2\">packing<\/th><th class=\"column-3\">per box<\/th><th class=\"column-4\">per pallet<\/th>\n<\/tr>\n<\/thead>\n<tbody class=\"row-striping row-hover\">\n<tr class=\"row-2\">\n\t<td class=\"column-1\">1<\/td><td class=\"column-2\">canister<\/td><td class=\"column-3\">12<\/td><td class=\"column-4\">*600<\/td>\n<\/tr>\n<tr class=\"row-3\">\n\t<td class=\"column-1\">5<\/td><td class=\"column-2\">canister<\/td><td class=\"column-3\">4<\/td><td class=\"column-4\">*120<\/td>\n<\/tr>\n<tr class=\"row-4\">\n\t<td class=\"column-1\">20<\/td><td class=\"column-2\">canister<\/td><td class=\"column-3\">-<\/td><td class=\"column-4\">24<\/td>\n<\/tr>\n<tr class=\"row-5\">\n\t<td class=\"column-1\">60<\/td><td class=\"column-2\">barrel<\/td><td class=\"column-3\">-<\/td><td class=\"column-4\">9<\/td>\n<\/tr>\n<tr class=\"row-6\">\n\t<td class=\"column-1\">208<\/td><td class=\"column-2\">barrel<\/td><td class=\"column-3\">-<\/td><td class=\"column-4\">4<\/td>\n<\/tr>\n<tr class=\"row-7\">\n\t<td class=\"column-1\"> 1000<\/td><td class=\"column-2\">pallet tank<\/td><td class=\"column-3\">-<\/td><td class=\"column-4\">1<\/td>\n<\/tr>\n<tr class=\"row-8\">\n\t<td colspan=\"4\" class=\"column-1\">*CP pallet size 114 x 114 cm. The number of boxes on a pallet may vary depending on the order.<\/td>\n<\/tr>\n<\/tbody>\n<\/table>\n<!-- #tablepress-PackagingTabENGall from cache -->\n","protected":false},"excerpt":{"rendered":"<p><img decoding=\"async\" class=\"alignnone size-full wp-image-1383 lazyload\" data-src=\"https:\/\/www.arialoil.com\/wp-content\/uploads\/2020\/10\/racing-car-arial.png\" alt=\"\" width=\"75\" height=\"35\" src=\"data:image\/svg+xml;base64,PHN2ZyB3aWR0aD0iMSIgaGVpZ2h0PSIxIiB4bWxucz0iaHR0cDovL3d3dy53My5vcmcvMjAwMC9zdmciPjwvc3ZnPg==\" style=\"--smush-placeholder-width: 75px; --smush-placeholder-aspect-ratio: 75\/35;\" \/><br \/>\nEin synthetisches Motoren\u00f6l f\u00fcr Rennbedingungen entwickelt wo die h\u00f6chste Leistung erforderlich ist. Dieses \u00d6l hat schon lange seine Qualit\u00e4t unter den extremsten Bedingungen bew\u00e4hrt, vor allem in den Rennen.<\/p>\n","protected":false},"featured_media":0,"comment_status":"open","ping_status":"closed","template":"","meta":[],"product_brand":[],"product_cat":[132],"product_tag":[153,348],"class_list":{"0":"post-1950","1":"product","2":"type-product","3":"status-publish","5":"product_cat-rennsportmotorenole","6":"product_tag-rennsportmotorenole","7":"product_tag-sae-5w-40-de","9":"first","10":"instock","11":"taxable","12":"shipping-taxable","13":"product-type-simple"},"yoast_head":"<!-- This site is optimized with the Yoast SEO plugin v27.3 - https:\/\/yoast.com\/product\/yoast-seo-wordpress\/ -->\n<title>ARIAL Racing SAE 5W-40 - ARIAL OIL<\/title>\n<meta name=\"description\" content=\"Ein synthetisches Motoren\u00f6l f\u00fcr Rennbedingungen entwickelt wo die h\u00f6chste Leistung erforderlich ist. Dieses \u00d6l hat schon lange seine Qualit\u00e4t unter den extremsten Bedingungen bew\u00e4hrt, vor allem in den Rennen.\" \/>\n<meta name=\"robots\" content=\"index, follow, max-snippet:-1, max-image-preview:large, max-video-preview:-1\" \/>\n<link rel=\"canonical\" href=\"https:\/\/www.arialoil.com\/de\/product\/arial-racing-sae-5w-40\/\" \/>\n<meta property=\"og:locale\" content=\"de_DE\" \/>\n<meta property=\"og:type\" content=\"article\" \/>\n<meta property=\"og:title\" content=\"ARIAL Racing SAE 5W-40 - ARIAL OIL\" \/>\n<meta property=\"og:description\" content=\"Ein synthetisches Motoren\u00f6l f\u00fcr Rennbedingungen entwickelt wo die h\u00f6chste Leistung erforderlich ist. Dieses \u00d6l hat schon lange seine Qualit\u00e4t unter den extremsten Bedingungen bew\u00e4hrt, vor allem in den Rennen.\" \/>\n<meta property=\"og:url\" content=\"https:\/\/www.arialoil.com\/de\/product\/arial-racing-sae-5w-40\/\" \/>\n<meta property=\"og:site_name\" content=\"ARIAL OIL\" \/>\n<meta property=\"article:publisher\" content=\"https:\/\/www.facebook.com\/ArialOil\" \/>\n<meta property=\"article:modified_time\" content=\"2024-06-28T15:01:43+00:00\" \/>\n<meta property=\"og:image\" content=\"https:\/\/www.arialoil.com\/wp-content\/uploads\/2020\/11\/Racing-5w-40-5L-scaled.jpg\" \/>\n\t<meta property=\"og:image:width\" content=\"2560\" \/>\n\t<meta property=\"og:image:height\" content=\"2560\" \/>\n\t<meta property=\"og:image:type\" content=\"image\/jpeg\" \/>\n<meta name=\"twitter:card\" content=\"summary_large_image\" \/>\n<meta name=\"twitter:site\" content=\"@ArialOil\" \/>\n<meta name=\"twitter:label1\" content=\"Gesch\u00e4tzte Lesezeit\" \/>\n\t<meta name=\"twitter:data1\" content=\"1\u00a0Minute\" \/>\n<script type=\"application\/ld+json\" class=\"yoast-schema-graph\">{\"@context\":\"https:\\\/\\\/schema.org\",\"@graph\":[{\"@type\":\"WebPage\",\"@id\":\"https:\\\/\\\/www.arialoil.com\\\/de\\\/product\\\/arial-racing-sae-5w-40\\\/\",\"url\":\"https:\\\/\\\/www.arialoil.com\\\/de\\\/product\\\/arial-racing-sae-5w-40\\\/\",\"name\":\"ARIAL Racing SAE 5W-40 - ARIAL OIL\",\"isPartOf\":{\"@id\":\"https:\\\/\\\/www.arialoil.com\\\/#website\"},\"datePublished\":\"2020-10-09T14:49:33+00:00\",\"dateModified\":\"2024-06-28T15:01:43+00:00\",\"description\":\"Ein synthetisches Motoren\u00f6l f\u00fcr Rennbedingungen entwickelt wo die h\u00f6chste Leistung erforderlich ist. Dieses \u00d6l hat schon lange seine Qualit\u00e4t unter den extremsten Bedingungen bew\u00e4hrt, vor allem in den Rennen.\",\"breadcrumb\":{\"@id\":\"https:\\\/\\\/www.arialoil.com\\\/de\\\/product\\\/arial-racing-sae-5w-40\\\/#breadcrumb\"},\"inLanguage\":\"de\",\"potentialAction\":[{\"@type\":\"ReadAction\",\"target\":[\"https:\\\/\\\/www.arialoil.com\\\/de\\\/product\\\/arial-racing-sae-5w-40\\\/\"]}]},{\"@type\":\"BreadcrumbList\",\"@id\":\"https:\\\/\\\/www.arialoil.com\\\/de\\\/product\\\/arial-racing-sae-5w-40\\\/#breadcrumb\",\"itemListElement\":[{\"@type\":\"ListItem\",\"position\":1,\"name\":\"Home\",\"item\":\"https:\\\/\\\/www.arialoil.com\\\/de\\\/\"},{\"@type\":\"ListItem\",\"position\":2,\"name\":\"Products\",\"item\":\"https:\\\/\\\/www.arialoil.com\\\/shop\\\/\"},{\"@type\":\"ListItem\",\"position\":3,\"name\":\"ARIAL Racing SAE 5W-40\"}]},{\"@type\":\"WebSite\",\"@id\":\"https:\\\/\\\/www.arialoil.com\\\/#website\",\"url\":\"https:\\\/\\\/www.arialoil.com\\\/\",\"name\":\"ARIAL OIL\",\"description\":\"Motor Oil from Germany\",\"publisher\":{\"@id\":\"https:\\\/\\\/www.arialoil.com\\\/#organization\"},\"potentialAction\":[{\"@type\":\"SearchAction\",\"target\":{\"@type\":\"EntryPoint\",\"urlTemplate\":\"https:\\\/\\\/www.arialoil.com\\\/?s={search_term_string}\"},\"query-input\":{\"@type\":\"PropertyValueSpecification\",\"valueRequired\":true,\"valueName\":\"search_term_string\"}}],\"inLanguage\":\"de\"},{\"@type\":\"Organization\",\"@id\":\"https:\\\/\\\/www.arialoil.com\\\/#organization\",\"name\":\"ARIAL OIL\",\"url\":\"https:\\\/\\\/www.arialoil.com\\\/\",\"logo\":{\"@type\":\"ImageObject\",\"inLanguage\":\"de\",\"@id\":\"https:\\\/\\\/www.arialoil.com\\\/#\\\/schema\\\/logo\\\/image\\\/\",\"url\":\"https:\\\/\\\/www.arialoil.com\\\/wp-content\\\/uploads\\\/2020\\\/11\\\/ARIAL-OIL-LOGO.jpg\",\"contentUrl\":\"https:\\\/\\\/www.arialoil.com\\\/wp-content\\\/uploads\\\/2020\\\/11\\\/ARIAL-OIL-LOGO.jpg\",\"width\":500,\"height\":500,\"caption\":\"ARIAL OIL\"},\"image\":{\"@id\":\"https:\\\/\\\/www.arialoil.com\\\/#\\\/schema\\\/logo\\\/image\\\/\"},\"sameAs\":[\"https:\\\/\\\/www.facebook.com\\\/ArialOil\",\"https:\\\/\\\/x.com\\\/ArialOil\",\"https:\\\/\\\/www.linkedin.com\\\/company\\\/arialoil\",\"https:\\\/\\\/www.youtube.com\\\/channel\\\/UCQ6UBUTmZZfS6bpGoWFDOEQ\"]}]}<\/script>\n<!-- \/ Yoast SEO plugin. -->","yoast_head_json":{"title":"ARIAL Racing SAE 5W-40 - ARIAL OIL","description":"Ein synthetisches Motoren\u00f6l f\u00fcr Rennbedingungen entwickelt wo die h\u00f6chste Leistung erforderlich ist. Dieses \u00d6l hat schon lange seine Qualit\u00e4t unter den extremsten Bedingungen bew\u00e4hrt, vor allem in den Rennen.","robots":{"index":"index","follow":"follow","max-snippet":"max-snippet:-1","max-image-preview":"max-image-preview:large","max-video-preview":"max-video-preview:-1"},"canonical":"https:\/\/www.arialoil.com\/de\/product\/arial-racing-sae-5w-40\/","og_locale":"de_DE","og_type":"article","og_title":"ARIAL Racing SAE 5W-40 - ARIAL OIL","og_description":"Ein synthetisches Motoren\u00f6l f\u00fcr Rennbedingungen entwickelt wo die h\u00f6chste Leistung erforderlich ist. Dieses \u00d6l hat schon lange seine Qualit\u00e4t unter den extremsten Bedingungen bew\u00e4hrt, vor allem in den Rennen.","og_url":"https:\/\/www.arialoil.com\/de\/product\/arial-racing-sae-5w-40\/","og_site_name":"ARIAL OIL","article_publisher":"https:\/\/www.facebook.com\/ArialOil","article_modified_time":"2024-06-28T15:01:43+00:00","og_image":[{"width":2560,"height":2560,"url":"https:\/\/www.arialoil.com\/wp-content\/uploads\/2020\/11\/Racing-5w-40-5L-scaled.jpg","type":"image\/jpeg"}],"twitter_card":"summary_large_image","twitter_site":"@ArialOil","twitter_misc":{"Gesch\u00e4tzte Lesezeit":"1\u00a0Minute"},"schema":{"@context":"https:\/\/schema.org","@graph":[{"@type":"WebPage","@id":"https:\/\/www.arialoil.com\/de\/product\/arial-racing-sae-5w-40\/","url":"https:\/\/www.arialoil.com\/de\/product\/arial-racing-sae-5w-40\/","name":"ARIAL Racing SAE 5W-40 - ARIAL OIL","isPartOf":{"@id":"https:\/\/www.arialoil.com\/#website"},"datePublished":"2020-10-09T14:49:33+00:00","dateModified":"2024-06-28T15:01:43+00:00","description":"Ein synthetisches Motoren\u00f6l f\u00fcr Rennbedingungen entwickelt wo die h\u00f6chste Leistung erforderlich ist. Dieses \u00d6l hat schon lange seine Qualit\u00e4t unter den extremsten Bedingungen bew\u00e4hrt, vor allem in den Rennen.","breadcrumb":{"@id":"https:\/\/www.arialoil.com\/de\/product\/arial-racing-sae-5w-40\/#breadcrumb"},"inLanguage":"de","potentialAction":[{"@type":"ReadAction","target":["https:\/\/www.arialoil.com\/de\/product\/arial-racing-sae-5w-40\/"]}]},{"@type":"BreadcrumbList","@id":"https:\/\/www.arialoil.com\/de\/product\/arial-racing-sae-5w-40\/#breadcrumb","itemListElement":[{"@type":"ListItem","position":1,"name":"Home","item":"https:\/\/www.arialoil.com\/de\/"},{"@type":"ListItem","position":2,"name":"Products","item":"https:\/\/www.arialoil.com\/shop\/"},{"@type":"ListItem","position":3,"name":"ARIAL Racing SAE 5W-40"}]},{"@type":"WebSite","@id":"https:\/\/www.arialoil.com\/#website","url":"https:\/\/www.arialoil.com\/","name":"ARIAL OIL","description":"Motor Oil from Germany","publisher":{"@id":"https:\/\/www.arialoil.com\/#organization"},"potentialAction":[{"@type":"SearchAction","target":{"@type":"EntryPoint","urlTemplate":"https:\/\/www.arialoil.com\/?s={search_term_string}"},"query-input":{"@type":"PropertyValueSpecification","valueRequired":true,"valueName":"search_term_string"}}],"inLanguage":"de"},{"@type":"Organization","@id":"https:\/\/www.arialoil.com\/#organization","name":"ARIAL OIL","url":"https:\/\/www.arialoil.com\/","logo":{"@type":"ImageObject","inLanguage":"de","@id":"https:\/\/www.arialoil.com\/#\/schema\/logo\/image\/","url":"https:\/\/www.arialoil.com\/wp-content\/uploads\/2020\/11\/ARIAL-OIL-LOGO.jpg","contentUrl":"https:\/\/www.arialoil.com\/wp-content\/uploads\/2020\/11\/ARIAL-OIL-LOGO.jpg","width":500,"height":500,"caption":"ARIAL OIL"},"image":{"@id":"https:\/\/www.arialoil.com\/#\/schema\/logo\/image\/"},"sameAs":["https:\/\/www.facebook.com\/ArialOil","https:\/\/x.com\/ArialOil","https:\/\/www.linkedin.com\/company\/arialoil","https:\/\/www.youtube.com\/channel\/UCQ6UBUTmZZfS6bpGoWFDOEQ"]}]}},"_links":{"self":[{"href":"https:\/\/www.arialoil.com\/de\/wp-json\/wp\/v2\/product\/1950","targetHints":{"allow":["GET"]}}],"collection":[{"href":"https:\/\/www.arialoil.com\/de\/wp-json\/wp\/v2\/product"}],"about":[{"href":"https:\/\/www.arialoil.com\/de\/wp-json\/wp\/v2\/types\/product"}],"replies":[{"embeddable":true,"href":"https:\/\/www.arialoil.com\/de\/wp-json\/wp\/v2\/comments?post=1950"}],"wp:attachment":[{"href":"https:\/\/www.arialoil.com\/de\/wp-json\/wp\/v2\/media?parent=1950"}],"wp:term":[{"taxonomy":"product_brand","embeddable":true,"href":"https:\/\/www.arialoil.com\/de\/wp-json\/wp\/v2\/product_brand?post=1950"},{"taxonomy":"product_cat","embeddable":true,"href":"https:\/\/www.arialoil.com\/de\/wp-json\/wp\/v2\/product_cat?post=1950"},{"taxonomy":"product_tag","embeddable":true,"href":"https:\/\/www.arialoil.com\/de\/wp-json\/wp\/v2\/product_tag?post=1950"}],"curies":[{"name":"wp","href":"https:\/\/api.w.org\/{rel}","templated":true}]}}