{"id":1932,"date":"2020-10-06T11:00:54","date_gmt":"2020-10-06T11:00:54","guid":{"rendered":"https:\/\/stage.arialoil.com\/product\/arial-unilife-sae-5w-30-hc\/"},"modified":"2025-09-21T15:33:50","modified_gmt":"2025-09-21T15:33:50","slug":"arial-unilife-sae-5w-30-hc","status":"publish","type":"product","link":"https:\/\/www.arialoil.com\/de\/product\/arial-unilife-sae-5w-30-hc\/","title":{"rendered":"ARIAL UniLiFe SAE 5W-30 HC"},"content":{"rendered":"<p>Ein kraftstoffsparendes Motor\u00f6l von h\u00f6chster Qualit\u00e4t, das auf der neuesten Additivtechnologie in Kombination mit speziell ausgew\u00e4hlten auf Synthese-Technologie. Dieses Motor\u00f6l:<br \/>\n&#8211; verhindert Ablagerungen im Motor<br \/>\n&#8211; verhindert die Bildung von Sedimenten und Schlamm<br \/>\n&#8211; verl\u00e4ngert die Lebensdauer des Partikelfilters<br \/>\n&#8211; hat sehr starke Korrosions- und Schaumschutzeigenschaften<br \/>\n&#8211; Verhindert Verschlei\u00df an Kolbenringen und Zylinderwand<br \/>\n&#8211; reduziert den Kraftstoffverbrauch<br \/>\n&#8211; tr\u00e4gt zur Reduzierung der Wartungskosten bei.<\/p>\n<p><strong>Anwendung: <\/strong><br \/>\nDieses niedrige SAPS-\u00d6l eignet sich sehr gut f\u00fcr den Einsatz in on-road Euro 6 und off-road EU stage IV Motoren in Kombination mit Dieselkraftstoffen mit niedrigem Schwefelgehalt, wenn die angegebenen Spezifikationen erforderlich sind. Geeignet f\u00fcr die h\u00e4rtesten Betriebsbedingungen in Motoren mit oder ohne Partikelfilter und Abgasnachbehandlungssystemen. Kann auch in Volvo 13L Euro 6 Step D-Motoren verwendet werden, f\u00fcr die ein \u00d6l mit VDS-5-Spezifikation vorgeschrieben ist.<\/p>\n<p><strong>Leistungsbereich: <\/strong><br \/>\nACEA E6, E7, E9<br \/>\nAPI CK-4\/SN<br \/>\nDeutz DQC IV-18 LA<br \/>\nMack EOS-4.5<br \/>\nMB- 228.51<br \/>\nRenault VI RLD-3<br \/>\nVolvo VDS-4.5<br \/>\nCat ECF-3<br \/>\nCummins CES 20086<br \/>\nDetroit Diesel DFS 93K222<br \/>\nFord WSS-M2C213-A<br \/>\nJASO DH-2<br \/>\nMAN M 3775<br \/>\nMB 228.31 \/ 228.52<br \/>\nMTU Type 3.1<br \/>\nScania Low Ash<br \/>\nDAF Extended Drain, Iveco 18-1804 TLS E9<\/p>\n<p><strong>Typische Standardanalysen: <\/strong><br \/>\nDichte bei 15 \u00b0C, kg\/l: 0,856<br \/>\nViskosit\u00e4t -30 \u00b0C, mPa.s: 5860<br \/>\nViskosit\u00e4t 40 \u00b0C, mm\u00b2\/s: 71,80<br \/>\nViskosit\u00e4t 100 \u00b0C, mm\u00b2\/s: 12,10<br \/>\nViskosit\u00e4tsindex: 162<br \/>\nFlammpunkt COC, \u00b0C: 216<br \/>\nFlie\u00dfpunkt, \u00b0C: -42<br \/>\nBasenzahl, mgKOH\/g: 9,8<br \/>\nSulfataschegehalt, %: 0,89<\/p>\n<p><strong>Verpackung:<\/strong><\/p>\n\n<table id=\"tablepress-PackagingTabENGtruck\" class=\"tablepress tablepress-id-PackagingTabENGtruck tbody-has-connected-cells\">\n<thead>\n<tr class=\"row-1\">\n\t<th class=\"column-1\">litres<\/th><th class=\"column-2\">packing<\/th><th class=\"column-3\">per box<\/th><th class=\"column-4\">per pallet<\/th>\n<\/tr>\n<\/thead>\n<tbody class=\"row-striping row-hover\">\n<tr class=\"row-2\">\n\t<td class=\"column-1\">20<\/td><td class=\"column-2\">canister<\/td><td class=\"column-3\">-<\/td><td class=\"column-4\">24<\/td>\n<\/tr>\n<tr class=\"row-3\">\n\t<td class=\"column-1\">208<\/td><td class=\"column-2\">barrel<\/td><td class=\"column-3\">-<\/td><td class=\"column-4\">4<\/td>\n<\/tr>\n<tr class=\"row-4\">\n\t<td class=\"column-1\"> 1000<\/td><td class=\"column-2\">pallet tank<\/td><td class=\"column-3\">-<\/td><td class=\"column-4\">1<\/td>\n<\/tr>\n<tr class=\"row-5\">\n\t<td colspan=\"4\" class=\"column-1\">*CP pallet size 114 x 114 cm. <\/td>\n<\/tr>\n<\/tbody>\n<\/table>\n<!-- #tablepress-PackagingTabENGtruck from cache -->\n","protected":false},"excerpt":{"rendered":"<p><img decoding=\"async\" class=\"alignnone size-full wp-image-1377 lazyload\" data-src=\"https:\/\/www.arialoil.com\/wp-content\/uploads\/2020\/10\/lkw-arial.png\" alt=\"\" width=\"75\" height=\"35\" src=\"data:image\/svg+xml;base64,PHN2ZyB3aWR0aD0iMSIgaGVpZ2h0PSIxIiB4bWxucz0iaHR0cDovL3d3dy53My5vcmcvMjAwMC9zdmciPjwvc3ZnPg==\" style=\"--smush-placeholder-width: 75px; --smush-placeholder-aspect-ratio: 75\/35;\" \/><br \/>\nDieses niedrige SAPS-\u00d6l eignet sich sehr gut f\u00fcr den Einsatz in on-road Euro 6 und off-road EU stage IV Motoren in Kombination mit Dieselkraftstoffen mit niedrigem Schwefelgehalt, wenn die angegebenen Spezifikationen erforderlich sind. Geeignet f\u00fcr die h\u00e4rtesten Betriebsbedingungen in Motoren mit oder ohne Partikelfilter und Abgasnachbehandlungssystemen. Kann auch in Volvo 13L Euro 6 Step D-Motoren verwendet werden, f\u00fcr die ein \u00d6l mit VDS-5-Spezifikation vorgeschrieben ist.<\/p>\n","protected":false},"featured_media":2141,"comment_status":"open","ping_status":"closed","template":"","meta":[],"product_brand":[],"product_cat":[133],"product_tag":[154,347],"class_list":{"0":"post-1932","1":"product","2":"type-product","3":"status-publish","4":"has-post-thumbnail","6":"product_cat-lkw-motorenole","7":"product_tag-lkw-motorenole","8":"product_tag-sae-5w-30-de","10":"first","11":"instock","12":"taxable","13":"shipping-taxable","14":"purchasable","15":"product-type-variable","16":"has-default-attributes"},"yoast_head":"<!-- This site is optimized with the Yoast SEO plugin v27.4 - https:\/\/yoast.com\/product\/yoast-seo-wordpress\/ -->\n<title>ARIAL UniLiFe SAE 5W-30 HC - ARIAL OIL<\/title>\n<meta name=\"description\" content=\"Dieses niedrige SAPS-\u00d6l eignet sich sehr gut f\u00fcr den Einsatz in on-road Euro 6 und off-road EU stage IV Motoren in Kombination mit Dieselkraftstoffen mit niedrigem Schwefelgehalt, wenn die angegebenen Spezifikationen erforderlich sind. Geeignet f\u00fcr die h\u00e4rtesten Betriebsbedingungen in Motoren mit oder ohne Partikelfilter und Abgasnachbehandlungssystemen.\" \/>\n<meta name=\"robots\" content=\"index, follow, max-snippet:-1, max-image-preview:large, max-video-preview:-1\" \/>\n<link rel=\"canonical\" href=\"https:\/\/www.arialoil.com\/de\/product\/arial-unilife-sae-5w-30-hc\/\" \/>\n<meta property=\"og:locale\" content=\"de_DE\" \/>\n<meta property=\"og:type\" content=\"article\" \/>\n<meta property=\"og:title\" content=\"ARIAL UniLiFe SAE 5W-30 HC - ARIAL OIL\" \/>\n<meta property=\"og:description\" content=\"Dieses niedrige SAPS-\u00d6l eignet sich sehr gut f\u00fcr den Einsatz in on-road Euro 6 und off-road EU stage IV Motoren in Kombination mit Dieselkraftstoffen mit niedrigem Schwefelgehalt, wenn die angegebenen Spezifikationen erforderlich sind. Geeignet f\u00fcr die h\u00e4rtesten Betriebsbedingungen in Motoren mit oder ohne Partikelfilter und Abgasnachbehandlungssystemen.\" \/>\n<meta property=\"og:url\" content=\"https:\/\/www.arialoil.com\/de\/product\/arial-unilife-sae-5w-30-hc\/\" \/>\n<meta property=\"og:site_name\" content=\"ARIAL OIL\" \/>\n<meta property=\"article:publisher\" content=\"https:\/\/www.facebook.com\/ArialOil\" \/>\n<meta property=\"article:modified_time\" content=\"2025-09-21T15:33:50+00:00\" \/>\n<meta property=\"og:image\" content=\"https:\/\/www.arialoil.com\/wp-content\/uploads\/2020\/10\/ARIAL-OIL-DRUM-208L.jpg\" \/>\n\t<meta property=\"og:image:width\" content=\"1280\" \/>\n\t<meta property=\"og:image:height\" content=\"1280\" \/>\n\t<meta property=\"og:image:type\" content=\"image\/jpeg\" \/>\n<meta name=\"twitter:card\" content=\"summary_large_image\" \/>\n<meta name=\"twitter:site\" content=\"@ArialOil\" \/>\n<meta name=\"twitter:label1\" content=\"Gesch\u00e4tzte Lesezeit\" \/>\n\t<meta name=\"twitter:data1\" content=\"1\u00a0Minute\" \/>\n<script type=\"application\/ld+json\" class=\"yoast-schema-graph\">{\"@context\":\"https:\\\/\\\/schema.org\",\"@graph\":[{\"@type\":\"WebPage\",\"@id\":\"https:\\\/\\\/www.arialoil.com\\\/de\\\/product\\\/arial-unilife-sae-5w-30-hc\\\/\",\"url\":\"https:\\\/\\\/www.arialoil.com\\\/de\\\/product\\\/arial-unilife-sae-5w-30-hc\\\/\",\"name\":\"ARIAL UniLiFe SAE 5W-30 HC - ARIAL OIL\",\"isPartOf\":{\"@id\":\"https:\\\/\\\/www.arialoil.com\\\/#website\"},\"primaryImageOfPage\":{\"@id\":\"https:\\\/\\\/www.arialoil.com\\\/de\\\/product\\\/arial-unilife-sae-5w-30-hc\\\/#primaryimage\"},\"image\":{\"@id\":\"https:\\\/\\\/www.arialoil.com\\\/de\\\/product\\\/arial-unilife-sae-5w-30-hc\\\/#primaryimage\"},\"thumbnailUrl\":\"https:\\\/\\\/www.arialoil.com\\\/wp-content\\\/uploads\\\/2020\\\/10\\\/ARIAL-OIL-DRUM-208L.jpg\",\"datePublished\":\"2020-10-06T11:00:54+00:00\",\"dateModified\":\"2025-09-21T15:33:50+00:00\",\"description\":\"Dieses niedrige SAPS-\u00d6l eignet sich sehr gut f\u00fcr den Einsatz in on-road Euro 6 und off-road EU stage IV Motoren in Kombination mit Dieselkraftstoffen mit niedrigem Schwefelgehalt, wenn die angegebenen Spezifikationen erforderlich sind. Geeignet f\u00fcr die h\u00e4rtesten Betriebsbedingungen in Motoren mit oder ohne Partikelfilter und Abgasnachbehandlungssystemen.\",\"breadcrumb\":{\"@id\":\"https:\\\/\\\/www.arialoil.com\\\/de\\\/product\\\/arial-unilife-sae-5w-30-hc\\\/#breadcrumb\"},\"inLanguage\":\"de\",\"potentialAction\":[{\"@type\":\"ReadAction\",\"target\":[\"https:\\\/\\\/www.arialoil.com\\\/de\\\/product\\\/arial-unilife-sae-5w-30-hc\\\/\"]}]},{\"@type\":\"ImageObject\",\"inLanguage\":\"de\",\"@id\":\"https:\\\/\\\/www.arialoil.com\\\/de\\\/product\\\/arial-unilife-sae-5w-30-hc\\\/#primaryimage\",\"url\":\"https:\\\/\\\/www.arialoil.com\\\/wp-content\\\/uploads\\\/2020\\\/10\\\/ARIAL-OIL-DRUM-208L.jpg\",\"contentUrl\":\"https:\\\/\\\/www.arialoil.com\\\/wp-content\\\/uploads\\\/2020\\\/10\\\/ARIAL-OIL-DRUM-208L.jpg\",\"width\":1280,\"height\":1280},{\"@type\":\"BreadcrumbList\",\"@id\":\"https:\\\/\\\/www.arialoil.com\\\/de\\\/product\\\/arial-unilife-sae-5w-30-hc\\\/#breadcrumb\",\"itemListElement\":[{\"@type\":\"ListItem\",\"position\":1,\"name\":\"Home\",\"item\":\"https:\\\/\\\/www.arialoil.com\\\/de\\\/\"},{\"@type\":\"ListItem\",\"position\":2,\"name\":\"Products\",\"item\":\"https:\\\/\\\/www.arialoil.com\\\/shop\\\/\"},{\"@type\":\"ListItem\",\"position\":3,\"name\":\"ARIAL UniLiFe SAE 5W-30 HC\"}]},{\"@type\":\"WebSite\",\"@id\":\"https:\\\/\\\/www.arialoil.com\\\/#website\",\"url\":\"https:\\\/\\\/www.arialoil.com\\\/\",\"name\":\"ARIAL OIL\",\"description\":\"Motor Oil from Germany\",\"publisher\":{\"@id\":\"https:\\\/\\\/www.arialoil.com\\\/#organization\"},\"potentialAction\":[{\"@type\":\"SearchAction\",\"target\":{\"@type\":\"EntryPoint\",\"urlTemplate\":\"https:\\\/\\\/www.arialoil.com\\\/?s={search_term_string}\"},\"query-input\":{\"@type\":\"PropertyValueSpecification\",\"valueRequired\":true,\"valueName\":\"search_term_string\"}}],\"inLanguage\":\"de\"},{\"@type\":\"Organization\",\"@id\":\"https:\\\/\\\/www.arialoil.com\\\/#organization\",\"name\":\"ARIAL OIL\",\"url\":\"https:\\\/\\\/www.arialoil.com\\\/\",\"logo\":{\"@type\":\"ImageObject\",\"inLanguage\":\"de\",\"@id\":\"https:\\\/\\\/www.arialoil.com\\\/#\\\/schema\\\/logo\\\/image\\\/\",\"url\":\"https:\\\/\\\/www.arialoil.com\\\/wp-content\\\/uploads\\\/2020\\\/11\\\/ARIAL-OIL-LOGO.jpg\",\"contentUrl\":\"https:\\\/\\\/www.arialoil.com\\\/wp-content\\\/uploads\\\/2020\\\/11\\\/ARIAL-OIL-LOGO.jpg\",\"width\":500,\"height\":500,\"caption\":\"ARIAL OIL\"},\"image\":{\"@id\":\"https:\\\/\\\/www.arialoil.com\\\/#\\\/schema\\\/logo\\\/image\\\/\"},\"sameAs\":[\"https:\\\/\\\/www.facebook.com\\\/ArialOil\",\"https:\\\/\\\/x.com\\\/ArialOil\",\"https:\\\/\\\/www.linkedin.com\\\/company\\\/arialoil\",\"https:\\\/\\\/www.youtube.com\\\/channel\\\/UCQ6UBUTmZZfS6bpGoWFDOEQ\"]}]}<\/script>\n<!-- \/ Yoast SEO plugin. -->","yoast_head_json":{"title":"ARIAL UniLiFe SAE 5W-30 HC - ARIAL OIL","description":"Dieses niedrige SAPS-\u00d6l eignet sich sehr gut f\u00fcr den Einsatz in on-road Euro 6 und off-road EU stage IV Motoren in Kombination mit Dieselkraftstoffen mit niedrigem Schwefelgehalt, wenn die angegebenen Spezifikationen erforderlich sind. Geeignet f\u00fcr die h\u00e4rtesten Betriebsbedingungen in Motoren mit oder ohne Partikelfilter und Abgasnachbehandlungssystemen.","robots":{"index":"index","follow":"follow","max-snippet":"max-snippet:-1","max-image-preview":"max-image-preview:large","max-video-preview":"max-video-preview:-1"},"canonical":"https:\/\/www.arialoil.com\/de\/product\/arial-unilife-sae-5w-30-hc\/","og_locale":"de_DE","og_type":"article","og_title":"ARIAL UniLiFe SAE 5W-30 HC - ARIAL OIL","og_description":"Dieses niedrige SAPS-\u00d6l eignet sich sehr gut f\u00fcr den Einsatz in on-road Euro 6 und off-road EU stage IV Motoren in Kombination mit Dieselkraftstoffen mit niedrigem Schwefelgehalt, wenn die angegebenen Spezifikationen erforderlich sind. Geeignet f\u00fcr die h\u00e4rtesten Betriebsbedingungen in Motoren mit oder ohne Partikelfilter und Abgasnachbehandlungssystemen.","og_url":"https:\/\/www.arialoil.com\/de\/product\/arial-unilife-sae-5w-30-hc\/","og_site_name":"ARIAL OIL","article_publisher":"https:\/\/www.facebook.com\/ArialOil","article_modified_time":"2025-09-21T15:33:50+00:00","og_image":[{"width":1280,"height":1280,"url":"https:\/\/www.arialoil.com\/wp-content\/uploads\/2020\/10\/ARIAL-OIL-DRUM-208L.jpg","type":"image\/jpeg"}],"twitter_card":"summary_large_image","twitter_site":"@ArialOil","twitter_misc":{"Gesch\u00e4tzte Lesezeit":"1\u00a0Minute"},"schema":{"@context":"https:\/\/schema.org","@graph":[{"@type":"WebPage","@id":"https:\/\/www.arialoil.com\/de\/product\/arial-unilife-sae-5w-30-hc\/","url":"https:\/\/www.arialoil.com\/de\/product\/arial-unilife-sae-5w-30-hc\/","name":"ARIAL UniLiFe SAE 5W-30 HC - ARIAL OIL","isPartOf":{"@id":"https:\/\/www.arialoil.com\/#website"},"primaryImageOfPage":{"@id":"https:\/\/www.arialoil.com\/de\/product\/arial-unilife-sae-5w-30-hc\/#primaryimage"},"image":{"@id":"https:\/\/www.arialoil.com\/de\/product\/arial-unilife-sae-5w-30-hc\/#primaryimage"},"thumbnailUrl":"https:\/\/www.arialoil.com\/wp-content\/uploads\/2020\/10\/ARIAL-OIL-DRUM-208L.jpg","datePublished":"2020-10-06T11:00:54+00:00","dateModified":"2025-09-21T15:33:50+00:00","description":"Dieses niedrige SAPS-\u00d6l eignet sich sehr gut f\u00fcr den Einsatz in on-road Euro 6 und off-road EU stage IV Motoren in Kombination mit Dieselkraftstoffen mit niedrigem Schwefelgehalt, wenn die angegebenen Spezifikationen erforderlich sind. Geeignet f\u00fcr die h\u00e4rtesten Betriebsbedingungen in Motoren mit oder ohne Partikelfilter und Abgasnachbehandlungssystemen.","breadcrumb":{"@id":"https:\/\/www.arialoil.com\/de\/product\/arial-unilife-sae-5w-30-hc\/#breadcrumb"},"inLanguage":"de","potentialAction":[{"@type":"ReadAction","target":["https:\/\/www.arialoil.com\/de\/product\/arial-unilife-sae-5w-30-hc\/"]}]},{"@type":"ImageObject","inLanguage":"de","@id":"https:\/\/www.arialoil.com\/de\/product\/arial-unilife-sae-5w-30-hc\/#primaryimage","url":"https:\/\/www.arialoil.com\/wp-content\/uploads\/2020\/10\/ARIAL-OIL-DRUM-208L.jpg","contentUrl":"https:\/\/www.arialoil.com\/wp-content\/uploads\/2020\/10\/ARIAL-OIL-DRUM-208L.jpg","width":1280,"height":1280},{"@type":"BreadcrumbList","@id":"https:\/\/www.arialoil.com\/de\/product\/arial-unilife-sae-5w-30-hc\/#breadcrumb","itemListElement":[{"@type":"ListItem","position":1,"name":"Home","item":"https:\/\/www.arialoil.com\/de\/"},{"@type":"ListItem","position":2,"name":"Products","item":"https:\/\/www.arialoil.com\/shop\/"},{"@type":"ListItem","position":3,"name":"ARIAL UniLiFe SAE 5W-30 HC"}]},{"@type":"WebSite","@id":"https:\/\/www.arialoil.com\/#website","url":"https:\/\/www.arialoil.com\/","name":"ARIAL OIL","description":"Motor Oil from Germany","publisher":{"@id":"https:\/\/www.arialoil.com\/#organization"},"potentialAction":[{"@type":"SearchAction","target":{"@type":"EntryPoint","urlTemplate":"https:\/\/www.arialoil.com\/?s={search_term_string}"},"query-input":{"@type":"PropertyValueSpecification","valueRequired":true,"valueName":"search_term_string"}}],"inLanguage":"de"},{"@type":"Organization","@id":"https:\/\/www.arialoil.com\/#organization","name":"ARIAL OIL","url":"https:\/\/www.arialoil.com\/","logo":{"@type":"ImageObject","inLanguage":"de","@id":"https:\/\/www.arialoil.com\/#\/schema\/logo\/image\/","url":"https:\/\/www.arialoil.com\/wp-content\/uploads\/2020\/11\/ARIAL-OIL-LOGO.jpg","contentUrl":"https:\/\/www.arialoil.com\/wp-content\/uploads\/2020\/11\/ARIAL-OIL-LOGO.jpg","width":500,"height":500,"caption":"ARIAL OIL"},"image":{"@id":"https:\/\/www.arialoil.com\/#\/schema\/logo\/image\/"},"sameAs":["https:\/\/www.facebook.com\/ArialOil","https:\/\/x.com\/ArialOil","https:\/\/www.linkedin.com\/company\/arialoil","https:\/\/www.youtube.com\/channel\/UCQ6UBUTmZZfS6bpGoWFDOEQ"]}]}},"_links":{"self":[{"href":"https:\/\/www.arialoil.com\/de\/wp-json\/wp\/v2\/product\/1932","targetHints":{"allow":["GET"]}}],"collection":[{"href":"https:\/\/www.arialoil.com\/de\/wp-json\/wp\/v2\/product"}],"about":[{"href":"https:\/\/www.arialoil.com\/de\/wp-json\/wp\/v2\/types\/product"}],"replies":[{"embeddable":true,"href":"https:\/\/www.arialoil.com\/de\/wp-json\/wp\/v2\/comments?post=1932"}],"wp:featuredmedia":[{"embeddable":true,"href":"https:\/\/www.arialoil.com\/de\/wp-json\/wp\/v2\/media\/2141"}],"wp:attachment":[{"href":"https:\/\/www.arialoil.com\/de\/wp-json\/wp\/v2\/media?parent=1932"}],"wp:term":[{"taxonomy":"product_brand","embeddable":true,"href":"https:\/\/www.arialoil.com\/de\/wp-json\/wp\/v2\/product_brand?post=1932"},{"taxonomy":"product_cat","embeddable":true,"href":"https:\/\/www.arialoil.com\/de\/wp-json\/wp\/v2\/product_cat?post=1932"},{"taxonomy":"product_tag","embeddable":true,"href":"https:\/\/www.arialoil.com\/de\/wp-json\/wp\/v2\/product_tag?post=1932"}],"curies":[{"name":"wp","href":"https:\/\/api.w.org\/{rel}","templated":true}]}}