{"id":1930,"date":"2020-10-06T11:43:20","date_gmt":"2020-10-06T11:43:20","guid":{"rendered":"https:\/\/stage.arialoil.com\/product\/arial-truck-racing-sae-15w-60\/"},"modified":"2025-06-01T21:03:02","modified_gmt":"2025-06-01T21:03:02","slug":"arial-truck-racing-sae-15w-60","status":"publish","type":"product","link":"https:\/\/www.arialoil.com\/de\/product\/arial-truck-racing-sae-15w-60\/","title":{"rendered":"ARIAL TRUCK Racing SAE 15W-60"},"content":{"rendered":"<p>Ein vollsynthetischer robust Mehrbereichs Motoren\u00f6l f\u00fcr den Einsatz unter extremen schweren Bedingungen. Dieses Produkt ist speziell f\u00fcr Lkw die in &#8220;off-road races&#8221; werden verwendet. Durch die Verwendung einer speziellen Kombination von synthetischen Grund\u00f6len, Ester und advanced additiven hat dieses Produkt einen sehr starken Schmierfilm. Dieses Motoren\u00f6l hat durch die Zusammensetzung eine hohe Best\u00e4ndigkeit gegen\u00fcber Oxydation und Viskosit\u00e4t Verlust bei hoher Belastung. Dieses Motoren\u00f6l verf\u00fcgt \u00fcber die folgenden typischen Eigenschaften:<br \/>\n&#8211; sehr wenig Tendenz zu Verdampfen<br \/>\n&#8211; sehr stabiles und ausgezeichnetes Viskosit\u00e4t Verhalten<br \/>\n&#8211; eine gute Scherstabilit\u00e4t<br \/>\n&#8211; eine hohe Alterungsbest\u00e4ndigkeit<br \/>\n&#8211; eine sichere Schmierung \u00fcber einen gro\u00dfen Temperaturbereich<br \/>\n&#8211; sehr gute Reinigungswirkung und dispergierende Eigenschaften<br \/>\n&#8211; weitgehender Schutz vor Verschlei\u00df, Korrosion und Schaumbildung<\/p>\n<p><strong>Anwendung: <\/strong><br \/>\nEin synthetisches Motoren\u00f6l f\u00fcr Rennbedingungen entwickelt wo die h\u00f6chste Leistung erforderlich ist. Dieses \u00d6l hat schon lange seine Qualit\u00e4t unter den extremsten Bedingungen bew\u00e4hrt, vor allem in den Rennen.<\/p>\n<p><img decoding=\"async\" class=\"alignnone size-full wp-image-1514 lazyload\" data-src=\"https:\/\/www.arialoil.com\/wp-content\/uploads\/2020\/10\/desert-dakar-rally-2017-dunes-kamaz-master.jpg\" alt=\"\" width=\"710\" height=\"444\" data-srcset=\"https:\/\/www.arialoil.com\/wp-content\/uploads\/2020\/10\/desert-dakar-rally-2017-dunes-kamaz-master.jpg 710w, https:\/\/www.arialoil.com\/wp-content\/uploads\/2020\/10\/desert-dakar-rally-2017-dunes-kamaz-master-640x400.jpg 640w, https:\/\/www.arialoil.com\/wp-content\/uploads\/2020\/10\/desert-dakar-rally-2017-dunes-kamaz-master-600x375.jpg 600w\" data-sizes=\"(max-width: 710px) 100vw, 710px\" src=\"data:image\/svg+xml;base64,PHN2ZyB3aWR0aD0iMSIgaGVpZ2h0PSIxIiB4bWxucz0iaHR0cDovL3d3dy53My5vcmcvMjAwMC9zdmciPjwvc3ZnPg==\" style=\"--smush-placeholder-width: 710px; --smush-placeholder-aspect-ratio: 710\/444;\" \/><\/p>\n<p><strong>Leistungsbereich:<\/strong><br \/>\nACEA E6, E7, E9<br \/>\nAPI CJ-4<\/p>\n<p><strong>Typische Standardanalysen: <\/strong><br \/>\nDichte bei 15 \u00b0C, kg\/l: 0,862<br \/>\nViskosit\u00e4t -20 \u00b0C, mPa.s: 6430<br \/>\nViskosit\u00e4t 40 \u00b0C, mm\u00b2\/s: 166,00<br \/>\nViskosit\u00e4t 100 \u00b0C, mm\u00b2\/s: 22,90<br \/>\nViskosit\u00e4tsindex: 166<br \/>\nFlammpunkt COC, \u00b0C: 228<br \/>\nFlie\u00dfpunkt, \u00b0C: -54<br \/>\nBasenzahl, mgKOH\/g: 9,6<\/p>\n<p><strong>Verpackung:<\/strong><\/p>\n\n<table id=\"tablepress-PackagingTabENGtruck\" class=\"tablepress tablepress-id-PackagingTabENGtruck tbody-has-connected-cells\">\n<thead>\n<tr class=\"row-1\">\n\t<th class=\"column-1\">litres<\/th><th class=\"column-2\">packing<\/th><th class=\"column-3\">per box<\/th><th class=\"column-4\">per pallet<\/th>\n<\/tr>\n<\/thead>\n<tbody class=\"row-striping row-hover\">\n<tr class=\"row-2\">\n\t<td class=\"column-1\">20<\/td><td class=\"column-2\">canister<\/td><td class=\"column-3\">-<\/td><td class=\"column-4\">24<\/td>\n<\/tr>\n<tr class=\"row-3\">\n\t<td class=\"column-1\">208<\/td><td class=\"column-2\">barrel<\/td><td class=\"column-3\">-<\/td><td class=\"column-4\">4<\/td>\n<\/tr>\n<tr class=\"row-4\">\n\t<td class=\"column-1\"> 1000<\/td><td class=\"column-2\">pallet tank<\/td><td class=\"column-3\">-<\/td><td class=\"column-4\">1<\/td>\n<\/tr>\n<tr class=\"row-5\">\n\t<td colspan=\"4\" class=\"column-1\">*CP pallet size 114 x 114 cm. <\/td>\n<\/tr>\n<\/tbody>\n<\/table>\n<!-- #tablepress-PackagingTabENGtruck from cache -->\n<p><img decoding=\"async\" class=\"aligncenter wp-image-1119 size-medium lazyload\" data-src=\"https:\/\/www.arialoil.com\/wp-content\/uploads\/2020\/11\/ARIAL-OIL-PRODUCTS-ABOUT-US-2-473x400.jpg\" alt=\"\" width=\"473\" height=\"400\" data-srcset=\"https:\/\/www.arialoil.com\/wp-content\/uploads\/2020\/11\/ARIAL-OIL-PRODUCTS-ABOUT-US-2-473x400.jpg 473w, https:\/\/www.arialoil.com\/wp-content\/uploads\/2020\/11\/ARIAL-OIL-PRODUCTS-ABOUT-US-2-945x800.jpg 945w, https:\/\/www.arialoil.com\/wp-content\/uploads\/2020\/11\/ARIAL-OIL-PRODUCTS-ABOUT-US-2-768x650.jpg 768w, https:\/\/www.arialoil.com\/wp-content\/uploads\/2020\/11\/ARIAL-OIL-PRODUCTS-ABOUT-US-2-600x508.jpg 600w, https:\/\/www.arialoil.com\/wp-content\/uploads\/2020\/11\/ARIAL-OIL-PRODUCTS-ABOUT-US-2.jpg 1276w\" data-sizes=\"(max-width: 473px) 100vw, 473px\" src=\"data:image\/svg+xml;base64,PHN2ZyB3aWR0aD0iMSIgaGVpZ2h0PSIxIiB4bWxucz0iaHR0cDovL3d3dy53My5vcmcvMjAwMC9zdmciPjwvc3ZnPg==\" style=\"--smush-placeholder-width: 473px; --smush-placeholder-aspect-ratio: 473\/400;\" \/><\/p>\n","protected":false},"excerpt":{"rendered":"<p><img decoding=\"async\" class=\"alignnone size-full wp-image-1377 lazyload\" data-src=\"https:\/\/www.arialoil.com\/wp-content\/uploads\/2020\/10\/lkw-arial.png\" alt=\"\" width=\"75\" height=\"35\" src=\"data:image\/svg+xml;base64,PHN2ZyB3aWR0aD0iMSIgaGVpZ2h0PSIxIiB4bWxucz0iaHR0cDovL3d3dy53My5vcmcvMjAwMC9zdmciPjwvc3ZnPg==\" style=\"--smush-placeholder-width: 75px; --smush-placeholder-aspect-ratio: 75\/35;\" \/><br \/>\nEin synthetisches Motoren\u00f6l f\u00fcr Rennbedingungen entwickelt wo die h\u00f6chste Leistung erforderlich ist. Dieses \u00d6l hat schon lange seine Qualit\u00e4t unter den extremsten Bedingungen bew\u00e4hrt, vor allem in den Rennen.<\/p>\n","protected":false},"featured_media":0,"comment_status":"open","ping_status":"closed","template":"","meta":[],"product_brand":[],"product_cat":[133,132],"product_tag":[154,153,352],"class_list":{"0":"post-1930","1":"product","2":"type-product","3":"status-publish","5":"product_cat-lkw-motorenole","6":"product_cat-rennsportmotorenole","7":"product_tag-lkw-motorenole","8":"product_tag-rennsportmotorenole","9":"product_tag-sae-15w-60-de","11":"first","12":"instock","13":"taxable","14":"shipping-taxable","15":"product-type-simple"},"yoast_head":"<!-- This site is optimized with the Yoast SEO plugin v27.3 - https:\/\/yoast.com\/product\/yoast-seo-wordpress\/ -->\n<title>ARIAL TRUCK Racing SAE 15W-60 - ARIAL OIL<\/title>\n<meta name=\"description\" content=\"Ein synthetisches Motoren\u00f6l f\u00fcr Rennbedingungen entwickelt wo die h\u00f6chste Leistung erforderlich ist. Dieses \u00d6l hat schon lange seine Qualit\u00e4t unter den extremsten Bedingungen bew\u00e4hrt, vor allem in den Rennen.\" \/>\n<meta name=\"robots\" content=\"index, follow, max-snippet:-1, max-image-preview:large, max-video-preview:-1\" \/>\n<link rel=\"canonical\" href=\"https:\/\/www.arialoil.com\/de\/product\/arial-truck-racing-sae-15w-60\/\" \/>\n<meta property=\"og:locale\" content=\"de_DE\" \/>\n<meta property=\"og:type\" content=\"article\" \/>\n<meta property=\"og:title\" content=\"ARIAL TRUCK Racing SAE 15W-60 - ARIAL OIL\" \/>\n<meta property=\"og:description\" content=\"Ein synthetisches Motoren\u00f6l f\u00fcr Rennbedingungen entwickelt wo die h\u00f6chste Leistung erforderlich ist. Dieses \u00d6l hat schon lange seine Qualit\u00e4t unter den extremsten Bedingungen bew\u00e4hrt, vor allem in den Rennen.\" \/>\n<meta property=\"og:url\" content=\"https:\/\/www.arialoil.com\/de\/product\/arial-truck-racing-sae-15w-60\/\" \/>\n<meta property=\"og:site_name\" content=\"ARIAL OIL\" \/>\n<meta property=\"article:publisher\" content=\"https:\/\/www.facebook.com\/ArialOil\" \/>\n<meta property=\"article:modified_time\" content=\"2025-06-01T21:03:02+00:00\" \/>\n<meta property=\"og:image\" content=\"https:\/\/www.arialoil.com\/wp-content\/uploads\/2020\/11\/Truck-15w-60-Racing-5L-scaled.jpg\" \/>\n\t<meta property=\"og:image:width\" content=\"2560\" \/>\n\t<meta property=\"og:image:height\" content=\"2560\" \/>\n\t<meta property=\"og:image:type\" content=\"image\/jpeg\" \/>\n<meta name=\"twitter:card\" content=\"summary_large_image\" \/>\n<meta name=\"twitter:site\" content=\"@ArialOil\" \/>\n<meta name=\"twitter:label1\" content=\"Gesch\u00e4tzte Lesezeit\" \/>\n\t<meta name=\"twitter:data1\" content=\"1\u00a0Minute\" \/>\n<script type=\"application\/ld+json\" class=\"yoast-schema-graph\">{\"@context\":\"https:\\\/\\\/schema.org\",\"@graph\":[{\"@type\":\"WebPage\",\"@id\":\"https:\\\/\\\/www.arialoil.com\\\/de\\\/product\\\/arial-truck-racing-sae-15w-60\\\/\",\"url\":\"https:\\\/\\\/www.arialoil.com\\\/de\\\/product\\\/arial-truck-racing-sae-15w-60\\\/\",\"name\":\"ARIAL TRUCK Racing SAE 15W-60 - ARIAL OIL\",\"isPartOf\":{\"@id\":\"https:\\\/\\\/www.arialoil.com\\\/#website\"},\"primaryImageOfPage\":{\"@id\":\"https:\\\/\\\/www.arialoil.com\\\/de\\\/product\\\/arial-truck-racing-sae-15w-60\\\/#primaryimage\"},\"image\":{\"@id\":\"https:\\\/\\\/www.arialoil.com\\\/de\\\/product\\\/arial-truck-racing-sae-15w-60\\\/#primaryimage\"},\"thumbnailUrl\":\"https:\\\/\\\/www.arialoil.com\\\/wp-content\\\/uploads\\\/2020\\\/10\\\/desert-dakar-rally-2017-dunes-kamaz-master.jpg\",\"datePublished\":\"2020-10-06T11:43:20+00:00\",\"dateModified\":\"2025-06-01T21:03:02+00:00\",\"description\":\"Ein synthetisches Motoren\u00f6l f\u00fcr Rennbedingungen entwickelt wo die h\u00f6chste Leistung erforderlich ist. Dieses \u00d6l hat schon lange seine Qualit\u00e4t unter den extremsten Bedingungen bew\u00e4hrt, vor allem in den Rennen.\",\"breadcrumb\":{\"@id\":\"https:\\\/\\\/www.arialoil.com\\\/de\\\/product\\\/arial-truck-racing-sae-15w-60\\\/#breadcrumb\"},\"inLanguage\":\"de\",\"potentialAction\":[{\"@type\":\"ReadAction\",\"target\":[\"https:\\\/\\\/www.arialoil.com\\\/de\\\/product\\\/arial-truck-racing-sae-15w-60\\\/\"]}]},{\"@type\":\"ImageObject\",\"inLanguage\":\"de\",\"@id\":\"https:\\\/\\\/www.arialoil.com\\\/de\\\/product\\\/arial-truck-racing-sae-15w-60\\\/#primaryimage\",\"url\":\"https:\\\/\\\/www.arialoil.com\\\/wp-content\\\/uploads\\\/2020\\\/10\\\/desert-dakar-rally-2017-dunes-kamaz-master.jpg\",\"contentUrl\":\"https:\\\/\\\/www.arialoil.com\\\/wp-content\\\/uploads\\\/2020\\\/10\\\/desert-dakar-rally-2017-dunes-kamaz-master.jpg\"},{\"@type\":\"BreadcrumbList\",\"@id\":\"https:\\\/\\\/www.arialoil.com\\\/de\\\/product\\\/arial-truck-racing-sae-15w-60\\\/#breadcrumb\",\"itemListElement\":[{\"@type\":\"ListItem\",\"position\":1,\"name\":\"Home\",\"item\":\"https:\\\/\\\/www.arialoil.com\\\/de\\\/\"},{\"@type\":\"ListItem\",\"position\":2,\"name\":\"Products\",\"item\":\"https:\\\/\\\/www.arialoil.com\\\/shop\\\/\"},{\"@type\":\"ListItem\",\"position\":3,\"name\":\"ARIAL TRUCK Racing SAE 15W-60\"}]},{\"@type\":\"WebSite\",\"@id\":\"https:\\\/\\\/www.arialoil.com\\\/#website\",\"url\":\"https:\\\/\\\/www.arialoil.com\\\/\",\"name\":\"ARIAL OIL\",\"description\":\"Motor Oil from Germany\",\"publisher\":{\"@id\":\"https:\\\/\\\/www.arialoil.com\\\/#organization\"},\"potentialAction\":[{\"@type\":\"SearchAction\",\"target\":{\"@type\":\"EntryPoint\",\"urlTemplate\":\"https:\\\/\\\/www.arialoil.com\\\/?s={search_term_string}\"},\"query-input\":{\"@type\":\"PropertyValueSpecification\",\"valueRequired\":true,\"valueName\":\"search_term_string\"}}],\"inLanguage\":\"de\"},{\"@type\":\"Organization\",\"@id\":\"https:\\\/\\\/www.arialoil.com\\\/#organization\",\"name\":\"ARIAL OIL\",\"url\":\"https:\\\/\\\/www.arialoil.com\\\/\",\"logo\":{\"@type\":\"ImageObject\",\"inLanguage\":\"de\",\"@id\":\"https:\\\/\\\/www.arialoil.com\\\/#\\\/schema\\\/logo\\\/image\\\/\",\"url\":\"https:\\\/\\\/www.arialoil.com\\\/wp-content\\\/uploads\\\/2020\\\/11\\\/ARIAL-OIL-LOGO.jpg\",\"contentUrl\":\"https:\\\/\\\/www.arialoil.com\\\/wp-content\\\/uploads\\\/2020\\\/11\\\/ARIAL-OIL-LOGO.jpg\",\"width\":500,\"height\":500,\"caption\":\"ARIAL OIL\"},\"image\":{\"@id\":\"https:\\\/\\\/www.arialoil.com\\\/#\\\/schema\\\/logo\\\/image\\\/\"},\"sameAs\":[\"https:\\\/\\\/www.facebook.com\\\/ArialOil\",\"https:\\\/\\\/x.com\\\/ArialOil\",\"https:\\\/\\\/www.linkedin.com\\\/company\\\/arialoil\",\"https:\\\/\\\/www.youtube.com\\\/channel\\\/UCQ6UBUTmZZfS6bpGoWFDOEQ\"]}]}<\/script>\n<!-- \/ Yoast SEO plugin. -->","yoast_head_json":{"title":"ARIAL TRUCK Racing SAE 15W-60 - ARIAL OIL","description":"Ein synthetisches Motoren\u00f6l f\u00fcr Rennbedingungen entwickelt wo die h\u00f6chste Leistung erforderlich ist. Dieses \u00d6l hat schon lange seine Qualit\u00e4t unter den extremsten Bedingungen bew\u00e4hrt, vor allem in den Rennen.","robots":{"index":"index","follow":"follow","max-snippet":"max-snippet:-1","max-image-preview":"max-image-preview:large","max-video-preview":"max-video-preview:-1"},"canonical":"https:\/\/www.arialoil.com\/de\/product\/arial-truck-racing-sae-15w-60\/","og_locale":"de_DE","og_type":"article","og_title":"ARIAL TRUCK Racing SAE 15W-60 - ARIAL OIL","og_description":"Ein synthetisches Motoren\u00f6l f\u00fcr Rennbedingungen entwickelt wo die h\u00f6chste Leistung erforderlich ist. Dieses \u00d6l hat schon lange seine Qualit\u00e4t unter den extremsten Bedingungen bew\u00e4hrt, vor allem in den Rennen.","og_url":"https:\/\/www.arialoil.com\/de\/product\/arial-truck-racing-sae-15w-60\/","og_site_name":"ARIAL OIL","article_publisher":"https:\/\/www.facebook.com\/ArialOil","article_modified_time":"2025-06-01T21:03:02+00:00","og_image":[{"width":2560,"height":2560,"url":"https:\/\/www.arialoil.com\/wp-content\/uploads\/2020\/11\/Truck-15w-60-Racing-5L-scaled.jpg","type":"image\/jpeg"}],"twitter_card":"summary_large_image","twitter_site":"@ArialOil","twitter_misc":{"Gesch\u00e4tzte Lesezeit":"1\u00a0Minute"},"schema":{"@context":"https:\/\/schema.org","@graph":[{"@type":"WebPage","@id":"https:\/\/www.arialoil.com\/de\/product\/arial-truck-racing-sae-15w-60\/","url":"https:\/\/www.arialoil.com\/de\/product\/arial-truck-racing-sae-15w-60\/","name":"ARIAL TRUCK Racing SAE 15W-60 - ARIAL OIL","isPartOf":{"@id":"https:\/\/www.arialoil.com\/#website"},"primaryImageOfPage":{"@id":"https:\/\/www.arialoil.com\/de\/product\/arial-truck-racing-sae-15w-60\/#primaryimage"},"image":{"@id":"https:\/\/www.arialoil.com\/de\/product\/arial-truck-racing-sae-15w-60\/#primaryimage"},"thumbnailUrl":"https:\/\/www.arialoil.com\/wp-content\/uploads\/2020\/10\/desert-dakar-rally-2017-dunes-kamaz-master.jpg","datePublished":"2020-10-06T11:43:20+00:00","dateModified":"2025-06-01T21:03:02+00:00","description":"Ein synthetisches Motoren\u00f6l f\u00fcr Rennbedingungen entwickelt wo die h\u00f6chste Leistung erforderlich ist. Dieses \u00d6l hat schon lange seine Qualit\u00e4t unter den extremsten Bedingungen bew\u00e4hrt, vor allem in den Rennen.","breadcrumb":{"@id":"https:\/\/www.arialoil.com\/de\/product\/arial-truck-racing-sae-15w-60\/#breadcrumb"},"inLanguage":"de","potentialAction":[{"@type":"ReadAction","target":["https:\/\/www.arialoil.com\/de\/product\/arial-truck-racing-sae-15w-60\/"]}]},{"@type":"ImageObject","inLanguage":"de","@id":"https:\/\/www.arialoil.com\/de\/product\/arial-truck-racing-sae-15w-60\/#primaryimage","url":"https:\/\/www.arialoil.com\/wp-content\/uploads\/2020\/10\/desert-dakar-rally-2017-dunes-kamaz-master.jpg","contentUrl":"https:\/\/www.arialoil.com\/wp-content\/uploads\/2020\/10\/desert-dakar-rally-2017-dunes-kamaz-master.jpg"},{"@type":"BreadcrumbList","@id":"https:\/\/www.arialoil.com\/de\/product\/arial-truck-racing-sae-15w-60\/#breadcrumb","itemListElement":[{"@type":"ListItem","position":1,"name":"Home","item":"https:\/\/www.arialoil.com\/de\/"},{"@type":"ListItem","position":2,"name":"Products","item":"https:\/\/www.arialoil.com\/shop\/"},{"@type":"ListItem","position":3,"name":"ARIAL TRUCK Racing SAE 15W-60"}]},{"@type":"WebSite","@id":"https:\/\/www.arialoil.com\/#website","url":"https:\/\/www.arialoil.com\/","name":"ARIAL OIL","description":"Motor Oil from Germany","publisher":{"@id":"https:\/\/www.arialoil.com\/#organization"},"potentialAction":[{"@type":"SearchAction","target":{"@type":"EntryPoint","urlTemplate":"https:\/\/www.arialoil.com\/?s={search_term_string}"},"query-input":{"@type":"PropertyValueSpecification","valueRequired":true,"valueName":"search_term_string"}}],"inLanguage":"de"},{"@type":"Organization","@id":"https:\/\/www.arialoil.com\/#organization","name":"ARIAL OIL","url":"https:\/\/www.arialoil.com\/","logo":{"@type":"ImageObject","inLanguage":"de","@id":"https:\/\/www.arialoil.com\/#\/schema\/logo\/image\/","url":"https:\/\/www.arialoil.com\/wp-content\/uploads\/2020\/11\/ARIAL-OIL-LOGO.jpg","contentUrl":"https:\/\/www.arialoil.com\/wp-content\/uploads\/2020\/11\/ARIAL-OIL-LOGO.jpg","width":500,"height":500,"caption":"ARIAL OIL"},"image":{"@id":"https:\/\/www.arialoil.com\/#\/schema\/logo\/image\/"},"sameAs":["https:\/\/www.facebook.com\/ArialOil","https:\/\/x.com\/ArialOil","https:\/\/www.linkedin.com\/company\/arialoil","https:\/\/www.youtube.com\/channel\/UCQ6UBUTmZZfS6bpGoWFDOEQ"]}]}},"_links":{"self":[{"href":"https:\/\/www.arialoil.com\/de\/wp-json\/wp\/v2\/product\/1930","targetHints":{"allow":["GET"]}}],"collection":[{"href":"https:\/\/www.arialoil.com\/de\/wp-json\/wp\/v2\/product"}],"about":[{"href":"https:\/\/www.arialoil.com\/de\/wp-json\/wp\/v2\/types\/product"}],"replies":[{"embeddable":true,"href":"https:\/\/www.arialoil.com\/de\/wp-json\/wp\/v2\/comments?post=1930"}],"wp:attachment":[{"href":"https:\/\/www.arialoil.com\/de\/wp-json\/wp\/v2\/media?parent=1930"}],"wp:term":[{"taxonomy":"product_brand","embeddable":true,"href":"https:\/\/www.arialoil.com\/de\/wp-json\/wp\/v2\/product_brand?post=1930"},{"taxonomy":"product_cat","embeddable":true,"href":"https:\/\/www.arialoil.com\/de\/wp-json\/wp\/v2\/product_cat?post=1930"},{"taxonomy":"product_tag","embeddable":true,"href":"https:\/\/www.arialoil.com\/de\/wp-json\/wp\/v2\/product_tag?post=1930"}],"curies":[{"name":"wp","href":"https:\/\/api.w.org\/{rel}","templated":true}]}}