{"id":1928,"date":"2020-10-06T11:39:10","date_gmt":"2020-10-06T11:39:10","guid":{"rendered":"https:\/\/stage.arialoil.com\/product\/arial-unilife-sae-15w-40-hd\/"},"modified":"2023-04-05T07:59:30","modified_gmt":"2023-04-05T07:59:30","slug":"arial-unilife-sae-15w-40-hd","status":"publish","type":"product","link":"https:\/\/www.arialoil.com\/de\/product\/arial-unilife-sae-15w-40-hd\/","title":{"rendered":"ARIAL UniLiFe 15W-40 HD"},"content":{"rendered":"<p>Eine Otto- und Dieselmotoren\u00f6l basierend auf sehr hochwertigen solvent raffinierten Grund\u00f6len und spezielle, sehr wirksame Additive. Dieses Motoren\u00f6l vereinigt folgende Eigenschaften:<br \/>\n&#8211; sehr starke detergierende Eigenschaften verhindern die Bildung von R\u00fcckst\u00e4nden im Motor<br \/>\n&#8211; ein sehr starkes Dispergier Verm\u00f6gen verhindert Kaltschlamm und R\u00fcckstandsbildung<br \/>\n&#8211; optimaler Schutz vor Korrosion und Schlammbildung<br \/>\n&#8211; hoher und stabiler Viskosit\u00e4tsindex<br \/>\n&#8211; bestm\u00f6glicher Schutz vor Verschlei\u00df an Kolbenringen, Zylinderw\u00e4nden und Lagern<\/p>\n<p><strong>Anwendung: <\/strong><br \/>\nDieses universell einsetzbare Motoren\u00f6l ist geeignet f\u00fcr Anwendung in \u00e4lteren Typen Diesel- und Ottomotoren, mit und ohne Turbolader. Dieses Motoren\u00f6l ist f\u00fcr Anwendung in gemischten Fuhrparks.<\/p>\n<p><strong>Leistungsbereich:<\/strong><br \/>\nACEA E7<br \/>\nAPI CH-4\/SJ<br \/>\nCat ECF-1-a<br \/>\nCummins CES 20076\/20077<br \/>\nDeutz DQC III-10<br \/>\nMAN M 3275-1<br \/>\nMB 228.1<br \/>\nMTU Type 2<br \/>\nVolvo VDS-2<\/p>\n<p><strong>Typische Standardanalysen: <\/strong><br \/>\nDichte bei 15 \u00b0C, kg\/l: 0,884<br \/>\nViskosit\u00e4t -20 \u00b0C, mPa.s: 5700<br \/>\nViskosit\u00e4t 40 \u00b0C, mm\u00b2\/s: 107,00<br \/>\nViskosit\u00e4t 100 \u00b0C, mm\u00b2\/s: 14,50<br \/>\nViskosit\u00e4tsindex: 140<br \/>\nFlammpunkt COC, \u00b0C: 220<br \/>\nFlie\u00dfpunkt, \u00b0C: -33<br \/>\nBasenzahl, mgKOH\/g: 11,1<br \/>\nSulfataschegehalt, %: 1,43<\/p>\n<p><strong>Verpackung:<\/strong><\/p>\n\n<table id=\"tablepress-PackagingTabENGtruck\" class=\"tablepress tablepress-id-PackagingTabENGtruck tbody-has-connected-cells\">\n<thead>\n<tr class=\"row-1\">\n\t<th class=\"column-1\">litres<\/th><th class=\"column-2\">packing<\/th><th class=\"column-3\">per box<\/th><th class=\"column-4\">per pallet<\/th>\n<\/tr>\n<\/thead>\n<tbody class=\"row-striping row-hover\">\n<tr class=\"row-2\">\n\t<td class=\"column-1\">20<\/td><td class=\"column-2\">canister<\/td><td class=\"column-3\">-<\/td><td class=\"column-4\">24<\/td>\n<\/tr>\n<tr class=\"row-3\">\n\t<td class=\"column-1\">208<\/td><td class=\"column-2\">barrel<\/td><td class=\"column-3\">-<\/td><td class=\"column-4\">4<\/td>\n<\/tr>\n<tr class=\"row-4\">\n\t<td class=\"column-1\"> 1000<\/td><td class=\"column-2\">pallet tank<\/td><td class=\"column-3\">-<\/td><td class=\"column-4\">1<\/td>\n<\/tr>\n<tr class=\"row-5\">\n\t<td colspan=\"4\" class=\"column-1\">*CP pallet size 114 x 114 cm. <\/td>\n<\/tr>\n<\/tbody>\n<\/table>\n<!-- #tablepress-PackagingTabENGtruck from cache -->\n","protected":false},"excerpt":{"rendered":"<p><img decoding=\"async\" class=\"alignnone size-full wp-image-1377 lazyload\" data-src=\"https:\/\/www.arialoil.com\/wp-content\/uploads\/2020\/10\/lkw-arial.png\" alt=\"\" width=\"75\" height=\"35\" src=\"data:image\/svg+xml;base64,PHN2ZyB3aWR0aD0iMSIgaGVpZ2h0PSIxIiB4bWxucz0iaHR0cDovL3d3dy53My5vcmcvMjAwMC9zdmciPjwvc3ZnPg==\" style=\"--smush-placeholder-width: 75px; --smush-placeholder-aspect-ratio: 75\/35;\" \/> <img decoding=\"async\" class=\"alignnone size-full wp-image-1372 lazyload\" data-src=\"https:\/\/www.arialoil.com\/wp-content\/uploads\/2021\/02\/kleinlaster-arial.png\" alt=\"\" width=\"75\" height=\"35\" src=\"data:image\/svg+xml;base64,PHN2ZyB3aWR0aD0iMSIgaGVpZ2h0PSIxIiB4bWxucz0iaHR0cDovL3d3dy53My5vcmcvMjAwMC9zdmciPjwvc3ZnPg==\" style=\"--smush-placeholder-width: 75px; --smush-placeholder-aspect-ratio: 75\/35;\" \/><img decoding=\"async\" class=\"alignnone size-full wp-image-1368 lazyload\" data-src=\"https:\/\/www.arialoil.com\/wp-content\/uploads\/2021\/02\/pkw-arial.png\" alt=\"\" width=\"75\" height=\"35\" src=\"data:image\/svg+xml;base64,PHN2ZyB3aWR0aD0iMSIgaGVpZ2h0PSIxIiB4bWxucz0iaHR0cDovL3d3dy53My5vcmcvMjAwMC9zdmciPjwvc3ZnPg==\" style=\"--smush-placeholder-width: 75px; --smush-placeholder-aspect-ratio: 75\/35;\" \/><br \/>\nDieses universell einsetzbare Motoren\u00f6l ist geeignet f\u00fcr Anwendung in \u00e4lteren Typen Diesel- und Ottomotoren, mit und ohne Turbolader. Dieses Motoren\u00f6l ist f\u00fcr Anwendung in gemischten Fuhrparks.<\/p>\n","protected":false},"featured_media":1929,"comment_status":"open","ping_status":"closed","template":"","meta":[],"product_brand":[],"product_cat":[133,134],"product_tag":[154,155,351],"class_list":{"0":"post-1928","1":"product","2":"type-product","3":"status-publish","4":"has-post-thumbnail","6":"product_cat-lkw-motorenole","7":"product_cat-motorenole-fur-den-gemischten-fuhrpark","8":"product_tag-lkw-motorenole","9":"product_tag-motorenole-fur-den-gemischten-fuhrpark","10":"product_tag-sae-15w-40-de","12":"first","13":"instock","14":"taxable","15":"shipping-taxable","16":"purchasable","17":"product-type-variable","18":"has-default-attributes"},"yoast_head":"<!-- This site is optimized with the Yoast SEO plugin v27.3 - https:\/\/yoast.com\/product\/yoast-seo-wordpress\/ -->\n<title>ARIAL UniLiFe 15W-40 HD - ARIAL OIL<\/title>\n<meta name=\"robots\" content=\"index, follow, max-snippet:-1, max-image-preview:large, max-video-preview:-1\" \/>\n<link rel=\"canonical\" href=\"https:\/\/www.arialoil.com\/de\/product\/arial-unilife-sae-15w-40-hd\/\" \/>\n<meta property=\"og:locale\" content=\"de_DE\" \/>\n<meta property=\"og:type\" content=\"article\" \/>\n<meta property=\"og:title\" content=\"ARIAL UniLiFe 15W-40 HD - ARIAL OIL\" \/>\n<meta property=\"og:description\" content=\"Dieses universell einsetzbare Motoren\u00f6l ist geeignet f\u00fcr Anwendung in \u00e4lteren Typen Diesel- und Ottomotoren, mit und ohne Turbolader. Dieses Motoren\u00f6l ist f\u00fcr Anwendung in gemischten Fuhrparks.\" \/>\n<meta property=\"og:url\" content=\"https:\/\/www.arialoil.com\/de\/product\/arial-unilife-sae-15w-40-hd\/\" \/>\n<meta property=\"og:site_name\" content=\"ARIAL OIL\" \/>\n<meta property=\"article:publisher\" content=\"https:\/\/www.facebook.com\/ArialOil\" \/>\n<meta property=\"article:modified_time\" content=\"2023-04-05T07:59:30+00:00\" \/>\n<meta property=\"og:image\" content=\"https:\/\/www.arialoil.com\/wp-content\/uploads\/2020\/11\/UniLiFe-15w-40-HD-5L-scaled.jpg\" \/>\n\t<meta property=\"og:image:width\" content=\"2560\" \/>\n\t<meta property=\"og:image:height\" content=\"2560\" \/>\n\t<meta property=\"og:image:type\" content=\"image\/jpeg\" \/>\n<meta name=\"twitter:card\" content=\"summary_large_image\" \/>\n<meta name=\"twitter:site\" content=\"@ArialOil\" \/>\n<meta name=\"twitter:label1\" content=\"Gesch\u00e4tzte Lesezeit\" \/>\n\t<meta name=\"twitter:data1\" content=\"1\u00a0Minute\" \/>\n<script type=\"application\/ld+json\" class=\"yoast-schema-graph\">{\"@context\":\"https:\\\/\\\/schema.org\",\"@graph\":[{\"@type\":\"WebPage\",\"@id\":\"https:\\\/\\\/www.arialoil.com\\\/de\\\/product\\\/arial-unilife-sae-15w-40-hd\\\/\",\"url\":\"https:\\\/\\\/www.arialoil.com\\\/de\\\/product\\\/arial-unilife-sae-15w-40-hd\\\/\",\"name\":\"ARIAL UniLiFe 15W-40 HD - ARIAL OIL\",\"isPartOf\":{\"@id\":\"https:\\\/\\\/www.arialoil.com\\\/#website\"},\"primaryImageOfPage\":{\"@id\":\"https:\\\/\\\/www.arialoil.com\\\/de\\\/product\\\/arial-unilife-sae-15w-40-hd\\\/#primaryimage\"},\"image\":{\"@id\":\"https:\\\/\\\/www.arialoil.com\\\/de\\\/product\\\/arial-unilife-sae-15w-40-hd\\\/#primaryimage\"},\"thumbnailUrl\":\"https:\\\/\\\/www.arialoil.com\\\/wp-content\\\/uploads\\\/2020\\\/11\\\/UniLiFe-15w-40-HD-5L-scaled.jpg\",\"datePublished\":\"2020-10-06T11:39:10+00:00\",\"dateModified\":\"2023-04-05T07:59:30+00:00\",\"breadcrumb\":{\"@id\":\"https:\\\/\\\/www.arialoil.com\\\/de\\\/product\\\/arial-unilife-sae-15w-40-hd\\\/#breadcrumb\"},\"inLanguage\":\"de\",\"potentialAction\":[{\"@type\":\"ReadAction\",\"target\":[\"https:\\\/\\\/www.arialoil.com\\\/de\\\/product\\\/arial-unilife-sae-15w-40-hd\\\/\"]}]},{\"@type\":\"ImageObject\",\"inLanguage\":\"de\",\"@id\":\"https:\\\/\\\/www.arialoil.com\\\/de\\\/product\\\/arial-unilife-sae-15w-40-hd\\\/#primaryimage\",\"url\":\"https:\\\/\\\/www.arialoil.com\\\/wp-content\\\/uploads\\\/2020\\\/11\\\/UniLiFe-15w-40-HD-5L-scaled.jpg\",\"contentUrl\":\"https:\\\/\\\/www.arialoil.com\\\/wp-content\\\/uploads\\\/2020\\\/11\\\/UniLiFe-15w-40-HD-5L-scaled.jpg\",\"width\":2560,\"height\":2560},{\"@type\":\"BreadcrumbList\",\"@id\":\"https:\\\/\\\/www.arialoil.com\\\/de\\\/product\\\/arial-unilife-sae-15w-40-hd\\\/#breadcrumb\",\"itemListElement\":[{\"@type\":\"ListItem\",\"position\":1,\"name\":\"Home\",\"item\":\"https:\\\/\\\/www.arialoil.com\\\/de\\\/\"},{\"@type\":\"ListItem\",\"position\":2,\"name\":\"Products\",\"item\":\"https:\\\/\\\/www.arialoil.com\\\/shop\\\/\"},{\"@type\":\"ListItem\",\"position\":3,\"name\":\"ARIAL UniLiFe 15W-40 HD\"}]},{\"@type\":\"WebSite\",\"@id\":\"https:\\\/\\\/www.arialoil.com\\\/#website\",\"url\":\"https:\\\/\\\/www.arialoil.com\\\/\",\"name\":\"ARIAL OIL\",\"description\":\"Motor Oil from Germany\",\"publisher\":{\"@id\":\"https:\\\/\\\/www.arialoil.com\\\/#organization\"},\"potentialAction\":[{\"@type\":\"SearchAction\",\"target\":{\"@type\":\"EntryPoint\",\"urlTemplate\":\"https:\\\/\\\/www.arialoil.com\\\/?s={search_term_string}\"},\"query-input\":{\"@type\":\"PropertyValueSpecification\",\"valueRequired\":true,\"valueName\":\"search_term_string\"}}],\"inLanguage\":\"de\"},{\"@type\":\"Organization\",\"@id\":\"https:\\\/\\\/www.arialoil.com\\\/#organization\",\"name\":\"ARIAL OIL\",\"url\":\"https:\\\/\\\/www.arialoil.com\\\/\",\"logo\":{\"@type\":\"ImageObject\",\"inLanguage\":\"de\",\"@id\":\"https:\\\/\\\/www.arialoil.com\\\/#\\\/schema\\\/logo\\\/image\\\/\",\"url\":\"https:\\\/\\\/www.arialoil.com\\\/wp-content\\\/uploads\\\/2020\\\/11\\\/ARIAL-OIL-LOGO.jpg\",\"contentUrl\":\"https:\\\/\\\/www.arialoil.com\\\/wp-content\\\/uploads\\\/2020\\\/11\\\/ARIAL-OIL-LOGO.jpg\",\"width\":500,\"height\":500,\"caption\":\"ARIAL OIL\"},\"image\":{\"@id\":\"https:\\\/\\\/www.arialoil.com\\\/#\\\/schema\\\/logo\\\/image\\\/\"},\"sameAs\":[\"https:\\\/\\\/www.facebook.com\\\/ArialOil\",\"https:\\\/\\\/x.com\\\/ArialOil\",\"https:\\\/\\\/www.linkedin.com\\\/company\\\/arialoil\",\"https:\\\/\\\/www.youtube.com\\\/channel\\\/UCQ6UBUTmZZfS6bpGoWFDOEQ\"]}]}<\/script>\n<!-- \/ Yoast SEO plugin. -->","yoast_head_json":{"title":"ARIAL UniLiFe 15W-40 HD - ARIAL OIL","robots":{"index":"index","follow":"follow","max-snippet":"max-snippet:-1","max-image-preview":"max-image-preview:large","max-video-preview":"max-video-preview:-1"},"canonical":"https:\/\/www.arialoil.com\/de\/product\/arial-unilife-sae-15w-40-hd\/","og_locale":"de_DE","og_type":"article","og_title":"ARIAL UniLiFe 15W-40 HD - ARIAL OIL","og_description":"Dieses universell einsetzbare Motoren\u00f6l ist geeignet f\u00fcr Anwendung in \u00e4lteren Typen Diesel- und Ottomotoren, mit und ohne Turbolader. Dieses Motoren\u00f6l ist f\u00fcr Anwendung in gemischten Fuhrparks.","og_url":"https:\/\/www.arialoil.com\/de\/product\/arial-unilife-sae-15w-40-hd\/","og_site_name":"ARIAL OIL","article_publisher":"https:\/\/www.facebook.com\/ArialOil","article_modified_time":"2023-04-05T07:59:30+00:00","og_image":[{"width":2560,"height":2560,"url":"https:\/\/www.arialoil.com\/wp-content\/uploads\/2020\/11\/UniLiFe-15w-40-HD-5L-scaled.jpg","type":"image\/jpeg"}],"twitter_card":"summary_large_image","twitter_site":"@ArialOil","twitter_misc":{"Gesch\u00e4tzte Lesezeit":"1\u00a0Minute"},"schema":{"@context":"https:\/\/schema.org","@graph":[{"@type":"WebPage","@id":"https:\/\/www.arialoil.com\/de\/product\/arial-unilife-sae-15w-40-hd\/","url":"https:\/\/www.arialoil.com\/de\/product\/arial-unilife-sae-15w-40-hd\/","name":"ARIAL UniLiFe 15W-40 HD - ARIAL OIL","isPartOf":{"@id":"https:\/\/www.arialoil.com\/#website"},"primaryImageOfPage":{"@id":"https:\/\/www.arialoil.com\/de\/product\/arial-unilife-sae-15w-40-hd\/#primaryimage"},"image":{"@id":"https:\/\/www.arialoil.com\/de\/product\/arial-unilife-sae-15w-40-hd\/#primaryimage"},"thumbnailUrl":"https:\/\/www.arialoil.com\/wp-content\/uploads\/2020\/11\/UniLiFe-15w-40-HD-5L-scaled.jpg","datePublished":"2020-10-06T11:39:10+00:00","dateModified":"2023-04-05T07:59:30+00:00","breadcrumb":{"@id":"https:\/\/www.arialoil.com\/de\/product\/arial-unilife-sae-15w-40-hd\/#breadcrumb"},"inLanguage":"de","potentialAction":[{"@type":"ReadAction","target":["https:\/\/www.arialoil.com\/de\/product\/arial-unilife-sae-15w-40-hd\/"]}]},{"@type":"ImageObject","inLanguage":"de","@id":"https:\/\/www.arialoil.com\/de\/product\/arial-unilife-sae-15w-40-hd\/#primaryimage","url":"https:\/\/www.arialoil.com\/wp-content\/uploads\/2020\/11\/UniLiFe-15w-40-HD-5L-scaled.jpg","contentUrl":"https:\/\/www.arialoil.com\/wp-content\/uploads\/2020\/11\/UniLiFe-15w-40-HD-5L-scaled.jpg","width":2560,"height":2560},{"@type":"BreadcrumbList","@id":"https:\/\/www.arialoil.com\/de\/product\/arial-unilife-sae-15w-40-hd\/#breadcrumb","itemListElement":[{"@type":"ListItem","position":1,"name":"Home","item":"https:\/\/www.arialoil.com\/de\/"},{"@type":"ListItem","position":2,"name":"Products","item":"https:\/\/www.arialoil.com\/shop\/"},{"@type":"ListItem","position":3,"name":"ARIAL UniLiFe 15W-40 HD"}]},{"@type":"WebSite","@id":"https:\/\/www.arialoil.com\/#website","url":"https:\/\/www.arialoil.com\/","name":"ARIAL OIL","description":"Motor Oil from Germany","publisher":{"@id":"https:\/\/www.arialoil.com\/#organization"},"potentialAction":[{"@type":"SearchAction","target":{"@type":"EntryPoint","urlTemplate":"https:\/\/www.arialoil.com\/?s={search_term_string}"},"query-input":{"@type":"PropertyValueSpecification","valueRequired":true,"valueName":"search_term_string"}}],"inLanguage":"de"},{"@type":"Organization","@id":"https:\/\/www.arialoil.com\/#organization","name":"ARIAL OIL","url":"https:\/\/www.arialoil.com\/","logo":{"@type":"ImageObject","inLanguage":"de","@id":"https:\/\/www.arialoil.com\/#\/schema\/logo\/image\/","url":"https:\/\/www.arialoil.com\/wp-content\/uploads\/2020\/11\/ARIAL-OIL-LOGO.jpg","contentUrl":"https:\/\/www.arialoil.com\/wp-content\/uploads\/2020\/11\/ARIAL-OIL-LOGO.jpg","width":500,"height":500,"caption":"ARIAL OIL"},"image":{"@id":"https:\/\/www.arialoil.com\/#\/schema\/logo\/image\/"},"sameAs":["https:\/\/www.facebook.com\/ArialOil","https:\/\/x.com\/ArialOil","https:\/\/www.linkedin.com\/company\/arialoil","https:\/\/www.youtube.com\/channel\/UCQ6UBUTmZZfS6bpGoWFDOEQ"]}]}},"_links":{"self":[{"href":"https:\/\/www.arialoil.com\/de\/wp-json\/wp\/v2\/product\/1928","targetHints":{"allow":["GET"]}}],"collection":[{"href":"https:\/\/www.arialoil.com\/de\/wp-json\/wp\/v2\/product"}],"about":[{"href":"https:\/\/www.arialoil.com\/de\/wp-json\/wp\/v2\/types\/product"}],"replies":[{"embeddable":true,"href":"https:\/\/www.arialoil.com\/de\/wp-json\/wp\/v2\/comments?post=1928"}],"wp:featuredmedia":[{"embeddable":true,"href":"https:\/\/www.arialoil.com\/de\/wp-json\/wp\/v2\/media\/1929"}],"wp:attachment":[{"href":"https:\/\/www.arialoil.com\/de\/wp-json\/wp\/v2\/media?parent=1928"}],"wp:term":[{"taxonomy":"product_brand","embeddable":true,"href":"https:\/\/www.arialoil.com\/de\/wp-json\/wp\/v2\/product_brand?post=1928"},{"taxonomy":"product_cat","embeddable":true,"href":"https:\/\/www.arialoil.com\/de\/wp-json\/wp\/v2\/product_cat?post=1928"},{"taxonomy":"product_tag","embeddable":true,"href":"https:\/\/www.arialoil.com\/de\/wp-json\/wp\/v2\/product_tag?post=1928"}],"curies":[{"name":"wp","href":"https:\/\/api.w.org\/{rel}","templated":true}]}}