{"id":1900,"date":"2020-10-05T15:33:14","date_gmt":"2020-10-05T15:33:14","guid":{"rendered":"https:\/\/stage.arialoil.com\/product\/arial-extlife-sae-0w-30\/"},"modified":"2021-05-13T13:59:14","modified_gmt":"2021-05-13T13:59:14","slug":"arial-extlife-sae-0w-30","status":"publish","type":"product","link":"https:\/\/www.arialoil.com\/de\/product\/arial-extlife-sae-0w-30\/","title":{"rendered":"ARIAL ExTLiFe SAE 0W-30"},"content":{"rendered":"<p>Ein, laut der letzten technischen Fortschritte, entwickeltes universelles Leichtlauf Mehrbereichs Motoren\u00f6l, basierend auf Synthese-Technologie. Sorgf\u00e4ltig ausgew\u00e4hlten, hochwirksamen Additiven verleihen diesem Hochleistungsmotoren\u00f6l folgende hervorragende Eigenschaften:<br \/>\n&#8211; Kraftstoffersparnis im Teil- und Vollastbetrieb<br \/>\n&#8211; geeignet f\u00fcr moderne Katalysatoren<br \/>\n&#8211; sehr gute Kaltstart Eigenschaften<br \/>\n&#8211; ein sicherer Schmierfilm bei hohen Betriebstemperaturen<br \/>\n&#8211; mit verl\u00e4ngerten \u00d6lwechselintervalle<br \/>\n&#8211; sehr gute detergierende und dispergierende Eigenschaften<br \/>\n&#8211; sehr guter Schutz vor Verschlei\u00df, Korrosion und Schaumbildung<\/p>\n<p><strong>Anwendung: <\/strong><br \/>\nDieses universelles, kraftstoffersparendes, &#8220;mid SAPS&#8221; Motoren\u00f6l ist geeignet f\u00fcr moderne Benzin- und Dieselmotoren, mit und ohne Turbolader, in PKW und Transportern mit verl\u00e4ngerten \u00d6lwechselintervalle. Wegen des niedrigen SAPS Gehalts ist dieses Produkt hervorragend geeignet zur Anwendung in Automobilen mit modernen Dreiwegkatalysatoren und Dieselpartikelfiltern.<\/p>\n<p><strong>Leistungsbereich:<\/strong><br \/>\nACEA C2, A5\/B5<br \/>\nAPI SP<\/p>\n<p><strong>Typische Standardanalysen: <\/strong><br \/>\nDichte bei 15 \u00b0C, kg\/l: 0,844<br \/>\nViskosit\u00e4t -35 \u00b0C, mPa.s: 5770<br \/>\nViskosit\u00e4t 40 \u00b0C, mm\u00b2\/s: 61,50<br \/>\nViskosit\u00e4t 100 \u00b0C, mm\u00b2\/s: 11,50<br \/>\nViskosit\u00e4tsindex: 184<br \/>\nFlammpunkt COC, \u00b0C: 230<br \/>\nFlie\u00dfpunkt, \u00b0C: -42<br \/>\nBasenzahl, mgKOH\/g: 8,5<br \/>\nSulfataschegehalt, %: 0,75<\/p>\n<p><strong>Verpackung:<\/strong><\/p>\n\n<table id=\"tablepress-PackagingTabENGall\" class=\"tablepress tablepress-id-PackagingTabENGall tbody-has-connected-cells\">\n<thead>\n<tr class=\"row-1\">\n\t<th class=\"column-1\">litres<\/th><th class=\"column-2\">packing<\/th><th class=\"column-3\">per box<\/th><th class=\"column-4\">per pallet<\/th>\n<\/tr>\n<\/thead>\n<tbody class=\"row-striping row-hover\">\n<tr class=\"row-2\">\n\t<td class=\"column-1\">1<\/td><td class=\"column-2\">canister<\/td><td class=\"column-3\">12<\/td><td class=\"column-4\">*600<\/td>\n<\/tr>\n<tr class=\"row-3\">\n\t<td class=\"column-1\">5<\/td><td class=\"column-2\">canister<\/td><td class=\"column-3\">4<\/td><td class=\"column-4\">*120<\/td>\n<\/tr>\n<tr class=\"row-4\">\n\t<td class=\"column-1\">20<\/td><td class=\"column-2\">canister<\/td><td class=\"column-3\">-<\/td><td class=\"column-4\">24<\/td>\n<\/tr>\n<tr class=\"row-5\">\n\t<td class=\"column-1\">60<\/td><td class=\"column-2\">barrel<\/td><td class=\"column-3\">-<\/td><td class=\"column-4\">9<\/td>\n<\/tr>\n<tr class=\"row-6\">\n\t<td class=\"column-1\">208<\/td><td class=\"column-2\">barrel<\/td><td class=\"column-3\">-<\/td><td class=\"column-4\">4<\/td>\n<\/tr>\n<tr class=\"row-7\">\n\t<td class=\"column-1\"> 1000<\/td><td class=\"column-2\">pallet tank<\/td><td class=\"column-3\">-<\/td><td class=\"column-4\">1<\/td>\n<\/tr>\n<tr class=\"row-8\">\n\t<td colspan=\"4\" class=\"column-1\">*CP pallet size 114 x 114 cm. The number of boxes on a pallet may vary depending on the order.<\/td>\n<\/tr>\n<\/tbody>\n<\/table>\n<!-- #tablepress-PackagingTabENGall from cache -->\n","protected":false},"excerpt":{"rendered":"<p><img decoding=\"async\" class=\"alignnone size-full wp-image-1372 lazyload\" data-src=\"https:\/\/www.arialoil.com\/wp-content\/uploads\/2021\/02\/kleinlaster-arial.png\" alt=\"\" width=\"75\" height=\"35\" src=\"data:image\/svg+xml;base64,PHN2ZyB3aWR0aD0iMSIgaGVpZ2h0PSIxIiB4bWxucz0iaHR0cDovL3d3dy53My5vcmcvMjAwMC9zdmciPjwvc3ZnPg==\" style=\"--smush-placeholder-width: 75px; --smush-placeholder-aspect-ratio: 75\/35;\" \/><img decoding=\"async\" class=\"alignnone size-full wp-image-1368 lazyload\" data-src=\"https:\/\/www.arialoil.com\/wp-content\/uploads\/2021\/02\/pkw-arial.png\" alt=\"\" width=\"75\" height=\"35\" src=\"data:image\/svg+xml;base64,PHN2ZyB3aWR0aD0iMSIgaGVpZ2h0PSIxIiB4bWxucz0iaHR0cDovL3d3dy53My5vcmcvMjAwMC9zdmciPjwvc3ZnPg==\" style=\"--smush-placeholder-width: 75px; --smush-placeholder-aspect-ratio: 75\/35;\" \/><br \/>\nDieses universelles, kraftstoffersparendes, &#8220;mid SAPS&#8221; Motoren\u00f6l ist geeignet f\u00fcr moderne Benzin- und Dieselmotoren, mit und ohne Turbolader, in PKW und Transportern mit verl\u00e4ngerten \u00d6lwechselintervalle.<\/p>\n","protected":false},"featured_media":0,"comment_status":"open","ping_status":"closed","template":"","meta":[],"product_brand":[],"product_cat":[135],"product_tag":[156,344],"class_list":{"0":"post-1900","1":"product","2":"type-product","3":"status-publish","5":"product_cat-pkw-motorenole","6":"product_tag-pkw-motorenole","7":"product_tag-sae-0w-30-de","9":"first","10":"instock","11":"taxable","12":"shipping-taxable","13":"product-type-simple"},"yoast_head":"<!-- This site is optimized with the Yoast SEO plugin v27.3 - https:\/\/yoast.com\/product\/yoast-seo-wordpress\/ -->\n<title>ARIAL ExTLiFe SAE 0W-30 - ARIAL OIL<\/title>\n<meta name=\"robots\" content=\"index, follow, max-snippet:-1, max-image-preview:large, max-video-preview:-1\" \/>\n<link rel=\"canonical\" href=\"https:\/\/www.arialoil.com\/de\/product\/arial-extlife-sae-0w-30\/\" \/>\n<meta property=\"og:locale\" content=\"de_DE\" \/>\n<meta property=\"og:type\" content=\"article\" \/>\n<meta property=\"og:title\" content=\"ARIAL ExTLiFe SAE 0W-30 - ARIAL OIL\" \/>\n<meta property=\"og:description\" content=\"Dieses universelles, kraftstoffersparendes, &quot;mid SAPS&quot; Motoren\u00f6l ist geeignet f\u00fcr moderne Benzin- und Dieselmotoren, mit und ohne Turbolader, in PKW und Transportern mit verl\u00e4ngerten \u00d6lwechselintervalle.\" \/>\n<meta property=\"og:url\" content=\"https:\/\/www.arialoil.com\/de\/product\/arial-extlife-sae-0w-30\/\" \/>\n<meta property=\"og:site_name\" content=\"ARIAL OIL\" \/>\n<meta property=\"article:publisher\" content=\"https:\/\/www.facebook.com\/ArialOil\" \/>\n<meta property=\"article:modified_time\" content=\"2021-05-13T13:59:14+00:00\" \/>\n<meta property=\"og:image\" content=\"https:\/\/www.arialoil.com\/wp-content\/uploads\/2020\/11\/ExTLiFe-0w-30-5L-scaled.jpg\" \/>\n\t<meta property=\"og:image:width\" content=\"2560\" \/>\n\t<meta property=\"og:image:height\" content=\"2560\" \/>\n\t<meta property=\"og:image:type\" content=\"image\/jpeg\" \/>\n<meta name=\"twitter:card\" content=\"summary_large_image\" \/>\n<meta name=\"twitter:site\" content=\"@ArialOil\" \/>\n<meta name=\"twitter:label1\" content=\"Gesch\u00e4tzte Lesezeit\" \/>\n\t<meta name=\"twitter:data1\" content=\"1\u00a0Minute\" \/>\n<script type=\"application\/ld+json\" class=\"yoast-schema-graph\">{\"@context\":\"https:\\\/\\\/schema.org\",\"@graph\":[{\"@type\":\"WebPage\",\"@id\":\"https:\\\/\\\/www.arialoil.com\\\/de\\\/product\\\/arial-extlife-sae-0w-30\\\/\",\"url\":\"https:\\\/\\\/www.arialoil.com\\\/de\\\/product\\\/arial-extlife-sae-0w-30\\\/\",\"name\":\"ARIAL ExTLiFe SAE 0W-30 - ARIAL OIL\",\"isPartOf\":{\"@id\":\"https:\\\/\\\/www.arialoil.com\\\/#website\"},\"datePublished\":\"2020-10-05T15:33:14+00:00\",\"dateModified\":\"2021-05-13T13:59:14+00:00\",\"breadcrumb\":{\"@id\":\"https:\\\/\\\/www.arialoil.com\\\/de\\\/product\\\/arial-extlife-sae-0w-30\\\/#breadcrumb\"},\"inLanguage\":\"de\",\"potentialAction\":[{\"@type\":\"ReadAction\",\"target\":[\"https:\\\/\\\/www.arialoil.com\\\/de\\\/product\\\/arial-extlife-sae-0w-30\\\/\"]}]},{\"@type\":\"BreadcrumbList\",\"@id\":\"https:\\\/\\\/www.arialoil.com\\\/de\\\/product\\\/arial-extlife-sae-0w-30\\\/#breadcrumb\",\"itemListElement\":[{\"@type\":\"ListItem\",\"position\":1,\"name\":\"Home\",\"item\":\"https:\\\/\\\/www.arialoil.com\\\/de\\\/\"},{\"@type\":\"ListItem\",\"position\":2,\"name\":\"Products\",\"item\":\"https:\\\/\\\/www.arialoil.com\\\/shop\\\/\"},{\"@type\":\"ListItem\",\"position\":3,\"name\":\"ARIAL ExTLiFe SAE 0W-30\"}]},{\"@type\":\"WebSite\",\"@id\":\"https:\\\/\\\/www.arialoil.com\\\/#website\",\"url\":\"https:\\\/\\\/www.arialoil.com\\\/\",\"name\":\"ARIAL OIL\",\"description\":\"Motor Oil from Germany\",\"publisher\":{\"@id\":\"https:\\\/\\\/www.arialoil.com\\\/#organization\"},\"potentialAction\":[{\"@type\":\"SearchAction\",\"target\":{\"@type\":\"EntryPoint\",\"urlTemplate\":\"https:\\\/\\\/www.arialoil.com\\\/?s={search_term_string}\"},\"query-input\":{\"@type\":\"PropertyValueSpecification\",\"valueRequired\":true,\"valueName\":\"search_term_string\"}}],\"inLanguage\":\"de\"},{\"@type\":\"Organization\",\"@id\":\"https:\\\/\\\/www.arialoil.com\\\/#organization\",\"name\":\"ARIAL OIL\",\"url\":\"https:\\\/\\\/www.arialoil.com\\\/\",\"logo\":{\"@type\":\"ImageObject\",\"inLanguage\":\"de\",\"@id\":\"https:\\\/\\\/www.arialoil.com\\\/#\\\/schema\\\/logo\\\/image\\\/\",\"url\":\"https:\\\/\\\/www.arialoil.com\\\/wp-content\\\/uploads\\\/2020\\\/11\\\/ARIAL-OIL-LOGO.jpg\",\"contentUrl\":\"https:\\\/\\\/www.arialoil.com\\\/wp-content\\\/uploads\\\/2020\\\/11\\\/ARIAL-OIL-LOGO.jpg\",\"width\":500,\"height\":500,\"caption\":\"ARIAL OIL\"},\"image\":{\"@id\":\"https:\\\/\\\/www.arialoil.com\\\/#\\\/schema\\\/logo\\\/image\\\/\"},\"sameAs\":[\"https:\\\/\\\/www.facebook.com\\\/ArialOil\",\"https:\\\/\\\/x.com\\\/ArialOil\",\"https:\\\/\\\/www.linkedin.com\\\/company\\\/arialoil\",\"https:\\\/\\\/www.youtube.com\\\/channel\\\/UCQ6UBUTmZZfS6bpGoWFDOEQ\"]}]}<\/script>\n<!-- \/ Yoast SEO plugin. -->","yoast_head_json":{"title":"ARIAL ExTLiFe SAE 0W-30 - ARIAL OIL","robots":{"index":"index","follow":"follow","max-snippet":"max-snippet:-1","max-image-preview":"max-image-preview:large","max-video-preview":"max-video-preview:-1"},"canonical":"https:\/\/www.arialoil.com\/de\/product\/arial-extlife-sae-0w-30\/","og_locale":"de_DE","og_type":"article","og_title":"ARIAL ExTLiFe SAE 0W-30 - ARIAL OIL","og_description":"Dieses universelles, kraftstoffersparendes, \"mid SAPS\" Motoren\u00f6l ist geeignet f\u00fcr moderne Benzin- und Dieselmotoren, mit und ohne Turbolader, in PKW und Transportern mit verl\u00e4ngerten \u00d6lwechselintervalle.","og_url":"https:\/\/www.arialoil.com\/de\/product\/arial-extlife-sae-0w-30\/","og_site_name":"ARIAL OIL","article_publisher":"https:\/\/www.facebook.com\/ArialOil","article_modified_time":"2021-05-13T13:59:14+00:00","og_image":[{"width":2560,"height":2560,"url":"https:\/\/www.arialoil.com\/wp-content\/uploads\/2020\/11\/ExTLiFe-0w-30-5L-scaled.jpg","type":"image\/jpeg"}],"twitter_card":"summary_large_image","twitter_site":"@ArialOil","twitter_misc":{"Gesch\u00e4tzte Lesezeit":"1\u00a0Minute"},"schema":{"@context":"https:\/\/schema.org","@graph":[{"@type":"WebPage","@id":"https:\/\/www.arialoil.com\/de\/product\/arial-extlife-sae-0w-30\/","url":"https:\/\/www.arialoil.com\/de\/product\/arial-extlife-sae-0w-30\/","name":"ARIAL ExTLiFe SAE 0W-30 - ARIAL OIL","isPartOf":{"@id":"https:\/\/www.arialoil.com\/#website"},"datePublished":"2020-10-05T15:33:14+00:00","dateModified":"2021-05-13T13:59:14+00:00","breadcrumb":{"@id":"https:\/\/www.arialoil.com\/de\/product\/arial-extlife-sae-0w-30\/#breadcrumb"},"inLanguage":"de","potentialAction":[{"@type":"ReadAction","target":["https:\/\/www.arialoil.com\/de\/product\/arial-extlife-sae-0w-30\/"]}]},{"@type":"BreadcrumbList","@id":"https:\/\/www.arialoil.com\/de\/product\/arial-extlife-sae-0w-30\/#breadcrumb","itemListElement":[{"@type":"ListItem","position":1,"name":"Home","item":"https:\/\/www.arialoil.com\/de\/"},{"@type":"ListItem","position":2,"name":"Products","item":"https:\/\/www.arialoil.com\/shop\/"},{"@type":"ListItem","position":3,"name":"ARIAL ExTLiFe SAE 0W-30"}]},{"@type":"WebSite","@id":"https:\/\/www.arialoil.com\/#website","url":"https:\/\/www.arialoil.com\/","name":"ARIAL OIL","description":"Motor Oil from Germany","publisher":{"@id":"https:\/\/www.arialoil.com\/#organization"},"potentialAction":[{"@type":"SearchAction","target":{"@type":"EntryPoint","urlTemplate":"https:\/\/www.arialoil.com\/?s={search_term_string}"},"query-input":{"@type":"PropertyValueSpecification","valueRequired":true,"valueName":"search_term_string"}}],"inLanguage":"de"},{"@type":"Organization","@id":"https:\/\/www.arialoil.com\/#organization","name":"ARIAL OIL","url":"https:\/\/www.arialoil.com\/","logo":{"@type":"ImageObject","inLanguage":"de","@id":"https:\/\/www.arialoil.com\/#\/schema\/logo\/image\/","url":"https:\/\/www.arialoil.com\/wp-content\/uploads\/2020\/11\/ARIAL-OIL-LOGO.jpg","contentUrl":"https:\/\/www.arialoil.com\/wp-content\/uploads\/2020\/11\/ARIAL-OIL-LOGO.jpg","width":500,"height":500,"caption":"ARIAL OIL"},"image":{"@id":"https:\/\/www.arialoil.com\/#\/schema\/logo\/image\/"},"sameAs":["https:\/\/www.facebook.com\/ArialOil","https:\/\/x.com\/ArialOil","https:\/\/www.linkedin.com\/company\/arialoil","https:\/\/www.youtube.com\/channel\/UCQ6UBUTmZZfS6bpGoWFDOEQ"]}]}},"_links":{"self":[{"href":"https:\/\/www.arialoil.com\/de\/wp-json\/wp\/v2\/product\/1900","targetHints":{"allow":["GET"]}}],"collection":[{"href":"https:\/\/www.arialoil.com\/de\/wp-json\/wp\/v2\/product"}],"about":[{"href":"https:\/\/www.arialoil.com\/de\/wp-json\/wp\/v2\/types\/product"}],"replies":[{"embeddable":true,"href":"https:\/\/www.arialoil.com\/de\/wp-json\/wp\/v2\/comments?post=1900"}],"wp:attachment":[{"href":"https:\/\/www.arialoil.com\/de\/wp-json\/wp\/v2\/media?parent=1900"}],"wp:term":[{"taxonomy":"product_brand","embeddable":true,"href":"https:\/\/www.arialoil.com\/de\/wp-json\/wp\/v2\/product_brand?post=1900"},{"taxonomy":"product_cat","embeddable":true,"href":"https:\/\/www.arialoil.com\/de\/wp-json\/wp\/v2\/product_cat?post=1900"},{"taxonomy":"product_tag","embeddable":true,"href":"https:\/\/www.arialoil.com\/de\/wp-json\/wp\/v2\/product_tag?post=1900"}],"curies":[{"name":"wp","href":"https:\/\/api.w.org\/{rel}","templated":true}]}}