{"id":864,"date":"2020-10-17T11:07:30","date_gmt":"2020-10-17T11:07:30","guid":{"rendered":"https:\/\/stage.arialoil.com\/covid\/"},"modified":"2020-11-16T16:27:35","modified_gmt":"2020-11-16T16:27:35","slug":"covid","status":"publish","type":"page","link":"https:\/\/www.arialoil.com\/de\/covid\/","title":{"rendered":"Covid"},"content":{"rendered":"\n<div class=\"slider-wrapper relative\" id=\"slider-1665087972\" >\n    <div class=\"slider slider-nav-circle slider-nav-large slider-nav-light slider-style-normal\"\n        data-flickity-options='{\n            \"cellAlign\": \"center\",\n            \"imagesLoaded\": true,\n            \"lazyLoad\": 1,\n            \"freeScroll\": false,\n            \"wrapAround\": true,\n            \"autoPlay\": 6000,\n            \"pauseAutoPlayOnHover\" : true,\n            \"prevNextButtons\": false,\n            \"contain\" : true,\n            \"adaptiveHeight\" : true,\n            \"dragThreshold\" : 10,\n            \"percentPosition\": true,\n            \"pageDots\": false,\n            \"rightToLeft\": false,\n            \"draggable\": false,\n            \"selectedAttraction\": 0.1,\n            \"parallax\" : 0,\n            \"friction\": 0.6        }'\n        >\n        \n\n\n  <div class=\"banner has-hover\" id=\"banner-9493811\">\n          <div class=\"banner-inner fill\">\n        <div class=\"banner-bg fill\" >\n            <div class=\"bg fill bg-fill \"><\/div>\n                        <div class=\"overlay\"><\/div>            \n                    <\/div>\n        <div class=\"banner-layers container\">\n            <div class=\"fill banner-link\"><\/div>            \n\n   <div id=\"text-box-2089183540\" class=\"text-box banner-layer x50 md-x50 lg-x50 y50 md-y50 lg-y50 res-text\">\n                     <div data-animate=\"none\">           <div class=\"text-box-content text dark\">\n              \n              <div class=\"text-inner text-center\">\n                  \n\n<h3><strong>UNSERE ANTWORT AUF COVID-19<\/strong><\/h3>\n<p>MENSCHEN SIND UNSERE PRIORIT\u00c4T<\/p>\n\n              <\/div>\n           <\/div>\n       <\/div>                     \n<style>\n#text-box-2089183540 {\n  width: 100%;\n}\n#text-box-2089183540 .text-box-content {\n  font-size: 100%;\n}\n@media (min-width:550px) {\n  #text-box-2089183540 {\n    width: 70%;\n  }\n}\n<\/style>\n    <\/div>\n \n\n        <\/div>\n      <\/div>\n\n            \n<style>\n#banner-9493811 {\n  padding-top: 200px;\n}\n#banner-9493811 .bg.bg-loaded {\n  background-image: url(https:\/\/www.arialoil.com\/wp-content\/uploads\/2020\/10\/coronavirus_header.jpg);\n}\n#banner-9493811 .overlay {\n  background-color: rgba(0,0,0,.5);\n}\n#banner-9493811 .bg {\n  background-position: 58% 63%;\n}\n<\/style>\n  <\/div>\n\n\n\n     <\/div>\n\n     <div class=\"loading-spin dark large centered\"><\/div>\n\n     \t<\/div>\n\n\n\t<div id=\"gap-609937974\" class=\"gap-element clearfix\" style=\"display:block; height:auto;\">\n\t\t\n<style>\n#gap-609937974 {\n  padding-top: 40px;\n}\n<\/style>\n\t<\/div>\n\t\n\n<div class=\"row\"  id=\"row-2030892825\">\n\n\n\t<div id=\"col-921010386\" class=\"col medium-6 small-12 large-6\"  >\n\t\t<div class=\"col-inner\"  >\n\t\t\t\n\t\t\t\n\n<div class=\"container section-title-container\" ><h3 class=\"section-title section-title-center\"><b><\/b><span class=\"section-title-main\" >UNSERE VERANTWORTUNG<\/span><b><\/b><\/h3><\/div>\n\n<p>Der Schutz unserer Mitarbeiter w\u00e4hrend der, durch die COVID-19 Pandemie ausgel\u00f6ste, Gesundheitskrise hat f\u00fcr uns einen hohen Stellenwert. Wir unterst\u00fctzen unsere Partner, Mitarbeiter und deren Familien, die einen wesentlichen Beitrag zur Energieversorgung der Weltgemeinschaft leisten.<\/p>\n<p>Wir bedanken uns bei unseren Mitarbeitern, die ihre Arbeit von einer \u00d6lbohrinsel bis hin zu B\u00fcroarbeiten leisten, denn ihre Arbeit stellt sicher, dass unser Gesch\u00e4ft wie gewohnt fortgesetzt wird. Wir tragen stolz unseren Namen ARIAL.<\/p>\n<p>Wir sind sensibel f\u00fcr die Probleme unserer Mitarbeiter auf der ganzen Welt und helfen in disen schwierigen Zeiten.<\/p>\n\n\t\t<\/div>\n\t\t\t<\/div>\n\n\t\n\n\t<div id=\"col-2094417273\" class=\"col medium-6 small-12 large-6\"  >\n\t\t<div class=\"col-inner\"  >\n\t\t\t\n\t\t\t\n\n<div class=\"container section-title-container\" ><h3 class=\"section-title section-title-center\"><b><\/b><span class=\"section-title-main\" >COVID 19 VERHINDERN<\/span><b><\/b><\/h3><\/div>\n\n<div class=\"video video-fit mb\" style=\"padding-top:56.25%;\"><iframe title=\"Preventing COVID 19 in your workplace or while teleworking\" width=\"1020\" height=\"574\" data-src=\"https:\/\/www.youtube.com\/embed\/fvs3zTAfpiM?start=53&#038;feature=oembed\" frameborder=\"0\" allow=\"accelerometer; autoplay; clipboard-write; encrypted-media; gyroscope; picture-in-picture\" allowfullscreen src=\"data:image\/svg+xml;base64,PHN2ZyB3aWR0aD0iMSIgaGVpZ2h0PSIxIiB4bWxucz0iaHR0cDovL3d3dy53My5vcmcvMjAwMC9zdmciPjwvc3ZnPg==\" class=\"lazyload\" data-load-mode=\"1\"><\/iframe><\/div>\n\n\n\t\t<\/div>\n\t\t\t<\/div>\n\n\t\n\n<\/div>\n<div class=\"row\"  id=\"row-1283254325\">\n\n\n\t<div id=\"col-39869530\" class=\"col small-12 large-12\"  >\n\t\t<div class=\"col-inner\"  >\n\t\t\t\n\t\t\t\n\n<div id=\"content\" class=\"content-area\" role=\"main\">\n<div id=\"row-390927562\" class=\"row\">\n<div id=\"col-1904963560\" class=\"col small-12 large-12\">\n<div class=\"col-inner\">\n<h3 style=\"text-align: center;\">Wir sind zusammen und angesichts einer Bedrohung einig, und das ist unsere Hauptst\u00e4rke!<\/h3>\n<\/div>\n<\/div>\n<\/div>\n<\/div>\n\n\t\t<\/div>\n\t\t\t<\/div>\n\n\t\n\n<\/div>\n\n","protected":false},"excerpt":{"rendered":"","protected":false},"author":2,"featured_media":0,"parent":0,"menu_order":0,"comment_status":"closed","ping_status":"closed","template":"page-blank.php","meta":{"footnotes":""},"class_list":["post-864","page","type-page","status-publish","hentry"],"yoast_head":"<!-- This site is optimized with the Yoast SEO plugin v27.3 - https:\/\/yoast.com\/product\/yoast-seo-wordpress\/ -->\n<title>Covid - ARIAL OIL<\/title>\n<meta name=\"robots\" content=\"index, follow, max-snippet:-1, max-image-preview:large, max-video-preview:-1\" \/>\n<link rel=\"canonical\" href=\"https:\/\/www.arialoil.com\/de\/covid\/\" \/>\n<meta property=\"og:locale\" content=\"de_DE\" \/>\n<meta property=\"og:type\" content=\"article\" \/>\n<meta property=\"og:title\" content=\"Covid - ARIAL OIL\" \/>\n<meta property=\"og:url\" content=\"https:\/\/www.arialoil.com\/de\/covid\/\" \/>\n<meta property=\"og:site_name\" content=\"ARIAL OIL\" \/>\n<meta property=\"article:publisher\" content=\"https:\/\/www.facebook.com\/ArialOil\" \/>\n<meta property=\"article:modified_time\" content=\"2020-11-16T16:27:35+00:00\" \/>\n<meta name=\"twitter:card\" content=\"summary_large_image\" \/>\n<meta name=\"twitter:site\" content=\"@ArialOil\" \/>\n<meta name=\"twitter:label1\" content=\"Gesch\u00e4tzte Lesezeit\" \/>\n\t<meta name=\"twitter:data1\" content=\"1\u00a0Minute\" \/>\n<script type=\"application\/ld+json\" class=\"yoast-schema-graph\">{\"@context\":\"https:\\\/\\\/schema.org\",\"@graph\":[{\"@type\":\"WebPage\",\"@id\":\"https:\\\/\\\/www.arialoil.com\\\/de\\\/covid\\\/\",\"url\":\"https:\\\/\\\/www.arialoil.com\\\/de\\\/covid\\\/\",\"name\":\"Covid - ARIAL OIL\",\"isPartOf\":{\"@id\":\"https:\\\/\\\/www.arialoil.com\\\/#website\"},\"datePublished\":\"2020-10-17T11:07:30+00:00\",\"dateModified\":\"2020-11-16T16:27:35+00:00\",\"breadcrumb\":{\"@id\":\"https:\\\/\\\/www.arialoil.com\\\/de\\\/covid\\\/#breadcrumb\"},\"inLanguage\":\"de\",\"potentialAction\":[{\"@type\":\"ReadAction\",\"target\":[\"https:\\\/\\\/www.arialoil.com\\\/de\\\/covid\\\/\"]}]},{\"@type\":\"BreadcrumbList\",\"@id\":\"https:\\\/\\\/www.arialoil.com\\\/de\\\/covid\\\/#breadcrumb\",\"itemListElement\":[{\"@type\":\"ListItem\",\"position\":1,\"name\":\"Home\",\"item\":\"https:\\\/\\\/www.arialoil.com\\\/de\\\/\"},{\"@type\":\"ListItem\",\"position\":2,\"name\":\"Covid\"}]},{\"@type\":\"WebSite\",\"@id\":\"https:\\\/\\\/www.arialoil.com\\\/#website\",\"url\":\"https:\\\/\\\/www.arialoil.com\\\/\",\"name\":\"ARIAL OIL\",\"description\":\"Motor Oil from Germany\",\"publisher\":{\"@id\":\"https:\\\/\\\/www.arialoil.com\\\/#organization\"},\"potentialAction\":[{\"@type\":\"SearchAction\",\"target\":{\"@type\":\"EntryPoint\",\"urlTemplate\":\"https:\\\/\\\/www.arialoil.com\\\/?s={search_term_string}\"},\"query-input\":{\"@type\":\"PropertyValueSpecification\",\"valueRequired\":true,\"valueName\":\"search_term_string\"}}],\"inLanguage\":\"de\"},{\"@type\":\"Organization\",\"@id\":\"https:\\\/\\\/www.arialoil.com\\\/#organization\",\"name\":\"ARIAL OIL\",\"url\":\"https:\\\/\\\/www.arialoil.com\\\/\",\"logo\":{\"@type\":\"ImageObject\",\"inLanguage\":\"de\",\"@id\":\"https:\\\/\\\/www.arialoil.com\\\/#\\\/schema\\\/logo\\\/image\\\/\",\"url\":\"https:\\\/\\\/www.arialoil.com\\\/wp-content\\\/uploads\\\/2020\\\/11\\\/ARIAL-OIL-LOGO.jpg\",\"contentUrl\":\"https:\\\/\\\/www.arialoil.com\\\/wp-content\\\/uploads\\\/2020\\\/11\\\/ARIAL-OIL-LOGO.jpg\",\"width\":500,\"height\":500,\"caption\":\"ARIAL OIL\"},\"image\":{\"@id\":\"https:\\\/\\\/www.arialoil.com\\\/#\\\/schema\\\/logo\\\/image\\\/\"},\"sameAs\":[\"https:\\\/\\\/www.facebook.com\\\/ArialOil\",\"https:\\\/\\\/x.com\\\/ArialOil\",\"https:\\\/\\\/www.linkedin.com\\\/company\\\/arialoil\",\"https:\\\/\\\/www.youtube.com\\\/channel\\\/UCQ6UBUTmZZfS6bpGoWFDOEQ\"]}]}<\/script>\n<!-- \/ Yoast SEO plugin. -->","yoast_head_json":{"title":"Covid - ARIAL OIL","robots":{"index":"index","follow":"follow","max-snippet":"max-snippet:-1","max-image-preview":"max-image-preview:large","max-video-preview":"max-video-preview:-1"},"canonical":"https:\/\/www.arialoil.com\/de\/covid\/","og_locale":"de_DE","og_type":"article","og_title":"Covid - ARIAL OIL","og_url":"https:\/\/www.arialoil.com\/de\/covid\/","og_site_name":"ARIAL OIL","article_publisher":"https:\/\/www.facebook.com\/ArialOil","article_modified_time":"2020-11-16T16:27:35+00:00","twitter_card":"summary_large_image","twitter_site":"@ArialOil","twitter_misc":{"Gesch\u00e4tzte Lesezeit":"1\u00a0Minute"},"schema":{"@context":"https:\/\/schema.org","@graph":[{"@type":"WebPage","@id":"https:\/\/www.arialoil.com\/de\/covid\/","url":"https:\/\/www.arialoil.com\/de\/covid\/","name":"Covid - ARIAL OIL","isPartOf":{"@id":"https:\/\/www.arialoil.com\/#website"},"datePublished":"2020-10-17T11:07:30+00:00","dateModified":"2020-11-16T16:27:35+00:00","breadcrumb":{"@id":"https:\/\/www.arialoil.com\/de\/covid\/#breadcrumb"},"inLanguage":"de","potentialAction":[{"@type":"ReadAction","target":["https:\/\/www.arialoil.com\/de\/covid\/"]}]},{"@type":"BreadcrumbList","@id":"https:\/\/www.arialoil.com\/de\/covid\/#breadcrumb","itemListElement":[{"@type":"ListItem","position":1,"name":"Home","item":"https:\/\/www.arialoil.com\/de\/"},{"@type":"ListItem","position":2,"name":"Covid"}]},{"@type":"WebSite","@id":"https:\/\/www.arialoil.com\/#website","url":"https:\/\/www.arialoil.com\/","name":"ARIAL OIL","description":"Motor Oil from Germany","publisher":{"@id":"https:\/\/www.arialoil.com\/#organization"},"potentialAction":[{"@type":"SearchAction","target":{"@type":"EntryPoint","urlTemplate":"https:\/\/www.arialoil.com\/?s={search_term_string}"},"query-input":{"@type":"PropertyValueSpecification","valueRequired":true,"valueName":"search_term_string"}}],"inLanguage":"de"},{"@type":"Organization","@id":"https:\/\/www.arialoil.com\/#organization","name":"ARIAL OIL","url":"https:\/\/www.arialoil.com\/","logo":{"@type":"ImageObject","inLanguage":"de","@id":"https:\/\/www.arialoil.com\/#\/schema\/logo\/image\/","url":"https:\/\/www.arialoil.com\/wp-content\/uploads\/2020\/11\/ARIAL-OIL-LOGO.jpg","contentUrl":"https:\/\/www.arialoil.com\/wp-content\/uploads\/2020\/11\/ARIAL-OIL-LOGO.jpg","width":500,"height":500,"caption":"ARIAL OIL"},"image":{"@id":"https:\/\/www.arialoil.com\/#\/schema\/logo\/image\/"},"sameAs":["https:\/\/www.facebook.com\/ArialOil","https:\/\/x.com\/ArialOil","https:\/\/www.linkedin.com\/company\/arialoil","https:\/\/www.youtube.com\/channel\/UCQ6UBUTmZZfS6bpGoWFDOEQ"]}]}},"_links":{"self":[{"href":"https:\/\/www.arialoil.com\/de\/wp-json\/wp\/v2\/pages\/864","targetHints":{"allow":["GET"]}}],"collection":[{"href":"https:\/\/www.arialoil.com\/de\/wp-json\/wp\/v2\/pages"}],"about":[{"href":"https:\/\/www.arialoil.com\/de\/wp-json\/wp\/v2\/types\/page"}],"author":[{"embeddable":true,"href":"https:\/\/www.arialoil.com\/de\/wp-json\/wp\/v2\/users\/2"}],"replies":[{"embeddable":true,"href":"https:\/\/www.arialoil.com\/de\/wp-json\/wp\/v2\/comments?post=864"}],"version-history":[{"count":5,"href":"https:\/\/www.arialoil.com\/de\/wp-json\/wp\/v2\/pages\/864\/revisions"}],"predecessor-version":[{"id":1166,"href":"https:\/\/www.arialoil.com\/de\/wp-json\/wp\/v2\/pages\/864\/revisions\/1166"}],"wp:attachment":[{"href":"https:\/\/www.arialoil.com\/de\/wp-json\/wp\/v2\/media?parent=864"}],"curies":[{"name":"wp","href":"https:\/\/api.w.org\/{rel}","templated":true}]}}