{"id":849,"date":"2020-10-05T14:46:21","date_gmt":"2020-10-05T14:46:21","guid":{"rendered":"https:\/\/stage.arialoil.com\/imprint\/"},"modified":"2020-11-09T13:59:06","modified_gmt":"2020-11-09T13:59:06","slug":"imprint","status":"publish","type":"page","link":"https:\/\/www.arialoil.com\/de\/imprint\/","title":{"rendered":"Impressum"},"content":{"rendered":"\n\t<section class=\"section dark\" id=\"section_655536114\">\n\t\t<div class=\"bg section-bg fill bg-fill  \" >\n\n\t\t\t\n\t\t\t<div class=\"section-bg-overlay absolute fill\"><\/div>\n\t\t\t\n\n\t\t<\/div>\n\n\t\t<div class=\"section-content relative\">\n\t\t\t\n\n<div class=\"row align-center\"  id=\"row-620077787\">\n\n\n\t<div id=\"col-2020192144\" class=\"col medium-10 small-12 large-10\"  >\n\t\t<div class=\"col-inner text-center\"  >\n\t\t\t\n\t\t\t\n\n<p>\u00a0<\/p>\n<h2 class=\"uppercase\"><strong>IMPRESSUM<\/strong><\/h2>\n\n\t\t<\/div>\n\t\t\t<\/div>\n\n\t\n\n<\/div>\n\n\t\t<\/div>\n\n\t\t\n<style>\n#section_655536114 {\n  padding-top: 30px;\n  padding-bottom: 30px;\n  min-height: 200px;\n  background-color: rgb(245, 245, 245);\n}\n#section_655536114 .section-bg-overlay {\n  background-color: rgba(0,0,0,.5);\n}\n#section_655536114 .section-bg.bg-loaded {\n  background-image: url(https:\/\/www.arialoil.com\/wp-content\/uploads\/2020\/10\/imprint.jpg);\n}\n<\/style>\n\t<\/section>\n\t\n\t<div id=\"gap-1776941555\" class=\"gap-element clearfix\" style=\"display:block; height:auto;\">\n\t\t\n<style>\n#gap-1776941555 {\n  padding-top: 30px;\n}\n<\/style>\n\t<\/div>\n\t\n\n<div class=\"row\"  id=\"row-977090248\">\n\n\n\t<div id=\"col-953665733\" class=\"col small-12 large-12\"  >\n\t\t<div class=\"col-inner\"  >\n\t\t\t\n\t\t\t\n\n<p><strong>Rivali\u00a0GmbH<\/strong><br \/>Rathausplatz 1, 22880 Wedel<br \/>tel.: + 49 4103 1808631<br \/>e-mail: info@rivali.de<\/p>\n<div class=\"container section-title-container\" ><h3 class=\"section-title section-title-center\"><b><\/b><span class=\"section-title-main\" >Haftung f\u00fcr Inhalte<\/span><b><\/b><\/h3><\/div>\n\n<p>Die Inhalte unserer Seiten wurden mit gr\u00f6\u00dfter Sorgfalt erstellt. F\u00fcr die Richtigkeit, Vollst\u00e4ndigkeit und Aktualit\u00e4t der Inhalte k\u00f6nnen wir jedoch keine Gew\u00e4hr \u00fcbernehmen. Als Dienstanbieter sind wir gem\u00e4\u00df \u00a7 7 Abs.1 TMG f\u00fcr eigene Inhalte auf diesen Seiten nach den allgemeinen Gesetzen verantwortlich. Nach \u00a7\u00a7 8 bis 10 TMG sind wir als Dienstanbieter jedoch nicht verpflichtet, \u00fcbermittelte oder gespeicherte fremde Informationen zu \u00fcberwachen oder nach Umst\u00e4nden zu forschen, die auf eine rechtswidrige T\u00e4tigkeit hinweisen. Verpflichtungen zur Entfernung oder Sperrung der Nutzung von Informationen nach den allgemeinen Gesetzen bleiben hiervon unber\u00fchrt. Eine diesbez\u00fcgliche Haftung ist jedoch erst ab dem Zeitpunkt der Kenntnis einer konkreten Rechtsverletzung m\u00f6glich. Bei Bekanntwerden von entsprechenden Rechtsverletzungen werden wir diese Inhalte umgehend entfernen.<\/p>\n<div class=\"container section-title-container\" ><h3 class=\"section-title section-title-center\"><b><\/b><span class=\"section-title-main\" >Haftung f\u00fcr Links<\/span><b><\/b><\/h3><\/div>\n\n<p>Unser Angebot enth\u00e4lt Links zu externen Webseiten Dritter, auf deren Inhalte wir keinen Einfluss haben. Deshalb k\u00f6nnen wir f\u00fcr diese fremden Inhalte auch keine Gew\u00e4hr \u00fcbernehmen. F\u00fcr die Inhalte der verlinkten Seiten ist stets der jeweilige Anbieter oder Betreiber der Seiten verantwortlich. Die verlinkten Seiten wurden zum Zeitpunkt der Verlinkung auf m\u00f6gliche Rechtsverst\u00f6\u00dfe \u00fcberpr\u00fcft. Rechtswidrige Inhalte waren zum Zeitpunkt der Verlinkung nicht erkennbar. Eine permanente inhaltliche Kontrolle der verlinkten Seiten ist jedoch ohne konkrete Anhaltspunkte einer Rechtsverletzung nicht zumutbar. Bei Bekanntwerden von Rechtsverletzungen werden wir derartige Links umgehend entfernen.<\/p>\n<div class=\"container section-title-container\" ><h3 class=\"section-title section-title-center\"><b><\/b><span class=\"section-title-main\" >Urheberrecht<\/span><b><\/b><\/h3><\/div>\n\n<p>Die durch die Seitenbetreiber erstellten Inhalte und Werke auf diesen Seiten unterliegen dem deutschen Urheberrecht. Die Vervielf\u00e4ltigung, Bearbeitung, Verbreitung und jede Art der Verwertung au\u00dferhalb der Grenzen des Urheberrechtes bed\u00fcrfen der schriftlichen Zustimmung des jeweiligen Autors bzw. Erstellers. Downloads und Kopien dieser Seite sind nur f\u00fcr den privaten, nicht kommerziellen Gebrauch gestattet. Soweit die Inhalte auf dieser Seite nicht vom Betreiber erstellt wurden, werden die Urheberrechte Dritter beachtet. Insbesondere werden Inhalte Dritter als solche gekennzeichnet. Sollten Sie trotzdem auf eine Urheberrechtsverletzung aufmerksam werden, bitten wir um einen entsprechenden Hinweis. Bei Bekanntwerden von Rechtsverletzungen werden wir derartige Inhalte umgehend entfernen.<\/p>\n<div class=\"container section-title-container\" ><h3 class=\"section-title section-title-center\"><b><\/b><span class=\"section-title-main\" >Datenschutz<\/span><b><\/b><\/h3><\/div>\n\n<p>Die Nutzung unserer Webseite ist in der Regel ohne Angabe personenbezogener Daten m\u00f6glich. Soweit auf unseren Seiten personenbezogene Daten (beispielsweise Name, Anschrift oder E-Mail-Adressen) erhoben werden, erfolgt dies, soweit m\u00f6glich, stets auf freiwilliger Basis. Diese Daten werden ohne Ihre ausdr\u00fcckliche Zustimmung nicht an Dritte weitergegeben.<\/p>\n<p>Wir weisen darauf hin, dass die Daten\u00fcbertragung im Internet (z.B. bei der Kommunikation per E-Mail) Sicherheitsl\u00fccken aufweisen kann. Ein l\u00fcckenloser Schutz der Daten vor dem Zugriff durch Dritte ist nicht m\u00f6glich.<\/p>\n<p>Der Nutzung von im Rahmen der Impressumspflicht ver\u00f6ffentlichten Kontaktdaten durch Dritte zur \u00dcbersendung von nicht ausdr\u00fccklich angeforderter Werbung und Informationsmaterialien wird hiermit ausdr\u00fccklich widersprochen. Die Betreiber der Seiten behalten sich ausdr\u00fccklich rechtliche Schritte im Falle der unverlangten Zusendung von Werbeinformationen, etwa durch Spam-Mails, vor.<\/p>\n<div class=\"container section-title-container\" ><h3 class=\"section-title section-title-center\"><b><\/b><span class=\"section-title-main\" >Arten der erhobenen Daten<\/span><b><\/b><\/h3><\/div>\n\n<p>Zu den Arten der bezogenen Daten, die diese Applikation entweder selbst oder \u00fcber Dritte erhebt, geh\u00f6ren: Cookie und Nutzungsdaten.<\/p>\n<p>Vollst\u00e4ndige Details zu jeder Art von verarbeiteten personenbezogenen Daten werden in den daf\u00fcr vorgesehenen Abschnitten dieser Datenschutzerkl\u00e4rung oder durch konkrete Erkl\u00e4rungstexte bereitgestellt, die vor der Datenverarbeitung angezeigt werden.<br \/>Die personenbezogenen Daten k\u00f6nnen vom Nutzer freiwillig bereitgestellt oder, im Falle von Nutzungsdaten, automatisch verarbeitet werden, wenn diese Applikation genutzt wird.<br \/>Alle durch diese Applikation angeforderten Daten sind obligatorisch. Sollten diese Daten nicht bereitgestellt werden, kann dies dazu f\u00fchren, dass diese Applikation nicht in der Lage ist, ihre Dienste zur Verf\u00fcgung zu stellen. In F\u00e4llen, in denen diese Applikation ausdr\u00fccklich angibt, dass einige Daten nicht obligatorisch sind, d\u00fcrfen sich die Nutzer daf\u00fcr entscheiden, diese Daten ohne jegliche Folgen f\u00fcr die Verf\u00fcgbarkeit oder die Funktion des Dienstes nicht weiterzugeben.<br \/>Nutzer, die sich dar\u00fcber im Unklaren sind, welche personenbezogenen Daten obligatorisch sind, k\u00f6nnen gerne den Eigent\u00fcmer kontaktieren.<br \/>Jegliche Verwendung von Cookies \u2013 oder anderer Tracking-Tools \u2013 durch diese Applikation oder die Besitzer von Drittdiensten, die durch diese Applikation genutzt werden, dient dem Zweck, den vom Nutzer gew\u00fcnschten Dienst bereitzustellen, und allen anderen Zwecken, die im vorliegenden Dokument und, falls vorhanden, in der Cookie-Richtlinie beschrieben sind.<\/p>\n<p>Die Nutzer sind f\u00fcr alle personenbezogenen Daten Dritter verantwortlich, die durch diese Applikation beschafft, ver\u00f6ffentlicht oder weitergegeben werden, und best\u00e4tigen, dass sie die Zustimmung der Drittpartei daf\u00fcr haben, die Daten dem Eigent\u00fcmer bereitzustellen.<\/p>\n<div class=\"container section-title-container\" ><h3 class=\"section-title section-title-center\"><b><\/b><span class=\"section-title-main\" >Methode und Ort der Datenverarbeitung<\/span><b><\/b><\/h3><\/div>\n\n<div>\n<p><strong>Verarbeitungsmethoden<\/strong><\/p>\n<p>Die verantwortliche Stelle verarbeitet die Nutzerdaten auf ordnungsgem\u00e4\u00dfe Weise und ergreift angemessene Sicherheitsma\u00dfnahmen, um den unbefugten Zugriff und die unbefugte Weiterleitung, Modifizierung oder Vernichtung von Daten zu vermeiden.<br \/>Die Datenverarbeitung wird mittels Computern oder IT-basierten Systemen durchgef\u00fchrt, einem organisatorischen Verfahren und Modus folgend die strikt auf die angegebenen Zwecke abzielen. Neben der verantwortlichen Stelle wird m\u00f6glicherweise auch bestimmten Kategorien von Verantwortlichen Zugriff auf die Daten gew\u00e4hrt, die an der Betreibung der Website beteiligt sind (Personalverwaltung, Vertrieb, Marketing, Recht, Systemadministratoren) oder externen Parteien (wie Fremdanbietern technischer Dienstleistungen, Zustellunternehmen, Hosting-Anbietern, IT-Unternehmen oder Kommunkationsagenturen), die, falls notwendig, vom Eigent\u00fcmer als Auftragsverarbeiter eingesetzt werden. Eine aktuelle Liste dieser Beteiligten kann jederzeit von der verantwortlichen Stelle verlangt werden.<\/p>\n<p><strong>Ort<\/strong><\/p>\n<p>Die Daten werden am Betriebsort der verantwortlichen Stelle und an allen anderen Orten, an denen sich die mit der Datenverarbeitung beteiligten Parteien befinden, verarbeitet. F\u00fcr weitere Informationen, kontaktieren Sie bitte die verantwortliche Stelle.<\/p>\n<p><strong>Speicherdauer<\/strong><\/p>\n<p>Die Daten werden so lange gespeichert, wie es f\u00fcr das Erbringen der vom Nutzer gew\u00fcnschten Dienstleistungen notwendig ist oder f\u00fcr die in diesem Dokument aufgef\u00fchrten Zwecke angegeben ist. Der Nutzer kann die verantwortliche Stelle jederzeit auffordern, die Daten zu sperren oder zu entfernen.<\/p>\n<\/div>\n<div>\n<p><strong>Nutzung der erhobenen Daten<\/strong><\/p>\n<p>Die Daten \u00fcber den Nutzer werden erhoben, damit der Eigent\u00fcmer die Dienstleistungen erbringen kann. Dar\u00fcber hinaus werden Daten zu folgenden Zwecken erhoben: Analytik.<\/p>\n<p>Die personenbezogenen Daten, die zu den aufgef\u00fchrten Zwecken verwendet werden, sind in den jeweiligen Abschnitten dieses Dokuments aufgef\u00fchrt.<\/p>\n<\/div>\n<div>\n<p><strong>Ausf\u00fchrliche Angaben \u00fcber die Verarbeitung personenbezogener Daten<\/strong><\/p>\n<p>Personenbezogene Daten werden zu folgenden Zwecken unter Inanspruchnahme folgender Dienstleistungen erhoben:<\/p>\n<div>\n<p>Mit den in diesem Abschnitt aufgef\u00fchrten Dienstleistungen kann der Eigent\u00fcmer den Datenverkehr \u00fcberwachen und analysieren sowie das Verhalten von Nutzern nachverfolgen.<\/p>\n<p><strong>Google Analytics (Google Inc.)<\/strong><\/p>\n<p>Google Analytics ist ein Webanalysedienst von Google Inc. (\u201eGoogle\u201c). Google verwendet die erhobenen Daten, um nachzuverfolgen und zu untersuchen, wie diese Applikation genutzt wird, Berichte \u00fcber ihre Aktivit\u00e4ten zu verfassen und diese gemeinsam mit anderen Google-Diensten zu nutzen.<br \/>Google kann die erhobenen Daten verwenden, um die Anzeigen seines eigenen Werbenetzwerks zu kontextualisieren und personalisieren.<\/p>\n<p>Erhobene personenbezogene Daten: Cookie und Nutzungsdaten.<\/p>\n<p>Verarbeitungsort: USA \u2013\u00a0<a href=\"https:\/\/www.google.com\/intl\/de\/policies\/privacy\/\" target=\"_blank\" rel=\"noopener noreferrer\">Datenschutzerkl\u00e4rung<\/a>\u00a0\u2013\u00a0<a href=\"https:\/\/tools.google.com\/dlpage\/gaoptout?hl=de\" target=\"_blank\" rel=\"noopener noreferrer\">Opt Out<\/a><\/p>\n<p><strong>Yandex Metrica (YANDEX, LLC)<\/strong><\/p>\n<p>Yandex Metrica ist ein Analyse- und Heat Mappingdienst von YANDEX, LLC. Yandex Metrica kann die Bereiche einer Seite anzeigen, in denen die Maus am h\u00e4ufigsten bewegt wird oder die am h\u00e4ufigsten angeklickt werden. Auf diese Weise lassen sich die Interessenschwerpunkte erkennen.<\/p>\n<p>Erhobene personenbezogene Daten: Cookie und Nutzungsdaten.<\/p>\n<p>Verarbeitungsort: Russland \u2013\u00a0<a href=\"https:\/\/legal.yandex.com\/confidential\/\" target=\"_blank\" rel=\"noopener noreferrer\">Datenschutzerkl\u00e4rung<\/a><\/p>\n<p><strong>WordPress Stat (Automattic Inc.)<\/strong><\/p>\n<p>WordPress Stats ist ein Analysedienst von Automattic Inc.<\/p>\n<p>Erhobene personenbezogene Daten: Cookie und Nutzungsdaten.<\/p>\n<p>Verarbeitungsort: USA \u2013\u00a0<a href=\"https:\/\/automattic.com\/privacy\/\" target=\"_blank\" rel=\"noopener noreferrer\">Datenschutzerkl\u00e4rung<\/a><\/p>\n<\/div>\n<\/div>\n<div class=\"container section-title-container\" ><h3 class=\"section-title section-title-center\"><b><\/b><span class=\"section-title-main\" >Weitere Informationen \u00fcber die Erhebung und Verarbeitung von Daten<\/span><b><\/b><\/h3><\/div>\n\n<p><strong>Rechtliche Ma\u00dfnahmen<\/strong><\/p>\n<p>Die personenbezogenen Daten des Nutzers k\u00f6nnen von der verantwortlichen Stelle zu rechtlichen Zwecken in gerichtlichen Verfahren oder vor m\u00f6glichen Klagen verwendet werden, die sich daraus ergeben, dass diese Applikation oder die dazugeh\u00f6rigen Dienste nicht ordnungsgem\u00e4\u00df genutzt wurden.<br \/>Der Nutzer ist sich dessen bewusst, dass die verantwortliche Stelle von den Beh\u00f6rden zur Herausgabe von personenbezogenen Daten aufgefordert werden k\u00f6nnte.<\/p>\n<p><strong>Weitere Informationen \u00fcber die personenbezogenen Daten des Nutzers<\/strong><\/p>\n<p>Neben den in dieser Datenschutzerkl\u00e4rung aufgef\u00fchrten Informationen kann diese Applikation dem Nutzer auf Anfrage Informationen zusenden, die sich auf bestimmte Dienste oder die Erhebung und Verarbeitung personenbezogener Daten beziehen.<\/p>\n<p><strong>Systemprotokolle und Wartung<\/strong><\/p>\n<p>Diese Applikation und die Dienste von Drittanbietern k\u00f6nnen zu Betriebs- und Wartungszwecken Dateien sammeln, die die \u00fcber diese Applikation stattfindende Interaktion aufzeichnen (Systemprotokolle), oder andere personenbezogene Daten (z. B. IP-Adresse) zu diesem Zweck verwenden.<\/p>\n<p><strong>Nicht in dieser Datenschutzerkl\u00e4rung enthaltene Informationen<\/strong><\/p>\n<p>Weitere Informationen \u00fcber die Erhebung oder Verarbeitung von personenbezogenen Daten k\u00f6nnen jederzeit von der verantwortlichen Stelle \u00fcber die angegebenen Kontaktangaben angefordert werden.<\/p>\n<p><strong>Rechte von Nutzern<\/strong><\/p>\n<p>Nutzer sind jederzeit berechtigt zu erfahren, ob ihre personenbezogenen Daten gespeichert wurden, und k\u00f6nnen die verantwortliche Stelle kontaktieren, um die Inhalte und Herkunft der gespeicherten Daten zu erfahren, ihre Richtigkeit zu \u00fcberpr\u00fcfen, ihre Erg\u00e4nzung, L\u00f6schung, Aktualisierung, Berichtigung oder Umwandlung in ein anonymisiertes Format oder die Sperrung rechtswidrig gespeicherter Daten zu verlangen sowie ihre Verarbeitung aus rechtm\u00e4\u00dfigen Gr\u00fcnden abzulehnen. Entsprechende Anfragen sind an die verantwortliche Stelle unter Verwendung der oben aufgef\u00fchrten Kontaktangaben zu senden.<\/p>\n<p>Diese Applikation unterst\u00fctzt keine Nicht-Verfolgen-Anfragen (do not track) durch Webbrowser.<br \/>Die Information, ob benutzte Drittanbieter das Nicht-Verfolgen Protokoll befolgen, entnehmen Sie bitte der Datenschutzerkl\u00e4rung f\u00fcr den jeweiligen Dienst.<\/p>\n<p><strong>\u00c4nderungen dieser Datenschutzerkl\u00e4rung<\/strong><\/p>\n<p>Die verantwortliche Stelle beh\u00e4lt sich vor, jederzeit \u00c4nderungen an dieser Datenschutzerkl\u00e4rung vorzunehmen, indem sie ihre Nutzer auf dieser Seite entsprechend informiert. Nutzern wird daher nahe gelegt, diese Seite regelm\u00e4\u00dfig aufzurufen und dabei das am Seitenende angegebene Datum der letzten \u00c4nderung zu pr\u00fcfen. Lehnt ein Nutzer eine \u00c4nderung der Datenschutzerkl\u00e4rung ab, so darf er diese Applikation nicht mehr nutzen und kann die verantwortliche Stelle auffordern, seine personenbezogenen Daten zu l\u00f6schen. Soweit nichts anderes angegeben ist, gilt die jeweils aktuelle Datenschutzerkl\u00e4rung f\u00fcr alle personenbezogenen Daten, die die verantwortliche Stelle \u00fcber einen Nutzer gespeichert hat.<\/p>\n<p><strong>Informationen \u00fcber diese Datenschutzerkl\u00e4rung<\/strong><\/p>\n<p>Die verantwortliche Stelle ist f\u00fcr die Datenschutzerkl\u00e4rung verantwortlich, die ab den von Iubenda bereitgestellten Modulen beginnt und auf den Servern von Iubenda gehosted wird.<\/p>\n<div class=\"container section-title-container\" ><h3 class=\"section-title section-title-center\"><b><\/b><span class=\"section-title-main\" >Begriffsbestimmungen und rechtliche Hinweise<\/span><b><\/b><\/h3><\/div>\n\n<p><strong>Personenbezogene Daten (oder Daten)<\/strong><\/p>\n<p>Angaben \u00fcber eine nat\u00fcrliche oder juristische Person, Institution oder Gesellschaft, die durch Bezug auf andere Angaben (einschlie\u00dflich einer pers\u00f6nlichen Identifikationsnummer) \u2013 auch indirekt \u2013 bestimmt wird oder bestimmbar ist.<\/p>\n<p><strong>Nutzungsdaten<\/strong><\/p>\n<p>Informationen, die diese Applikation (oder Dienste Dritter, die diese Applikation in Anspruch nimmt), automatisch erhebt, z. B.: die IP-Adressen oder Domain-Namen der Computer von Nutzern, die diese Applikation verwenden, die URI-Adressen (Uniform Resource Identifier), die Zeit der Anfrage, die Methode, die f\u00fcr die \u00dcbersendung der Anfrage an den Server verwendet wurde, die Gr\u00f6\u00dfe der empfangenen Antwort-Datei, der Zahlencode, der den Status der Server-Antwort anzeigt (erfolgreiches Ergebnis, Fehler etc.), das Herkunftsland, die Funktionen des vom Nutzer verwendeten Browsers und Betriebssystems, die diversen Zeitangaben pro Aufruf (z. B. wie viel Zeit auf jeder Seite der Anwendung verbracht wurde) und Angaben \u00fcber den Pfad, dem innerhalb einer Anwendung gefolgt wurde, insbesondere die Reihenfolge der besuchten Seiten, sowie sonstige Informationen \u00fcber das Betriebssystem des Ger\u00e4ts und\/oder die IT-Umgebung des Nutzers.<\/p>\n<p><strong>Nutzer<\/strong><\/p>\n<p>Die diese Applikation verwendende Person, auf die sich die personenbezogenen Daten beziehen, und die entweder der Dateninhaber sein muss oder die vom Dateninhaber bevollm\u00e4chtigt wurde.<\/p>\n<p><strong>Dateninhaber<\/strong><\/p>\n<p>Die juristische oder nat\u00fcrliche Person, auf die sich die personenbezogenen Daten beziehen.<\/p>\n<p><strong>Datenverarbeiter<\/strong><\/p>\n<p>Die nat\u00fcrliche oder juristische Person, \u00f6ffentliche Verwaltung oder ein sonstiges Organ, eine sonstige Gesellschaft oder sonstige Organisation, die bzw. das von der verantwortlichen Stelle bevollm\u00e4chtigt wurde, die personenbezogenen Daten gem\u00e4\u00df dieser Datenschutzerkl\u00e4rung zu verarbeiten.<\/p>\n<p><strong>Verantwortliche Stelle (oder Eigent\u00fcmer)<\/strong><\/p>\n<p>Die nat\u00fcrliche oder juristische Person, \u00f6ffentliche Verwaltung oder ein sonstiges Organ, eine sonstige Gesellschaft oder sonstige Organisation mit dem Recht, m\u00f6glicherweise gemeinsam mit einer weiteren verantwortlichen Stelle Entscheidungen \u00fcber den Zweck und die Methoden der Verarbeitung von personenbezogenen Daten sowie die hierf\u00fcr verwendeten Mittel zu treffen, einschlie\u00dflich der Sicherheitsma\u00dfnahmen bez\u00fcglich des sich auf diese Applikation beziehenden Betriebs und der Nutzung. Soweit nichts anderes angegeben ist, ist die verantwortliche Stelle die nat\u00fcrliche oder juristische Person, in deren Eigentum diese Applikation steht.<\/p>\n<p><strong>Diese Applikation<\/strong><\/p>\n<p>Das Hardware- oder Software-Tool, mit dem die personenbezogenen Daten des Nutzers erhoben werden.<\/p>\n<p><strong>Cookie<\/strong><\/p>\n<p>Kleine Datei, die von der Anwendung im Ger\u00e4t des Nutzers gespeichert wird.<\/p>\n\n\t\t<\/div>\n\t\t\t<\/div>\n\n\t\n\n<\/div>\n\n","protected":false},"excerpt":{"rendered":"","protected":false},"author":2,"featured_media":0,"parent":0,"menu_order":0,"comment_status":"closed","ping_status":"closed","template":"page-blank.php","meta":{"footnotes":""},"class_list":["post-849","page","type-page","status-publish","hentry"],"yoast_head":"<!-- This site is optimized with the Yoast SEO plugin v27.4 - https:\/\/yoast.com\/product\/yoast-seo-wordpress\/ -->\n<title>Impressum - ARIAL OIL<\/title>\n<meta name=\"robots\" content=\"index, follow, max-snippet:-1, max-image-preview:large, max-video-preview:-1\" \/>\n<link rel=\"canonical\" href=\"https:\/\/www.arialoil.com\/de\/imprint\/\" \/>\n<meta property=\"og:locale\" content=\"de_DE\" \/>\n<meta property=\"og:type\" content=\"article\" \/>\n<meta property=\"og:title\" content=\"Impressum - ARIAL OIL\" \/>\n<meta property=\"og:url\" content=\"https:\/\/www.arialoil.com\/de\/imprint\/\" \/>\n<meta property=\"og:site_name\" content=\"ARIAL OIL\" \/>\n<meta property=\"article:publisher\" content=\"https:\/\/www.facebook.com\/ArialOil\" \/>\n<meta property=\"article:modified_time\" content=\"2020-11-09T13:59:06+00:00\" \/>\n<meta name=\"twitter:card\" content=\"summary_large_image\" \/>\n<meta name=\"twitter:site\" content=\"@ArialOil\" \/>\n<meta name=\"twitter:label1\" content=\"Gesch\u00e4tzte Lesezeit\" \/>\n\t<meta name=\"twitter:data1\" content=\"10\u00a0Minuten\" \/>\n<script type=\"application\/ld+json\" class=\"yoast-schema-graph\">{\"@context\":\"https:\\\/\\\/schema.org\",\"@graph\":[{\"@type\":\"WebPage\",\"@id\":\"https:\\\/\\\/www.arialoil.com\\\/de\\\/imprint\\\/\",\"url\":\"https:\\\/\\\/www.arialoil.com\\\/de\\\/imprint\\\/\",\"name\":\"Impressum - ARIAL OIL\",\"isPartOf\":{\"@id\":\"https:\\\/\\\/www.arialoil.com\\\/#website\"},\"datePublished\":\"2020-10-05T14:46:21+00:00\",\"dateModified\":\"2020-11-09T13:59:06+00:00\",\"breadcrumb\":{\"@id\":\"https:\\\/\\\/www.arialoil.com\\\/de\\\/imprint\\\/#breadcrumb\"},\"inLanguage\":\"de\",\"potentialAction\":[{\"@type\":\"ReadAction\",\"target\":[\"https:\\\/\\\/www.arialoil.com\\\/de\\\/imprint\\\/\"]}]},{\"@type\":\"BreadcrumbList\",\"@id\":\"https:\\\/\\\/www.arialoil.com\\\/de\\\/imprint\\\/#breadcrumb\",\"itemListElement\":[{\"@type\":\"ListItem\",\"position\":1,\"name\":\"Home\",\"item\":\"https:\\\/\\\/www.arialoil.com\\\/de\\\/\"},{\"@type\":\"ListItem\",\"position\":2,\"name\":\"Impressum\"}]},{\"@type\":\"WebSite\",\"@id\":\"https:\\\/\\\/www.arialoil.com\\\/#website\",\"url\":\"https:\\\/\\\/www.arialoil.com\\\/\",\"name\":\"ARIAL OIL\",\"description\":\"Motor Oil from Germany\",\"publisher\":{\"@id\":\"https:\\\/\\\/www.arialoil.com\\\/#organization\"},\"potentialAction\":[{\"@type\":\"SearchAction\",\"target\":{\"@type\":\"EntryPoint\",\"urlTemplate\":\"https:\\\/\\\/www.arialoil.com\\\/?s={search_term_string}\"},\"query-input\":{\"@type\":\"PropertyValueSpecification\",\"valueRequired\":true,\"valueName\":\"search_term_string\"}}],\"inLanguage\":\"de\"},{\"@type\":\"Organization\",\"@id\":\"https:\\\/\\\/www.arialoil.com\\\/#organization\",\"name\":\"ARIAL OIL\",\"url\":\"https:\\\/\\\/www.arialoil.com\\\/\",\"logo\":{\"@type\":\"ImageObject\",\"inLanguage\":\"de\",\"@id\":\"https:\\\/\\\/www.arialoil.com\\\/#\\\/schema\\\/logo\\\/image\\\/\",\"url\":\"https:\\\/\\\/www.arialoil.com\\\/wp-content\\\/uploads\\\/2020\\\/11\\\/ARIAL-OIL-LOGO.jpg\",\"contentUrl\":\"https:\\\/\\\/www.arialoil.com\\\/wp-content\\\/uploads\\\/2020\\\/11\\\/ARIAL-OIL-LOGO.jpg\",\"width\":500,\"height\":500,\"caption\":\"ARIAL OIL\"},\"image\":{\"@id\":\"https:\\\/\\\/www.arialoil.com\\\/#\\\/schema\\\/logo\\\/image\\\/\"},\"sameAs\":[\"https:\\\/\\\/www.facebook.com\\\/ArialOil\",\"https:\\\/\\\/x.com\\\/ArialOil\",\"https:\\\/\\\/www.linkedin.com\\\/company\\\/arialoil\",\"https:\\\/\\\/www.youtube.com\\\/channel\\\/UCQ6UBUTmZZfS6bpGoWFDOEQ\"]}]}<\/script>\n<!-- \/ Yoast SEO plugin. -->","yoast_head_json":{"title":"Impressum - ARIAL OIL","robots":{"index":"index","follow":"follow","max-snippet":"max-snippet:-1","max-image-preview":"max-image-preview:large","max-video-preview":"max-video-preview:-1"},"canonical":"https:\/\/www.arialoil.com\/de\/imprint\/","og_locale":"de_DE","og_type":"article","og_title":"Impressum - ARIAL OIL","og_url":"https:\/\/www.arialoil.com\/de\/imprint\/","og_site_name":"ARIAL OIL","article_publisher":"https:\/\/www.facebook.com\/ArialOil","article_modified_time":"2020-11-09T13:59:06+00:00","twitter_card":"summary_large_image","twitter_site":"@ArialOil","twitter_misc":{"Gesch\u00e4tzte Lesezeit":"10\u00a0Minuten"},"schema":{"@context":"https:\/\/schema.org","@graph":[{"@type":"WebPage","@id":"https:\/\/www.arialoil.com\/de\/imprint\/","url":"https:\/\/www.arialoil.com\/de\/imprint\/","name":"Impressum - ARIAL OIL","isPartOf":{"@id":"https:\/\/www.arialoil.com\/#website"},"datePublished":"2020-10-05T14:46:21+00:00","dateModified":"2020-11-09T13:59:06+00:00","breadcrumb":{"@id":"https:\/\/www.arialoil.com\/de\/imprint\/#breadcrumb"},"inLanguage":"de","potentialAction":[{"@type":"ReadAction","target":["https:\/\/www.arialoil.com\/de\/imprint\/"]}]},{"@type":"BreadcrumbList","@id":"https:\/\/www.arialoil.com\/de\/imprint\/#breadcrumb","itemListElement":[{"@type":"ListItem","position":1,"name":"Home","item":"https:\/\/www.arialoil.com\/de\/"},{"@type":"ListItem","position":2,"name":"Impressum"}]},{"@type":"WebSite","@id":"https:\/\/www.arialoil.com\/#website","url":"https:\/\/www.arialoil.com\/","name":"ARIAL OIL","description":"Motor Oil from Germany","publisher":{"@id":"https:\/\/www.arialoil.com\/#organization"},"potentialAction":[{"@type":"SearchAction","target":{"@type":"EntryPoint","urlTemplate":"https:\/\/www.arialoil.com\/?s={search_term_string}"},"query-input":{"@type":"PropertyValueSpecification","valueRequired":true,"valueName":"search_term_string"}}],"inLanguage":"de"},{"@type":"Organization","@id":"https:\/\/www.arialoil.com\/#organization","name":"ARIAL OIL","url":"https:\/\/www.arialoil.com\/","logo":{"@type":"ImageObject","inLanguage":"de","@id":"https:\/\/www.arialoil.com\/#\/schema\/logo\/image\/","url":"https:\/\/www.arialoil.com\/wp-content\/uploads\/2020\/11\/ARIAL-OIL-LOGO.jpg","contentUrl":"https:\/\/www.arialoil.com\/wp-content\/uploads\/2020\/11\/ARIAL-OIL-LOGO.jpg","width":500,"height":500,"caption":"ARIAL OIL"},"image":{"@id":"https:\/\/www.arialoil.com\/#\/schema\/logo\/image\/"},"sameAs":["https:\/\/www.facebook.com\/ArialOil","https:\/\/x.com\/ArialOil","https:\/\/www.linkedin.com\/company\/arialoil","https:\/\/www.youtube.com\/channel\/UCQ6UBUTmZZfS6bpGoWFDOEQ"]}]}},"_links":{"self":[{"href":"https:\/\/www.arialoil.com\/de\/wp-json\/wp\/v2\/pages\/849","targetHints":{"allow":["GET"]}}],"collection":[{"href":"https:\/\/www.arialoil.com\/de\/wp-json\/wp\/v2\/pages"}],"about":[{"href":"https:\/\/www.arialoil.com\/de\/wp-json\/wp\/v2\/types\/page"}],"author":[{"embeddable":true,"href":"https:\/\/www.arialoil.com\/de\/wp-json\/wp\/v2\/users\/2"}],"replies":[{"embeddable":true,"href":"https:\/\/www.arialoil.com\/de\/wp-json\/wp\/v2\/comments?post=849"}],"version-history":[{"count":5,"href":"https:\/\/www.arialoil.com\/de\/wp-json\/wp\/v2\/pages\/849\/revisions"}],"predecessor-version":[{"id":854,"href":"https:\/\/www.arialoil.com\/de\/wp-json\/wp\/v2\/pages\/849\/revisions\/854"}],"wp:attachment":[{"href":"https:\/\/www.arialoil.com\/de\/wp-json\/wp\/v2\/media?parent=849"}],"curies":[{"name":"wp","href":"https:\/\/api.w.org\/{rel}","templated":true}]}}