{"id":822,"date":"2020-11-09T11:13:02","date_gmt":"2020-11-09T11:13:02","guid":{"rendered":"https:\/\/stage.arialoil.com\/?page_id=822"},"modified":"2020-11-21T12:01:28","modified_gmt":"2020-11-21T12:01:28","slug":"unternehmen","status":"publish","type":"page","link":"https:\/\/www.arialoil.com\/de\/unternehmen\/","title":{"rendered":"Unternehmen"},"content":{"rendered":"\n\t<section class=\"section dark\" id=\"section_298974724\">\n\t\t<div class=\"bg section-bg fill bg-fill  \" >\n\n\t\t\t\n\t\t\t<div class=\"section-bg-overlay absolute fill\"><\/div>\n\t\t\t\n\n\t\t<\/div>\n\n\t\t<div class=\"section-content relative\">\n\t\t\t\n\n<div class=\"row align-center\"  id=\"row-1415945436\">\n\n\n\t<div id=\"col-1312170996\" class=\"col medium-10 small-12 large-10\"  >\n\t\t<div class=\"col-inner text-center\"  >\n\t\t\t\n\t\t\t\n\n<p>&nbsp;<\/p>\n<h2 class=\"uppercase\"><strong>UNTERNEHMEN<\/strong><\/h2>\n<h4>FIRMENSTRUKTUR<\/h4>\n\n\t\t<\/div>\n\t\t\t<\/div>\n\n\t\n\n<\/div>\n\n\t\t<\/div>\n\n\t\t\n<style>\n#section_298974724 {\n  padding-top: 30px;\n  padding-bottom: 30px;\n  min-height: 200px;\n  background-color: rgb(245, 245, 245);\n}\n#section_298974724 .section-bg-overlay {\n  background-color: rgba(0,0,0,.5);\n}\n#section_298974724 .section-bg.bg-loaded {\n  background-image: url(https:\/\/www.arialoil.com\/wp-content\/uploads\/2020\/09\/abfuellung2.jpg);\n}\n<\/style>\n\t<\/section>\n\t\n<div class=\"row\"  id=\"row-445658348\">\n\n\n\t<div id=\"col-837403752\" class=\"col small-12 large-12\"  >\n\t\t<div class=\"col-inner\"  >\n\t\t\t\n\t\t\t\n\n<div class=\"container section-title-container\" ><h3 class=\"section-title section-title-center\"><b><\/b><span class=\"section-title-main\" >ARIAL steht f\u00fcr innovative Schmierstoffe von spitzer Qualit\u00e4t!<\/span><b><\/b><\/h3><\/div>\n\n<p>Produkte der ARIAL Familie \u00fcbertreffen schon heute die erwarteten Forderungen der nahen Zukunft bez\u00fcglich der Funktionalit\u00e4t, der Umweltvertr\u00e4glichkeit und der Schutzeigenschaften. Wir zielen auf den Erfolg unserer Partner und auf langfristige Gesch\u00e4ftsbeziehungen. Die professionelle Gesch\u00e4ftsf\u00fchrung des Unternehmens gew\u00e4hrleistet eine effektive Zusammenarbeit mit jedem Kunden, reagiert z\u00fcgig auf seine Bed\u00fcrfnisse und Anforderungen. Wir gestalten eine flexible Preispolitik, wir geben professionelle technische und beratende Unterst\u00fctzung und entwickeln unser Leistungsspektrum weiter.<\/p>\n<div class=\"video video-fit mb\" style=\"padding-top:56.25%;\"><iframe title=\"ARIAL OIL | PRESENTATION ON RUSSIAN MARKET\" width=\"1020\" height=\"574\" data-src=\"https:\/\/www.youtube.com\/embed\/pDflw12J6Es?start=12&#038;feature=oembed\" frameborder=\"0\" allow=\"accelerometer; autoplay; clipboard-write; encrypted-media; gyroscope; picture-in-picture\" allowfullscreen src=\"data:image\/svg+xml;base64,PHN2ZyB3aWR0aD0iMSIgaGVpZ2h0PSIxIiB4bWxucz0iaHR0cDovL3d3dy53My5vcmcvMjAwMC9zdmciPjwvc3ZnPg==\" class=\"lazyload\" data-load-mode=\"1\"><\/iframe><\/div>\n\n\n\t\t<\/div>\n\t\t\t<\/div>\n\n\t\n\n\t<div id=\"col-601319746\" class=\"col small-12 large-12\"  >\n\t\t<div class=\"col-inner\"  >\n\t\t\t\n\t\t\t\n\n<h3>Wenn Sie an qualitativ hochwertigem \u00d6l interessiert sind, treffen Sie mit dem Kauf von ARIAL Produkten zu fairen Preisen, die beste Wahl f\u00fcr Ihr Unternehmen, denn es ist sicher, bequem und gewinnbringend mit uns zu arbeiten und das Gesch\u00e4ft mit ARIAL Schmierstoffen zu betreiben.<\/h3>\n\n\t\t<\/div>\n\t\t\t<\/div>\n\n\t\n\n<\/div>\n<div class=\"row row-collapse row-full-width align-middle\"  id=\"row-861598551\">\n\n\n\t<div id=\"col-1149920904\" class=\"col medium-6 small-12 large-6\"  >\n\t\t<div class=\"col-inner\"  >\n\t\t\t\n\t\t\t\n\n\t<div class=\"img has-hover x md-x lg-x y md-y lg-y\" id=\"image_744377733\">\n\t\t<a class=\"\" href=\"https:\/\/www.arialoil.com\/de\/produkte\/\"  >\t\t\t\t<div data-animate=\"fadeInLeft\">\t\t<div class=\"img-inner dark\" >\n\t\t\t<img decoding=\"async\" width=\"945\" height=\"800\" data-src=\"https:\/\/www.arialoil.com\/wp-content\/uploads\/2020\/11\/ARIAL-OIL-PRODUCTS-ABOUT-US-2-945x800.jpg\" class=\"attachment-large size-large lazyload\" alt=\"\" data-srcset=\"https:\/\/www.arialoil.com\/wp-content\/uploads\/2020\/11\/ARIAL-OIL-PRODUCTS-ABOUT-US-2-945x800.jpg 945w, https:\/\/www.arialoil.com\/wp-content\/uploads\/2020\/11\/ARIAL-OIL-PRODUCTS-ABOUT-US-2-473x400.jpg 473w, https:\/\/www.arialoil.com\/wp-content\/uploads\/2020\/11\/ARIAL-OIL-PRODUCTS-ABOUT-US-2-768x650.jpg 768w, https:\/\/www.arialoil.com\/wp-content\/uploads\/2020\/11\/ARIAL-OIL-PRODUCTS-ABOUT-US-2-600x508.jpg 600w, https:\/\/www.arialoil.com\/wp-content\/uploads\/2020\/11\/ARIAL-OIL-PRODUCTS-ABOUT-US-2.jpg 1276w\" data-sizes=\"(max-width: 945px) 100vw, 945px\" src=\"data:image\/svg+xml;base64,PHN2ZyB3aWR0aD0iMSIgaGVpZ2h0PSIxIiB4bWxucz0iaHR0cDovL3d3dy53My5vcmcvMjAwMC9zdmciPjwvc3ZnPg==\" style=\"--smush-placeholder-width: 945px; --smush-placeholder-aspect-ratio: 945\/800;\" \/>\t\t\t\t\t\t\n\t\t\t\t\t<\/div>\n\t\t<\/div>\t\t\t\t<\/a>\t\t\n<style>\n#image_744377733 {\n  width: 100%;\n}\n<\/style>\n\t<\/div>\n\t\n\n\n\t\t<\/div>\n\t\t\t<\/div>\n\n\t\n\n\t<div id=\"col-748891913\" class=\"col medium-6 small-12 large-6\"  >\n\t\t<div class=\"col-inner text-center\" style=\"max-width:520px;\" >\n\t\t\t\n\t\t\t\n\n<h1 class=\"uppercase\">UNSERE PRODUKTE<\/h1>\n<h2 class=\"thin-font\">Schauen Sie in unserem Sortiment, welches \u00d6l sich am Besten eignet!<\/h2>\n\t<div id=\"gap-473692291\" class=\"gap-element clearfix\" style=\"display:block; height:auto;\">\n\t\t\n<style>\n#gap-473692291 {\n  padding-top: 30px;\n}\n<\/style>\n\t<\/div>\n\t\n\n<a href=\"https:\/\/www.arialoil.com\/de\/produkte\/\" target=\"_self\" class=\"button primary is-outline\"  >\n    <span>PRODUKTSORTIMENT<\/span>\n  <i class=\"icon-angle-right\" ><\/i><\/a>\n\n\n\n\t\t<\/div>\n\t\t\n<style>\n#col-748891913 > .col-inner {\n  padding: 5% 5% 5% 5%;\n}\n<\/style>\n\t<\/div>\n\n\t\n\n<\/div>\n\t<div id=\"gap-1490672825\" class=\"gap-element clearfix\" style=\"display:block; height:auto;\">\n\t\t\n<style>\n#gap-1490672825 {\n  padding-top: 30px;\n}\n<\/style>\n\t<\/div>\n\t\n\n<div class=\"row\"  id=\"row-419623253\">\n\n\n\t<div id=\"col-190110211\" class=\"col small-12 large-12\"  >\n\t\t<div class=\"col-inner\"  >\n\t\t\t\n\t\t\t\n\n<div class=\"container section-title-container\" ><h3 class=\"section-title section-title-center\"><b><\/b><span class=\"section-title-main\" >Die ARIAL Schmierstofftechnologie<\/span><b><\/b><\/h3><\/div>\n\n<p>F\u00fcr die Produktion von ARIAL \u00d6len verwenden wir die HC-Synthese-Technologie (Hydro Cracking Synthese Technology). Es handelt sich hier um die innovative Klasse der Motoren\u00f6le. Der Terminus \u201eHydrocracking\u201c stammt von den W\u00f6rtern \u201eHydro\u201c \u2013 \u201eder Wasserstoff\u201c und \u201ecrack\u201c \u2013 \u201espalten\u201c. Die w\u00f6rtliche \u00dcbersetzung dieses Terminus erl\u00e4utert die wichtigen Aspekte der Produktion dieser \u00d6le \u2013 das Zerspalten der schweren Kohlenwasserstoffmolek\u00fcle des Erd\u00f6lrohstoffes in Verbindung mit Wasserstoff f\u00fcr den Erhalt der Grund\u00f6le mit den n\u00f6tigen Eigenschaften. Bei der Produktion von synthetischen Grund\u00f6len aus leichten Kohlenwasserstoffmolek\u00fclen f\u00fcgen sich, wie bekannt, die notwendigen k\u00fcnstlichen Molek\u00fcle des Grund\u00f6ls, die wie Bausteine zusammensynthetisiert werden. Bei der Produktion von Hydrocrack-\u00d6len geschieht das Gegenteil. Hydrocrack-\u00d6le sind Produkte der Erd\u00f6ldestillation und der Erd\u00f6lveredlung. Das Hydrocracking entfernt alles \u201eEntbehrliche\u201c und die notwendigen Eigenschaften werden mit Hilfe von Additiven erzielt. Gegen einen Verschlei\u00df sch\u00fctzten HC-\u00d6le zunehmend besser als synthetische \u00d6le.<\/p>\n<p>Mit dem Erwerb eines Hydrocrack-\u00d6ls erhalten Sie ein Produkt auf h\u00f6chstem Qualit\u00e4tsniveau, vergleichbar mit synthetischen \u00d6len, jedoch gegens\u00e4tzlich dazu aus rein verf\u00fcgbaren nat\u00fcrlichen Rohstoffen nach \u00f6kologischen Technologien. Aufgrund dieser Eigenschaften empfehlen Autohersteller vermehrt eine Verwendung von HC-\u00d6len.<\/p>\n\n\t\t<\/div>\n\t\t\t<\/div>\n\n\t\n\n<\/div>\n<div class=\"row\"  id=\"row-1033039885\">\n\n\n\t<div id=\"col-559604827\" class=\"col small-12 large-12\"  >\n\t\t<div class=\"col-inner\"  >\n\t\t\t\n\t\t\t\n\n<div class=\"container section-title-container\" ><h3 class=\"section-title section-title-center\"><b><\/b><span class=\"section-title-main\" >Feedback von unseren Kunden<\/span><b><\/b><\/h3><\/div>\n\n  <div class=\"icon-box testimonial-box icon-box-center text-center\">\n                <div class=\"icon-box-text p-last-0\">\n          <div class=\"star-rating\"><span style=\"width:100%\"><strong class=\"rating\"><\/strong><\/span><\/div>  \t\t\t\t<div class=\"testimonial-text line-height-small italic test_text first-reset last-reset is-italic\">\n            \n\n<h3>Quality oil! Professional team!<\/h3>\n<p>I have been cooperating with this company for several years. I am very satisfied with the service and professionalism of the staff. I recommend them to everyone! Keep ahead ARIAL OIL!<\/p>\n\n          <\/div>\n          <div class=\"testimonial-meta pt-half\">\n             <strong class=\"testimonial-name test_name\">Alexander Karpaloff<\/strong>\n             <span class=\"testimonial-name-divider\"> \/ <\/span>             <span class=\"testimonial-company test_company\">ITG Moscow, Russia<\/span>\n          <\/div>\n        <\/div>\n  <\/div>\n\n  \n\n\t\t<\/div>\n\t\t\t<\/div>\n\n\t\n\n<\/div>\n\t<div id=\"gap-19189331\" class=\"gap-element clearfix\" style=\"display:block; height:auto;\">\n\t\t\n<style>\n#gap-19189331 {\n  padding-top: 30px;\n}\n<\/style>\n\t<\/div>\n\t\n\n\n","protected":false},"excerpt":{"rendered":"","protected":false},"author":2,"featured_media":0,"parent":0,"menu_order":0,"comment_status":"closed","ping_status":"closed","template":"page-blank.php","meta":{"footnotes":""},"class_list":["post-822","page","type-page","status-publish","hentry"],"yoast_head":"<!-- This site is optimized with the Yoast SEO plugin v27.3 - https:\/\/yoast.com\/product\/yoast-seo-wordpress\/ -->\n<title>Unternehmen - ARIAL OIL<\/title>\n<meta name=\"robots\" content=\"index, follow, max-snippet:-1, max-image-preview:large, max-video-preview:-1\" \/>\n<link rel=\"canonical\" href=\"https:\/\/www.arialoil.com\/de\/unternehmen\/\" \/>\n<meta property=\"og:locale\" content=\"de_DE\" \/>\n<meta property=\"og:type\" content=\"article\" \/>\n<meta property=\"og:title\" content=\"Unternehmen - ARIAL OIL\" \/>\n<meta property=\"og:url\" content=\"https:\/\/www.arialoil.com\/de\/unternehmen\/\" \/>\n<meta property=\"og:site_name\" content=\"ARIAL OIL\" \/>\n<meta property=\"article:publisher\" content=\"https:\/\/www.facebook.com\/ArialOil\" \/>\n<meta property=\"article:modified_time\" content=\"2020-11-21T12:01:28+00:00\" \/>\n<meta name=\"twitter:card\" content=\"summary_large_image\" \/>\n<meta name=\"twitter:site\" content=\"@ArialOil\" \/>\n<meta name=\"twitter:label1\" content=\"Gesch\u00e4tzte Lesezeit\" \/>\n\t<meta name=\"twitter:data1\" content=\"3\u00a0Minuten\" \/>\n<script type=\"application\/ld+json\" class=\"yoast-schema-graph\">{\"@context\":\"https:\\\/\\\/schema.org\",\"@graph\":[{\"@type\":\"WebPage\",\"@id\":\"https:\\\/\\\/www.arialoil.com\\\/de\\\/unternehmen\\\/\",\"url\":\"https:\\\/\\\/www.arialoil.com\\\/de\\\/unternehmen\\\/\",\"name\":\"Unternehmen - ARIAL OIL\",\"isPartOf\":{\"@id\":\"https:\\\/\\\/www.arialoil.com\\\/#website\"},\"datePublished\":\"2020-11-09T11:13:02+00:00\",\"dateModified\":\"2020-11-21T12:01:28+00:00\",\"breadcrumb\":{\"@id\":\"https:\\\/\\\/www.arialoil.com\\\/de\\\/unternehmen\\\/#breadcrumb\"},\"inLanguage\":\"de\",\"potentialAction\":[{\"@type\":\"ReadAction\",\"target\":[\"https:\\\/\\\/www.arialoil.com\\\/de\\\/unternehmen\\\/\"]}]},{\"@type\":\"BreadcrumbList\",\"@id\":\"https:\\\/\\\/www.arialoil.com\\\/de\\\/unternehmen\\\/#breadcrumb\",\"itemListElement\":[{\"@type\":\"ListItem\",\"position\":1,\"name\":\"Home\",\"item\":\"https:\\\/\\\/www.arialoil.com\\\/de\\\/\"},{\"@type\":\"ListItem\",\"position\":2,\"name\":\"Unternehmen\"}]},{\"@type\":\"WebSite\",\"@id\":\"https:\\\/\\\/www.arialoil.com\\\/#website\",\"url\":\"https:\\\/\\\/www.arialoil.com\\\/\",\"name\":\"ARIAL OIL\",\"description\":\"Motor Oil from Germany\",\"publisher\":{\"@id\":\"https:\\\/\\\/www.arialoil.com\\\/#organization\"},\"potentialAction\":[{\"@type\":\"SearchAction\",\"target\":{\"@type\":\"EntryPoint\",\"urlTemplate\":\"https:\\\/\\\/www.arialoil.com\\\/?s={search_term_string}\"},\"query-input\":{\"@type\":\"PropertyValueSpecification\",\"valueRequired\":true,\"valueName\":\"search_term_string\"}}],\"inLanguage\":\"de\"},{\"@type\":\"Organization\",\"@id\":\"https:\\\/\\\/www.arialoil.com\\\/#organization\",\"name\":\"ARIAL OIL\",\"url\":\"https:\\\/\\\/www.arialoil.com\\\/\",\"logo\":{\"@type\":\"ImageObject\",\"inLanguage\":\"de\",\"@id\":\"https:\\\/\\\/www.arialoil.com\\\/#\\\/schema\\\/logo\\\/image\\\/\",\"url\":\"https:\\\/\\\/www.arialoil.com\\\/wp-content\\\/uploads\\\/2020\\\/11\\\/ARIAL-OIL-LOGO.jpg\",\"contentUrl\":\"https:\\\/\\\/www.arialoil.com\\\/wp-content\\\/uploads\\\/2020\\\/11\\\/ARIAL-OIL-LOGO.jpg\",\"width\":500,\"height\":500,\"caption\":\"ARIAL OIL\"},\"image\":{\"@id\":\"https:\\\/\\\/www.arialoil.com\\\/#\\\/schema\\\/logo\\\/image\\\/\"},\"sameAs\":[\"https:\\\/\\\/www.facebook.com\\\/ArialOil\",\"https:\\\/\\\/x.com\\\/ArialOil\",\"https:\\\/\\\/www.linkedin.com\\\/company\\\/arialoil\",\"https:\\\/\\\/www.youtube.com\\\/channel\\\/UCQ6UBUTmZZfS6bpGoWFDOEQ\"]}]}<\/script>\n<!-- \/ Yoast SEO plugin. -->","yoast_head_json":{"title":"Unternehmen - ARIAL OIL","robots":{"index":"index","follow":"follow","max-snippet":"max-snippet:-1","max-image-preview":"max-image-preview:large","max-video-preview":"max-video-preview:-1"},"canonical":"https:\/\/www.arialoil.com\/de\/unternehmen\/","og_locale":"de_DE","og_type":"article","og_title":"Unternehmen - ARIAL OIL","og_url":"https:\/\/www.arialoil.com\/de\/unternehmen\/","og_site_name":"ARIAL OIL","article_publisher":"https:\/\/www.facebook.com\/ArialOil","article_modified_time":"2020-11-21T12:01:28+00:00","twitter_card":"summary_large_image","twitter_site":"@ArialOil","twitter_misc":{"Gesch\u00e4tzte Lesezeit":"3\u00a0Minuten"},"schema":{"@context":"https:\/\/schema.org","@graph":[{"@type":"WebPage","@id":"https:\/\/www.arialoil.com\/de\/unternehmen\/","url":"https:\/\/www.arialoil.com\/de\/unternehmen\/","name":"Unternehmen - ARIAL OIL","isPartOf":{"@id":"https:\/\/www.arialoil.com\/#website"},"datePublished":"2020-11-09T11:13:02+00:00","dateModified":"2020-11-21T12:01:28+00:00","breadcrumb":{"@id":"https:\/\/www.arialoil.com\/de\/unternehmen\/#breadcrumb"},"inLanguage":"de","potentialAction":[{"@type":"ReadAction","target":["https:\/\/www.arialoil.com\/de\/unternehmen\/"]}]},{"@type":"BreadcrumbList","@id":"https:\/\/www.arialoil.com\/de\/unternehmen\/#breadcrumb","itemListElement":[{"@type":"ListItem","position":1,"name":"Home","item":"https:\/\/www.arialoil.com\/de\/"},{"@type":"ListItem","position":2,"name":"Unternehmen"}]},{"@type":"WebSite","@id":"https:\/\/www.arialoil.com\/#website","url":"https:\/\/www.arialoil.com\/","name":"ARIAL OIL","description":"Motor Oil from Germany","publisher":{"@id":"https:\/\/www.arialoil.com\/#organization"},"potentialAction":[{"@type":"SearchAction","target":{"@type":"EntryPoint","urlTemplate":"https:\/\/www.arialoil.com\/?s={search_term_string}"},"query-input":{"@type":"PropertyValueSpecification","valueRequired":true,"valueName":"search_term_string"}}],"inLanguage":"de"},{"@type":"Organization","@id":"https:\/\/www.arialoil.com\/#organization","name":"ARIAL OIL","url":"https:\/\/www.arialoil.com\/","logo":{"@type":"ImageObject","inLanguage":"de","@id":"https:\/\/www.arialoil.com\/#\/schema\/logo\/image\/","url":"https:\/\/www.arialoil.com\/wp-content\/uploads\/2020\/11\/ARIAL-OIL-LOGO.jpg","contentUrl":"https:\/\/www.arialoil.com\/wp-content\/uploads\/2020\/11\/ARIAL-OIL-LOGO.jpg","width":500,"height":500,"caption":"ARIAL OIL"},"image":{"@id":"https:\/\/www.arialoil.com\/#\/schema\/logo\/image\/"},"sameAs":["https:\/\/www.facebook.com\/ArialOil","https:\/\/x.com\/ArialOil","https:\/\/www.linkedin.com\/company\/arialoil","https:\/\/www.youtube.com\/channel\/UCQ6UBUTmZZfS6bpGoWFDOEQ"]}]}},"_links":{"self":[{"href":"https:\/\/www.arialoil.com\/de\/wp-json\/wp\/v2\/pages\/822","targetHints":{"allow":["GET"]}}],"collection":[{"href":"https:\/\/www.arialoil.com\/de\/wp-json\/wp\/v2\/pages"}],"about":[{"href":"https:\/\/www.arialoil.com\/de\/wp-json\/wp\/v2\/types\/page"}],"author":[{"embeddable":true,"href":"https:\/\/www.arialoil.com\/de\/wp-json\/wp\/v2\/users\/2"}],"replies":[{"embeddable":true,"href":"https:\/\/www.arialoil.com\/de\/wp-json\/wp\/v2\/comments?post=822"}],"version-history":[{"count":14,"href":"https:\/\/www.arialoil.com\/de\/wp-json\/wp\/v2\/pages\/822\/revisions"}],"predecessor-version":[{"id":1173,"href":"https:\/\/www.arialoil.com\/de\/wp-json\/wp\/v2\/pages\/822\/revisions\/1173"}],"wp:attachment":[{"href":"https:\/\/www.arialoil.com\/de\/wp-json\/wp\/v2\/media?parent=822"}],"curies":[{"name":"wp","href":"https:\/\/api.w.org\/{rel}","templated":true}]}}